{"id":3257,"date":"2022-08-10T00:35:36","date_gmt":"2022-08-10T00:35:36","guid":{"rendered":"https:\/\/bosworthinstitute.com\/copia\/?page_id=3257"},"modified":"2022-08-19T01:33:00","modified_gmt":"2022-08-19T01:33:00","slug":"tecnico-en-rayos-x","status":"publish","type":"page","link":"http:\/\/bosworthinstitute.com\/copia\/tecnico-en-rayos-x\/","title":{"rendered":"t\u00e9cnico en rayos x"},"content":{"rendered":"\t\t<div data-elementor-type=\"wp-page\" data-elementor-id=\"3257\" class=\"elementor elementor-3257\">\n\t\t\t\t\t\t\t\t\t<section class=\"elementor-section elementor-top-section elementor-element elementor-element-6337a1e3 elementor-section-height-min-height elementor-section-stretched elementor-section-boxed elementor-section-height-default elementor-section-items-middle\" data-id=\"6337a1e3\" data-element_type=\"section\" data-settings=\"{&quot;background_background&quot;:&quot;classic&quot;,&quot;stretch_section&quot;:&quot;section-stretched&quot;}\">\n\t\t\t\t\t\t\t<div class=\"elementor-background-overlay\"><\/div>\n\t\t\t\t\t\t\t<div class=\"elementor-container elementor-column-gap-default\">\n\t\t\t\t\t<div class=\"elementor-column elementor-col-100 elementor-top-column elementor-element elementor-element-796b605f\" data-id=\"796b605f\" data-element_type=\"column\">\n\t\t\t<div class=\"elementor-widget-wrap elementor-element-populated\">\n\t\t\t\t\t\t\t\t<section class=\"elementor-section elementor-inner-section elementor-element elementor-element-b56d02f elementor-section-boxed elementor-section-height-default elementor-section-height-default\" data-id=\"b56d02f\" data-element_type=\"section\">\n\t\t\t\t\t\t<div class=\"elementor-container elementor-column-gap-default\">\n\t\t\t\t\t<div class=\"elementor-column elementor-col-50 elementor-inner-column elementor-element elementor-element-29e0c92f\" data-id=\"29e0c92f\" data-element_type=\"column\">\n\t\t\t<div class=\"elementor-widget-wrap elementor-element-populated\">\n\t\t\t\t\t\t\t\t<div class=\"elementor-element elementor-element-431aa377 elementor-widget elementor-widget-elementskit-heading\" data-id=\"431aa377\" data-element_type=\"widget\" data-widget_type=\"elementskit-heading.default\">\n\t\t\t\t<div class=\"elementor-widget-container\">\n\t\t\t<div class=\"ekit-wid-con\" ><div class=\"ekit-heading elementskit-section-title-wraper text_left   ekit_heading_tablet-   ekit_heading_mobile-\"><h1 class=\"ekit-heading--title elementskit-section-title \">\n\t\t\t\t\tT\u00e9cnico en rayos x\n\t\t\t\t<\/h1>\t\t\t\t<div class='ekit-heading__description'>\n\t\t\t\t\t<p>Agendar una cita con\u00a0<strong>Bosworth Institute<\/strong>\u00a0te despejar\u00e1 todas las dudas posibles y te guiar\u00e1 de la mejor manera para llevar a cabo el objetivo de ejercer en Canad\u00e1.<\/p>\n\t\t\t\t<\/div>\n\t\t\t<\/div><\/div>\t\t<\/div>\n\t\t\t\t<\/div>\n\t\t\t\t<div class=\"elementor-element elementor-element-59382fb7 elementor-widget elementor-widget-elementskit-button\" data-id=\"59382fb7\" data-element_type=\"widget\" data-widget_type=\"elementskit-button.default\">\n\t\t\t\t<div class=\"elementor-widget-container\">\n\t\t\t<div class=\"ekit-wid-con\" >\t\t<div class=\"ekit-btn-wraper\">\n\t\t\t\t\t\t\t<a href=\"https:\/\/bosworthinstitute.com\/copia\/agenda-una-cita\/\" class=\"elementskit-btn  whitespace--normal\" >\n\t\t\t\t\tAgenda tu cita\n\t\t\t\t\t<i aria-hidden=\"true\" class=\"fasicon icon-arrow-right\"><\/i>\n\t\t\t\t<\/a>\n\t\t\t\t\t\t<\/div>\n        <\/div>\t\t<\/div>\n\t\t\t\t<\/div>\n\t\t\t\t\t<\/div>\n\t\t<\/div>\n\t\t\t\t<div class=\"elementor-column elementor-col-50 elementor-inner-column elementor-element elementor-element-ae8cc93\" data-id=\"ae8cc93\" data-element_type=\"column\">\n\t\t\t<div class=\"elementor-widget-wrap\">\n\t\t\t\t\t\t\t\t\t<\/div>\n\t\t<\/div>\n\t\t\t\t\t\t\t<\/div>\n\t\t<\/section>\n\t\t\t\t\t<\/div>\n\t\t<\/div>\n\t\t\t\t\t\t\t<\/div>\n\t\t<\/section>\n\t\t\t\t<section class=\"elementor-section elementor-top-section elementor-element elementor-element-7266fee7 elementor-section-content-middle elementor-section-height-min-height elementor-section-stretched elementor-section-boxed elementor-section-height-default elementor-section-items-middle\" data-id=\"7266fee7\" data-element_type=\"section\" data-settings=\"{&quot;background_background&quot;:&quot;classic&quot;,&quot;stretch_section&quot;:&quot;section-stretched&quot;}\">\n\t\t\t\t\t\t\t<div class=\"elementor-background-overlay\"><\/div>\n\t\t\t\t\t\t\t<div class=\"elementor-container elementor-column-gap-no\">\n\t\t\t\t\t<div class=\"elementor-column elementor-col-100 elementor-top-column elementor-element elementor-element-475aff19\" data-id=\"475aff19\" data-element_type=\"column\">\n\t\t\t<div class=\"elementor-widget-wrap elementor-element-populated\">\n\t\t\t\t\t\t\t\t<div class=\"elementor-element elementor-element-19215b56 elementor-widget elementor-widget-heading\" data-id=\"19215b56\" data-element_type=\"widget\" data-widget_type=\"heading.default\">\n\t\t\t\t<div class=\"elementor-widget-container\">\n\t\t\t<style>\/*! elementor - v3.7.1 - 14-08-2022 *\/\n.elementor-heading-title{padding:0;margin:0;line-height:1}.elementor-widget-heading .elementor-heading-title[class*=elementor-size-]>a{color:inherit;font-size:inherit;line-height:inherit}.elementor-widget-heading .elementor-heading-title.elementor-size-small{font-size:15px}.elementor-widget-heading .elementor-heading-title.elementor-size-medium{font-size:19px}.elementor-widget-heading .elementor-heading-title.elementor-size-large{font-size:29px}.elementor-widget-heading .elementor-heading-title.elementor-size-xl{font-size:39px}.elementor-widget-heading .elementor-heading-title.elementor-size-xxl{font-size:59px}<\/style><h2 class=\"elementor-heading-title elementor-size-default\">Graduados en Canad\u00e1 o en el extranjero<\/h2>\t\t<\/div>\n\t\t\t\t<\/div>\n\t\t\t\t<div class=\"elementor-element elementor-element-136b2303 elementor-widget elementor-widget-text-editor\" data-id=\"136b2303\" data-element_type=\"widget\" data-widget_type=\"text-editor.default\">\n\t\t\t\t<div class=\"elementor-widget-container\">\n\t\t\t<style>\/*! elementor - v3.7.1 - 14-08-2022 *\/\n.elementor-widget-text-editor.elementor-drop-cap-view-stacked .elementor-drop-cap{background-color:#818a91;color:#fff}.elementor-widget-text-editor.elementor-drop-cap-view-framed .elementor-drop-cap{color:#818a91;border:3px solid;background-color:transparent}.elementor-widget-text-editor:not(.elementor-drop-cap-view-default) .elementor-drop-cap{margin-top:8px}.elementor-widget-text-editor:not(.elementor-drop-cap-view-default) .elementor-drop-cap-letter{width:1em;height:1em}.elementor-widget-text-editor .elementor-drop-cap{float:left;text-align:center;line-height:1;font-size:50px}.elementor-widget-text-editor .elementor-drop-cap-letter{display:inline-block}<\/style>\t\t\t\t<p>La Asociaci\u00f3n Canadiense de Tecn\u00f3logos en Radiaci\u00f3n M\u00e9dica o\u00a0<strong>CAMRT<\/strong>\u00a0(Canadian Association of Medical Radiation Technologists) es el organismo certificador y asociaci\u00f3n profesional para las disciplinas: tecnolog\u00eda radiol\u00f3gica, tecnolog\u00eda en medicina nuclear, resonancia magn\u00e9tica y radioterapia. En Canad\u00e1, cada una de estas disciplinas es una profesi\u00f3n separada.<\/p><p>Los t\u00e9cnicos radi\u00f3logos en Canad\u00e1 son llamados\u00a0<strong>IEMRTs<\/strong>\u00a0(Internationally Educated Medical Radiation Technologists). Los cuales deben aprobar inicialmente una evaluaci\u00f3n de documentos y de conocimientos por el CAMRT.<\/p><p>En general, el proceso para certificarse como T\u00e9cnico Radi\u00f3logo en Canad\u00e1 son los siguientes:<\/p><ul><li>Formulario de solicitud de evaluaci\u00f3n completo en el website:\u00a0<b>www.camrt.ca<\/b><\/li><li>Certificado de tus estudios y cursos que has realizado\/ descripci\u00f3n de los cursos.<\/li><li>Aprobaci\u00f3n del examen de Ingl\u00e9s (TOELF : m\u00ednimo 73, IELTS: m\u00ednimo 6).<\/li><li>Carta de referencia confirmando empleo actual y previos.<\/li><li>Pruebas de la pr\u00e1ctica cl\u00ednica en tu \u00e1rea.<\/li><li>Evidencia de inscripci\u00f3n en otra asociaci\u00f3n de t\u00e9cnicos radi\u00f3logos en tu pa\u00eds si estuviste afiliado.<\/li><li>Una carta de referencia que apoya el buen car\u00e1cter, por una persona que te conozca de al menos dos a\u00f1os, con todos los datos y que est\u00e9 disponible para que le llamen.<\/li><li>Una vez que se cuenta con una evaluaci\u00f3n positiva de las credenciales y dem\u00e1s documentos, entonces se podr\u00e1 solicitar los ex\u00e1menes de conocimientos, al aprobarse ya se podr\u00e1 contar con la Licencia para ejercer como IEMRT.<\/li><\/ul><p>Este proceso puede durar de 6 a 12 meses o incluso m\u00e1s tiempo, por lo que es importante conocer de cerca los requisitos y cu\u00e1les pueden llevarse a cabo desde donde estas para ahorrar tiempo y costos.<\/p>\t\t\t\t\t\t<\/div>\n\t\t\t\t<\/div>\n\t\t\t\t\t<\/div>\n\t\t<\/div>\n\t\t\t\t\t\t\t<\/div>\n\t\t<\/section>\n\t\t\t\t<section class=\"elementor-section elementor-top-section elementor-element elementor-element-c1df6b0 elementor-section-content-middle elementor-section-full_width elementor-section-stretched elementor-section-height-default elementor-section-height-default elementor-invisible\" data-id=\"c1df6b0\" data-element_type=\"section\" data-settings=\"{&quot;background_background&quot;:&quot;classic&quot;,&quot;stretch_section&quot;:&quot;section-stretched&quot;,&quot;animation&quot;:&quot;fadeInLeft&quot;}\">\n\t\t\t\t\t\t\t<div class=\"elementor-background-overlay\"><\/div>\n\t\t\t\t\t\t\t<div class=\"elementor-container elementor-column-gap-no\">\n\t\t\t\t\t<div class=\"elementor-column elementor-col-50 elementor-top-column elementor-element elementor-element-b836086\" data-id=\"b836086\" data-element_type=\"column\" data-settings=\"{&quot;background_background&quot;:&quot;classic&quot;}\">\n\t\t\t<div class=\"elementor-widget-wrap elementor-element-populated\">\n\t\t\t\t\t<div class=\"elementor-background-overlay\"><\/div>\n\t\t\t\t\t\t\t\t<div class=\"elementor-element elementor-element-51fa765 elementor-widget elementor-widget-spacer\" data-id=\"51fa765\" data-element_type=\"widget\" data-widget_type=\"spacer.default\">\n\t\t\t\t<div class=\"elementor-widget-container\">\n\t\t\t<style>\/*! elementor - v3.7.1 - 14-08-2022 *\/\n.elementor-column .elementor-spacer-inner{height:var(--spacer-size)}.e-container{--container-widget-width:100%}.e-container>.elementor-widget-spacer{width:var(--container-widget-width,var(--spacer-size));-ms-flex-item-align:stretch;align-self:stretch;-ms-flex-negative:0;flex-shrink:0}.e-container>.elementor-widget-spacer>.elementor-widget-container,.e-container>.elementor-widget-spacer>.elementor-widget-container>.elementor-spacer{height:100%}.e-container>.elementor-widget-spacer>.elementor-widget-container>.elementor-spacer>.elementor-spacer-inner{height:var(--container-widget-height,var(--spacer-size))}<\/style>\t\t<div class=\"elementor-spacer\">\n\t\t\t<div class=\"elementor-spacer-inner\"><\/div>\n\t\t<\/div>\n\t\t\t\t<\/div>\n\t\t\t\t<\/div>\n\t\t\t\t\t<\/div>\n\t\t<\/div>\n\t\t\t\t<div class=\"elementor-column elementor-col-50 elementor-top-column elementor-element elementor-element-19c951e\" data-id=\"19c951e\" data-element_type=\"column\" data-settings=\"{&quot;background_background&quot;:&quot;classic&quot;}\">\n\t\t\t<div class=\"elementor-widget-wrap elementor-element-populated\">\n\t\t\t\t\t\t\t\t<div class=\"elementor-element elementor-element-9c79f86 elementor-widget elementor-widget-heading\" data-id=\"9c79f86\" data-element_type=\"widget\" data-widget_type=\"heading.default\">\n\t\t\t\t<div class=\"elementor-widget-container\">\n\t\t\t<h3 class=\"elementor-heading-title elementor-size-default\">El salario de un T\u00e9cnico Radi\u00f3logo en Canad\u00e1 es de:\n$32 d\u00f3lares.<\/h3>\t\t<\/div>\n\t\t\t\t<\/div>\n\t\t\t\t\t<\/div>\n\t\t<\/div>\n\t\t\t\t\t\t\t<\/div>\n\t\t<\/section>\n\t\t\t\t<section class=\"elementor-section elementor-top-section elementor-element elementor-element-56844136 elementor-section-height-min-height elementor-section-stretched elementor-section-boxed elementor-section-height-default elementor-section-items-middle\" data-id=\"56844136\" data-element_type=\"section\" id=\"xs_accor_box_shadow_round\" data-settings=\"{&quot;background_background&quot;:&quot;classic&quot;,&quot;stretch_section&quot;:&quot;section-stretched&quot;}\">\n\t\t\t\t\t\t<div class=\"elementor-container elementor-column-gap-default\">\n\t\t\t\t\t<div class=\"elementor-column elementor-col-100 elementor-top-column elementor-element elementor-element-2b9a141c\" data-id=\"2b9a141c\" data-element_type=\"column\">\n\t\t\t<div class=\"elementor-widget-wrap elementor-element-populated\">\n\t\t\t\t\t\t\t\t<div class=\"elementor-element elementor-element-1e2a8481 elementor-widget elementor-widget-heading\" data-id=\"1e2a8481\" data-element_type=\"widget\" data-widget_type=\"heading.default\">\n\t\t\t\t<div class=\"elementor-widget-container\">\n\t\t\t<h2 class=\"elementor-heading-title elementor-size-default\">Para vivir, trabajar o estudiar en Canad\u00e1, debe presentar una solicitud para obtener una visa de trabajo, estudio o residencia y contar la documentaci\u00f3n adecuada antes de llegar a Canad\u00e1. Para m\u00e1s informaci\u00f3n, visita: canada.ca o consulta a un Asesor de Inmigraci\u00f3n canadiense certificado.<\/h2>\t\t<\/div>\n\t\t\t\t<\/div>\n\t\t\t\t\t<\/div>\n\t\t<\/div>\n\t\t\t\t\t\t\t<\/div>\n\t\t<\/section>\n\t\t\t\t\t\t\t<\/div>\n\t\t","protected":false},"excerpt":{"rendered":"<p>T\u00e9cnico en rayos x Agendar una cita con\u00a0Bosworth Institute\u00a0te despejar\u00e1 todas las dudas posibles y te guiar\u00e1 de la mejor manera para llevar a cabo el objetivo de ejercer en Canad\u00e1. Agenda tu cita Graduados en Canad\u00e1 o en el extranjero La Asociaci\u00f3n Canadiense de Tecn\u00f3logos en Radiaci\u00f3n M\u00e9dica o\u00a0CAMRT\u00a0(Canadian Association of Medical Radiation Technologists) [&hellip;]<\/p>\n","protected":false},"author":7,"featured_media":0,"parent":0,"menu_order":0,"comment_status":"closed","ping_status":"closed","template":"elementor_header_footer","meta":{"_et_pb_use_builder":"","_et_pb_old_content":"","_et_gb_content_width":"","_joinchat":[],"footnotes":""},"class_list":["post-3257","page","type-page","status-publish","hentry"],"_links":{"self":[{"href":"http:\/\/bosworthinstitute.com\/copia\/wp-json\/wp\/v2\/pages\/3257"}],"collection":[{"href":"http:\/\/bosworthinstitute.com\/copia\/wp-json\/wp\/v2\/pages"}],"about":[{"href":"http:\/\/bosworthinstitute.com\/copia\/wp-json\/wp\/v2\/types\/page"}],"author":[{"embeddable":true,"href":"http:\/\/bosworthinstitute.com\/copia\/wp-json\/wp\/v2\/users\/7"}],"replies":[{"embeddable":true,"href":"http:\/\/bosworthinstitute.com\/copia\/wp-json\/wp\/v2\/comments?post=3257"}],"version-history":[{"count":21,"href":"http:\/\/bosworthinstitute.com\/copia\/wp-json\/wp\/v2\/pages\/3257\/revisions"}],"predecessor-version":[{"id":4580,"href":"http:\/\/bosworthinstitute.com\/copia\/wp-json\/wp\/v2\/pages\/3257\/revisions\/4580"}],"wp:attachment":[{"href":"http:\/\/bosworthinstitute.com\/copia\/wp-json\/wp\/v2\/media?parent=3257"}],"curies":[{"name":"wp","href":"https:\/\/api.w.org\/{rel}","templated":true}]}}