{"id":3265,"date":"2022-08-10T00:48:30","date_gmt":"2022-08-10T00:48:30","guid":{"rendered":"https:\/\/bosworthinstitute.com\/copia\/?page_id=3265"},"modified":"2022-08-18T23:55:33","modified_gmt":"2022-08-18T23:55:33","slug":"odontologia-2","status":"publish","type":"page","link":"http:\/\/bosworthinstitute.com\/copia\/odontologia-2\/","title":{"rendered":"odontolog\u00eda"},"content":{"rendered":"\t\t<div data-elementor-type=\"wp-page\" data-elementor-id=\"3265\" class=\"elementor elementor-3265\">\n\t\t\t\t\t\t\t\t\t<section class=\"elementor-section elementor-top-section elementor-element elementor-element-58d4a81e elementor-section-height-min-height elementor-section-stretched elementor-section-boxed elementor-section-height-default elementor-section-items-middle\" data-id=\"58d4a81e\" data-element_type=\"section\" data-settings=\"{&quot;background_background&quot;:&quot;classic&quot;,&quot;stretch_section&quot;:&quot;section-stretched&quot;}\">\n\t\t\t\t\t\t\t<div class=\"elementor-background-overlay\"><\/div>\n\t\t\t\t\t\t\t<div class=\"elementor-container elementor-column-gap-default\">\n\t\t\t\t\t<div class=\"elementor-column elementor-col-100 elementor-top-column elementor-element elementor-element-7b65ee4c\" data-id=\"7b65ee4c\" data-element_type=\"column\">\n\t\t\t<div class=\"elementor-widget-wrap elementor-element-populated\">\n\t\t\t\t\t\t\t\t<section class=\"elementor-section elementor-inner-section elementor-element elementor-element-348e9f1c elementor-section-boxed elementor-section-height-default elementor-section-height-default\" data-id=\"348e9f1c\" data-element_type=\"section\">\n\t\t\t\t\t\t<div class=\"elementor-container elementor-column-gap-default\">\n\t\t\t\t\t<div class=\"elementor-column elementor-col-50 elementor-inner-column elementor-element elementor-element-52211eda\" data-id=\"52211eda\" data-element_type=\"column\">\n\t\t\t<div class=\"elementor-widget-wrap elementor-element-populated\">\n\t\t\t\t\t\t\t\t<div class=\"elementor-element elementor-element-412d673 elementor-widget elementor-widget-elementskit-heading\" data-id=\"412d673\" data-element_type=\"widget\" data-widget_type=\"elementskit-heading.default\">\n\t\t\t\t<div class=\"elementor-widget-container\">\n\t\t\t<div class=\"ekit-wid-con\" ><div class=\"ekit-heading elementskit-section-title-wraper text_left   ekit_heading_tablet-   ekit_heading_mobile-\"><h1 class=\"ekit-heading--title elementskit-section-title \">\n\t\t\t\t\tOdontolog\u00eda\n\t\t\t\t<\/h1>\t\t\t\t<div class='ekit-heading__description'>\n\t\t\t\t\t<p>Si deseas asesoramiento personalizado contamos con expertos en el area para que puedas ejercer en Canad\u00e1<\/p>\n\t\t\t\t<\/div>\n\t\t\t<\/div><\/div>\t\t<\/div>\n\t\t\t\t<\/div>\n\t\t\t\t<div class=\"elementor-element elementor-element-60fafeee elementor-widget elementor-widget-elementskit-button\" data-id=\"60fafeee\" data-element_type=\"widget\" data-widget_type=\"elementskit-button.default\">\n\t\t\t\t<div class=\"elementor-widget-container\">\n\t\t\t<div class=\"ekit-wid-con\" >\t\t<div class=\"ekit-btn-wraper\">\n\t\t\t\t\t\t\t<a href=\"https:\/\/bosworthinstitute.com\/copia\/agenda-una-cita\/\" class=\"elementskit-btn  whitespace--normal\" >\n\t\t\t\t\tAgenda tu cita\n\t\t\t\t\t<i aria-hidden=\"true\" class=\"fasicon icon-arrow-right\"><\/i>\n\t\t\t\t<\/a>\n\t\t\t\t\t\t<\/div>\n        <\/div>\t\t<\/div>\n\t\t\t\t<\/div>\n\t\t\t\t\t<\/div>\n\t\t<\/div>\n\t\t\t\t<div class=\"elementor-column elementor-col-50 elementor-inner-column elementor-element elementor-element-4fe08d14\" data-id=\"4fe08d14\" data-element_type=\"column\">\n\t\t\t<div class=\"elementor-widget-wrap\">\n\t\t\t\t\t\t\t\t\t<\/div>\n\t\t<\/div>\n\t\t\t\t\t\t\t<\/div>\n\t\t<\/section>\n\t\t\t\t\t<\/div>\n\t\t<\/div>\n\t\t\t\t\t\t\t<\/div>\n\t\t<\/section>\n\t\t\t\t<section class=\"elementor-section elementor-top-section elementor-element elementor-element-193ed95d elementor-section-content-middle elementor-section-height-min-height elementor-section-stretched elementor-section-boxed elementor-section-height-default elementor-section-items-middle\" data-id=\"193ed95d\" data-element_type=\"section\" data-settings=\"{&quot;background_background&quot;:&quot;classic&quot;,&quot;stretch_section&quot;:&quot;section-stretched&quot;}\">\n\t\t\t\t\t\t\t<div class=\"elementor-background-overlay\"><\/div>\n\t\t\t\t\t\t\t<div class=\"elementor-container elementor-column-gap-no\">\n\t\t\t\t\t<div class=\"elementor-column elementor-col-100 elementor-top-column elementor-element elementor-element-39de4a64\" data-id=\"39de4a64\" data-element_type=\"column\">\n\t\t\t<div class=\"elementor-widget-wrap elementor-element-populated\">\n\t\t\t\t\t\t\t\t<section class=\"elementor-section elementor-inner-section elementor-element elementor-element-66ad347d elementor-section-boxed elementor-section-height-default elementor-section-height-default\" data-id=\"66ad347d\" data-element_type=\"section\">\n\t\t\t\t\t\t<div class=\"elementor-container elementor-column-gap-default\">\n\t\t\t\t\t<div class=\"elementor-column elementor-col-50 elementor-inner-column elementor-element elementor-element-27d4b6aa\" data-id=\"27d4b6aa\" data-element_type=\"column\">\n\t\t\t<div class=\"elementor-widget-wrap elementor-element-populated\">\n\t\t\t\t\t\t\t\t<div class=\"elementor-element elementor-element-5163e0a7 elementor-widget elementor-widget-elementskit-heading\" data-id=\"5163e0a7\" data-element_type=\"widget\" data-widget_type=\"elementskit-heading.default\">\n\t\t\t\t<div class=\"elementor-widget-container\">\n\t\t\t<div class=\"ekit-wid-con\" ><div class=\"ekit-heading elementskit-section-title-wraper text_left   ekit_heading_tablet-   ekit_heading_mobile-\"><h2 class=\"ekit-heading--title elementskit-section-title \">\n\t\t\t\t\tEjerce Odontolog\u00eda en Canad\u00e1\n\t\t\t\t<\/h2><\/div><\/div>\t\t<\/div>\n\t\t\t\t<\/div>\n\t\t\t\t<div class=\"elementor-element elementor-element-194c53f2 elementor-widget elementor-widget-text-editor\" data-id=\"194c53f2\" data-element_type=\"widget\" data-widget_type=\"text-editor.default\">\n\t\t\t\t<div class=\"elementor-widget-container\">\n\t\t\t<style>\/*! elementor - v3.7.1 - 14-08-2022 *\/\n.elementor-widget-text-editor.elementor-drop-cap-view-stacked .elementor-drop-cap{background-color:#818a91;color:#fff}.elementor-widget-text-editor.elementor-drop-cap-view-framed .elementor-drop-cap{color:#818a91;border:3px solid;background-color:transparent}.elementor-widget-text-editor:not(.elementor-drop-cap-view-default) .elementor-drop-cap{margin-top:8px}.elementor-widget-text-editor:not(.elementor-drop-cap-view-default) .elementor-drop-cap-letter{width:1em;height:1em}.elementor-widget-text-editor .elementor-drop-cap{float:left;text-align:center;line-height:1;font-size:50px}.elementor-widget-text-editor .elementor-drop-cap-letter{display:inline-block}<\/style>\t\t\t\t<p>En Canad\u00e1, la Odontolog\u00eda es una profesi\u00f3n regulada que requiere que sus profesionales obtengan una certificaci\u00f3n y una licencia antes de que puedan aplicar para el empleo. La asociaci\u00f3n\u00a0<strong>NDEB<\/strong>, por sus siglas en ingl\u00e9s (National Dental Examining Board) supervisa el proceso de certificaci\u00f3n de dentistas generales graduados canadienses y de los graduados fuera de Canad\u00e1. Los dentistas graduados en pa\u00edses como Australia, EUA, Nueva Zelanda e Irlanda cuentan con el reconocimiento canadiense. Aquellos graduados del resto de los pa\u00edses se consideran egresado de un programa No acreditado, para ellos existen dos rutas para certificar su profesi\u00f3n en Canad\u00e1:<\/p>\t\t\t\t\t\t<\/div>\n\t\t\t\t<\/div>\n\t\t\t\t\t<\/div>\n\t\t<\/div>\n\t\t\t\t<div class=\"elementor-column elementor-col-50 elementor-inner-column elementor-element elementor-element-2ff8eb0d\" data-id=\"2ff8eb0d\" data-element_type=\"column\">\n\t\t\t<div class=\"elementor-widget-wrap elementor-element-populated\">\n\t\t\t\t\t\t\t\t<div class=\"elementor-element elementor-element-184fe4a elementor-widget elementor-widget-elementskit-accordion\" data-id=\"184fe4a\" data-element_type=\"widget\" data-widget_type=\"elementskit-accordion.default\">\n\t\t\t\t<div class=\"elementor-widget-container\">\n\t\t\t<div class=\"ekit-wid-con\" >\n\n        <div class=\"elementskit-accordion accoedion-primary\" id=\"accordion-69d54214029e5\">\n\n            \n                <div class=\"elementskit-card\">\n                    <div class=\"elementskit-card-header\" id=\"primaryHeading-0-184fe4a\">\n                        <a href=\"#collapse-bc2283069d54214029e5\" class=\"ekit-accordion--toggler elementskit-btn-link collapsed\" data-ekit-toggle=\"collapse\" data-target=\"#Collapse-bc2283069d54214029e5\" aria-expanded=\"false\" aria-controls=\"Collapse-bc2283069d54214029e5\">\n                            \n                            <span class=\"ekit-accordion-title\">Completar de manera exitosa de un programa acreditado de estudios de revalidaci\u00f3n para Odontolog\u00eda.<\/span>\n\n                            \n                                <div class=\"ekit_accordion_icon_group\">\n                                    <div class=\"ekit_accordion_normal_icon\">\n                                        <!-- Normal Icon -->\n                                                                                        <i class=\"icon icon-arrow-down-circle icon-open icon-right\" aria-hidden=\"true\"><\/i>\n                                                                                    <\/div>\n\n                                    <div class=\"ekit_accordion_active_icon\">\n                                        <!-- Active Icon -->\n                                                                                        <i class=\"icon icon-arrow-up-circle icon-closed icon-right\" aria-hidden=\"true\"><\/i>\n                                                                                    <\/div>\n\n                                <\/div>\n\n                            \n                                                    <\/a>\n                    <\/div>\n\n                    <div id=\"Collapse-bc2283069d54214029e5\" class=\" collapse\" aria-labelledby=\"primaryHeading-0-184fe4a\" data-parent=\"#accordion-69d54214029e5\">\n\n                        <div class=\"elementskit-card-body ekit-accordion--content\">\n                            <p>Algunas Facultades de Odontolog\u00eda de Canad\u00e1 ofrecen un programa de estudios de tiempo completo por dos a\u00f1os, dise\u00f1ado para familiarizar a los graduados internacionales con la odontolog\u00eda y la apropiada pr\u00e1ctica dental en Canad\u00e1. Al completar con \u00e9xito uno de estos programas, los Odont\u00f3logos graduados extranjeros son elegibles para realizar los ex\u00e1menes de conocimientos escrito y pr\u00e1ctico. Una vez completados todos estos pasos, el Odont\u00f3logo puede registrar su licencia para ejercer dentro de la provincia de Canad\u00e1 donde vive o pretende establecerse, accediendo entonces a las vacantes de empleo o empezando su pr\u00e1ctica privada.<\/p>                        <\/div>\n\n                    <\/div>\n\n                <\/div><!-- .elementskit-card END -->\n\n                \n                <div class=\"elementskit-card\">\n                    <div class=\"elementskit-card-header\" id=\"primaryHeading-1-184fe4a\">\n                        <a href=\"#collapse-b8d625569d54214029e5\" class=\"ekit-accordion--toggler elementskit-btn-link collapsed\" data-ekit-toggle=\"collapse\" data-target=\"#Collapse-b8d625569d54214029e5\" aria-expanded=\"false\" aria-controls=\"Collapse-b8d625569d54214029e5\">\n                            \n                            <span class=\"ekit-accordion-title\">Certificaci\u00f3n completa de la carrera de Odontolog\u00eda a trav\u00e9s de ex\u00e1menes de revalidaci\u00f3n.<\/span>\n\n                            \n                                <div class=\"ekit_accordion_icon_group\">\n                                    <div class=\"ekit_accordion_normal_icon\">\n                                        <!-- Normal Icon -->\n                                                                                        <i class=\"icon icon-arrow-down-circle icon-open icon-right\" aria-hidden=\"true\"><\/i>\n                                                                                    <\/div>\n\n                                    <div class=\"ekit_accordion_active_icon\">\n                                        <!-- Active Icon -->\n                                                                                        <i class=\"icon icon-arrow-up-circle icon-closed icon-right\" aria-hidden=\"true\"><\/i>\n                                                                                    <\/div>\n\n                                <\/div>\n\n                            \n                                                    <\/a>\n                    <\/div>\n\n                    <div id=\"Collapse-b8d625569d54214029e5\" class=\" collapse\" aria-labelledby=\"primaryHeading-1-184fe4a\" data-parent=\"#accordion-69d54214029e5\">\n\n                        <div class=\"elementskit-card-body ekit-accordion--content\">\n                            <p>El proceso de equivalencia en esta opci\u00f3n incluye la evaluaci\u00f3n de las credenciales acad\u00e9micas y\u00a0 tres ex\u00e1menes. Dos de ellos pr\u00e1ctico-cl\u00ednicos y uno escrito.<\/p><p>En cualquiera de las dos rutas el proceso es competitivo, costoso, requiere de tiempo y mucha preparaci\u00f3n, adem\u00e1s de comprobar el dominio del idioma ingl\u00e9s.\u00a0<\/p>                        <\/div>\n\n                    <\/div>\n\n                <\/div><!-- .elementskit-card END -->\n\n                        <\/div>\n    <\/div>\t\t<\/div>\n\t\t\t\t<\/div>\n\t\t\t\t\t<\/div>\n\t\t<\/div>\n\t\t\t\t\t\t\t<\/div>\n\t\t<\/section>\n\t\t\t\t\t<\/div>\n\t\t<\/div>\n\t\t\t\t\t\t\t<\/div>\n\t\t<\/section>\n\t\t\t\t<section class=\"elementor-section elementor-top-section elementor-element elementor-element-ab4decd elementor-section-content-middle elementor-section-full_width elementor-section-stretched elementor-section-height-default elementor-section-height-default elementor-invisible\" data-id=\"ab4decd\" data-element_type=\"section\" data-settings=\"{&quot;background_background&quot;:&quot;classic&quot;,&quot;stretch_section&quot;:&quot;section-stretched&quot;,&quot;animation&quot;:&quot;fadeInLeft&quot;}\">\n\t\t\t\t\t\t\t<div class=\"elementor-background-overlay\"><\/div>\n\t\t\t\t\t\t\t<div class=\"elementor-container elementor-column-gap-no\">\n\t\t\t\t\t<div class=\"elementor-column elementor-col-50 elementor-top-column elementor-element elementor-element-1fcf402\" data-id=\"1fcf402\" data-element_type=\"column\" data-settings=\"{&quot;background_background&quot;:&quot;classic&quot;}\">\n\t\t\t<div class=\"elementor-widget-wrap elementor-element-populated\">\n\t\t\t\t\t<div class=\"elementor-background-overlay\"><\/div>\n\t\t\t\t\t\t\t\t<div class=\"elementor-element elementor-element-6b8961b elementor-widget elementor-widget-spacer\" data-id=\"6b8961b\" data-element_type=\"widget\" data-widget_type=\"spacer.default\">\n\t\t\t\t<div class=\"elementor-widget-container\">\n\t\t\t<style>\/*! elementor - v3.7.1 - 14-08-2022 *\/\n.elementor-column .elementor-spacer-inner{height:var(--spacer-size)}.e-container{--container-widget-width:100%}.e-container>.elementor-widget-spacer{width:var(--container-widget-width,var(--spacer-size));-ms-flex-item-align:stretch;align-self:stretch;-ms-flex-negative:0;flex-shrink:0}.e-container>.elementor-widget-spacer>.elementor-widget-container,.e-container>.elementor-widget-spacer>.elementor-widget-container>.elementor-spacer{height:100%}.e-container>.elementor-widget-spacer>.elementor-widget-container>.elementor-spacer>.elementor-spacer-inner{height:var(--container-widget-height,var(--spacer-size))}<\/style>\t\t<div class=\"elementor-spacer\">\n\t\t\t<div class=\"elementor-spacer-inner\"><\/div>\n\t\t<\/div>\n\t\t\t\t<\/div>\n\t\t\t\t<\/div>\n\t\t\t\t\t<\/div>\n\t\t<\/div>\n\t\t\t\t<div class=\"elementor-column elementor-col-50 elementor-top-column elementor-element elementor-element-31d3ea8\" data-id=\"31d3ea8\" data-element_type=\"column\" data-settings=\"{&quot;background_background&quot;:&quot;classic&quot;}\">\n\t\t\t<div class=\"elementor-widget-wrap elementor-element-populated\">\n\t\t\t\t\t\t\t\t<div class=\"elementor-element elementor-element-79dc42a elementor-widget elementor-widget-heading\" data-id=\"79dc42a\" data-element_type=\"widget\" data-widget_type=\"heading.default\">\n\t\t\t\t<div class=\"elementor-widget-container\">\n\t\t\t<style>\/*! elementor - v3.7.1 - 14-08-2022 *\/\n.elementor-heading-title{padding:0;margin:0;line-height:1}.elementor-widget-heading .elementor-heading-title[class*=elementor-size-]>a{color:inherit;font-size:inherit;line-height:inherit}.elementor-widget-heading .elementor-heading-title.elementor-size-small{font-size:15px}.elementor-widget-heading .elementor-heading-title.elementor-size-medium{font-size:19px}.elementor-widget-heading .elementor-heading-title.elementor-size-large{font-size:29px}.elementor-widget-heading .elementor-heading-title.elementor-size-xl{font-size:39px}.elementor-widget-heading .elementor-heading-title.elementor-size-xxl{font-size:59px}<\/style><h3 class=\"elementor-heading-title elementor-size-default\">Odontolog\u00eda UNA PROFESI\u00d3N CON FUTURO<\/h3>\t\t<\/div>\n\t\t\t\t<\/div>\n\t\t\t\t<div class=\"elementor-element elementor-element-d77a076 elementor-widget elementor-widget-text-editor\" data-id=\"d77a076\" data-element_type=\"widget\" data-widget_type=\"text-editor.default\">\n\t\t\t\t<div class=\"elementor-widget-container\">\n\t\t\t\t\t\t\t<p>Si requieres asesor\u00eda personalizada en espa\u00f1ol para conocer las mejores opciones para t\u00fa caso, no dudes en agendar una cita online con nosotros.<\/p>\t\t\t\t\t\t<\/div>\n\t\t\t\t<\/div>\n\t\t\t\t\t<\/div>\n\t\t<\/div>\n\t\t\t\t\t\t\t<\/div>\n\t\t<\/section>\n\t\t\t\t<section class=\"elementor-section elementor-top-section elementor-element elementor-element-6189bcd2 elementor-section-height-min-height elementor-section-stretched elementor-section-boxed elementor-section-height-default elementor-section-items-middle\" data-id=\"6189bcd2\" data-element_type=\"section\" id=\"xs_accor_box_shadow_round\" data-settings=\"{&quot;background_background&quot;:&quot;classic&quot;,&quot;stretch_section&quot;:&quot;section-stretched&quot;}\">\n\t\t\t\t\t\t<div class=\"elementor-container elementor-column-gap-default\">\n\t\t\t\t\t<div class=\"elementor-column elementor-col-100 elementor-top-column elementor-element elementor-element-64226b95\" data-id=\"64226b95\" data-element_type=\"column\">\n\t\t\t<div class=\"elementor-widget-wrap elementor-element-populated\">\n\t\t\t\t\t\t\t\t<div class=\"elementor-element elementor-element-29bdda30 elementor-widget elementor-widget-heading\" data-id=\"29bdda30\" data-element_type=\"widget\" data-widget_type=\"heading.default\">\n\t\t\t\t<div class=\"elementor-widget-container\">\n\t\t\t<h2 class=\"elementor-heading-title elementor-size-default\">Para vivir, trabajar o estudiar en Canad\u00e1, debe presentar una solicitud para obtener una visa de trabajo, estudio o residencia y contar la documentaci\u00f3n adecuada antes de llegar a Canad\u00e1. Para m\u00e1s informaci\u00f3n, visita: canada.ca o consulta a un Asesor de Inmigraci\u00f3n canadiense certificado.<\/h2>\t\t<\/div>\n\t\t\t\t<\/div>\n\t\t\t\t\t<\/div>\n\t\t<\/div>\n\t\t\t\t\t\t\t<\/div>\n\t\t<\/section>\n\t\t\t\t<section class=\"elementor-section elementor-top-section elementor-element elementor-element-762a54a elementor-section-boxed elementor-section-height-default elementor-section-height-default\" data-id=\"762a54a\" data-element_type=\"section\">\n\t\t\t\t\t\t<div class=\"elementor-container elementor-column-gap-default\">\n\t\t\t\t\t<div class=\"elementor-column elementor-col-100 elementor-top-column elementor-element elementor-element-df5a1a5\" data-id=\"df5a1a5\" data-element_type=\"column\">\n\t\t\t<div class=\"elementor-widget-wrap\">\n\t\t\t\t\t\t\t\t\t<\/div>\n\t\t<\/div>\n\t\t\t\t\t\t\t<\/div>\n\t\t<\/section>\n\t\t\t\t\t\t\t<\/div>\n\t\t","protected":false},"excerpt":{"rendered":"<p>Odontolog\u00eda Si deseas asesoramiento personalizado contamos con expertos en el area para que puedas ejercer en Canad\u00e1 Agenda tu cita Ejerce Odontolog\u00eda en Canad\u00e1 En Canad\u00e1, la Odontolog\u00eda es una profesi\u00f3n regulada que requiere que sus profesionales obtengan una certificaci\u00f3n y una licencia antes de que puedan aplicar para el empleo. La asociaci\u00f3n\u00a0NDEB, por sus [&hellip;]<\/p>\n","protected":false},"author":7,"featured_media":0,"parent":0,"menu_order":0,"comment_status":"closed","ping_status":"closed","template":"elementor_header_footer","meta":{"_et_pb_use_builder":"","_et_pb_old_content":"","_et_gb_content_width":"","_joinchat":[],"footnotes":""},"class_list":["post-3265","page","type-page","status-publish","hentry"],"_links":{"self":[{"href":"http:\/\/bosworthinstitute.com\/copia\/wp-json\/wp\/v2\/pages\/3265"}],"collection":[{"href":"http:\/\/bosworthinstitute.com\/copia\/wp-json\/wp\/v2\/pages"}],"about":[{"href":"http:\/\/bosworthinstitute.com\/copia\/wp-json\/wp\/v2\/types\/page"}],"author":[{"embeddable":true,"href":"http:\/\/bosworthinstitute.com\/copia\/wp-json\/wp\/v2\/users\/7"}],"replies":[{"embeddable":true,"href":"http:\/\/bosworthinstitute.com\/copia\/wp-json\/wp\/v2\/comments?post=3265"}],"version-history":[{"count":18,"href":"http:\/\/bosworthinstitute.com\/copia\/wp-json\/wp\/v2\/pages\/3265\/revisions"}],"predecessor-version":[{"id":4507,"href":"http:\/\/bosworthinstitute.com\/copia\/wp-json\/wp\/v2\/pages\/3265\/revisions\/4507"}],"wp:attachment":[{"href":"http:\/\/bosworthinstitute.com\/copia\/wp-json\/wp\/v2\/media?parent=3265"}],"curies":[{"name":"wp","href":"https:\/\/api.w.org\/{rel}","templated":true}]}}