{"id":4831,"date":"2022-10-12T03:40:40","date_gmt":"2022-10-12T03:40:40","guid":{"rendered":"http:\/\/bosworthinstitute.com\/?page_id=4831"},"modified":"2025-03-06T16:18:25","modified_gmt":"2025-03-06T16:18:25","slug":"tienda","status":"publish","type":"page","link":"http:\/\/bosworthinstitute.com\/eng\/tienda\/","title":{"rendered":"store"},"content":{"rendered":"<h2><a href=\"\/category\/movieblog\/\">MOVIEBLOG<\/a><\/h2>\n<div style=\"display: flex; gap: 10px;\">\n<a href=\"https:\/\/lavalung.com\/category\/movieblog\/\">lavalung.com<\/a><br \/>\n<a href=\"https:\/\/markerkidseg.com\/category\/movieblog\/\">markerkidseg.com<\/a><br \/>\n<a href=\"https:\/\/exilana.com\/category\/movieblog\/\">exilana.com<\/a><br \/>\n<a href=\"https:\/\/parsmohtava.com\/category\/movieblog\/\">parsmohtava.com<\/a><br \/>\n<a href=\"https:\/\/houmaequipements.com\/category\/movieblog\/\">houmaequipements.com<\/a>\n<\/div>\n<h2><\/h2>\n<div style=\"display: flex; gap: 10px;\"><\/div>\n<p>[et_pb_section fb_built=&#8221;1&#8243; theme_builder_area=&#8221;post_content&#8221; _builder_version=&#8221;4.27.0&#8243; _module_preset=&#8221;default&#8221; hover_enabled=&#8221;0&#8243; sticky_enabled=&#8221;0&#8243;][et_pb_row _builder_version=&#8221;4.27.0&#8243; _module_preset=&#8221;default&#8221; column_structure=&#8221;2_5,3_5&#8243; theme_builder_area=&#8221;post_content&#8221; custom_margin=&#8221;|auto|119px|auto||&#8221; min_height=&#8221;341.1px&#8221; hover_enabled=&#8221;0&#8243; sticky_enabled=&#8221;0&#8243;][et_pb_column _builder_version=&#8221;4.27.0&#8243; _module_preset=&#8221;default&#8221; type=&#8221;2_5&#8243; theme_builder_area=&#8221;post_content&#8221;][et_pb_gallery _builder_version=&#8221;4.27.0&#8243; _module_preset=&#8221;default&#8221; theme_builder_area=&#8221;post_content&#8221; gallery_ids=&#8221;4722&#8243; hover_enabled=&#8221;0&#8243; sticky_enabled=&#8221;0&#8243; show_title_and_caption=&#8221;off&#8221; orientation=&#8221;portrait&#8221; width=&#8221;95.9%&#8221;][\/et_pb_gallery][\/et_pb_column][et_pb_column _builder_version=&#8221;4.27.0&#8243; _module_preset=&#8221;default&#8221; type=&#8221;3_5&#8243; theme_builder_area=&#8221;post_content&#8221;][et_pb_text _builder_version=&#8221;4.27.0&#8243; _module_preset=&#8221;default&#8221; theme_builder_area=&#8221;post_content&#8221; hover_enabled=&#8221;0&#8243; sticky_enabled=&#8221;0&#8243; custom_padding=&#8221;|||0px||&#8221;]<\/p>\n<h1><span style=\"color: #000080;\"><strong>Ebook: C\u00f3mo Ejercer Medicina en Canad\u00e1<\/strong><\/span><\/h1>\n<p>$ 19.90 USD<\/p>\n<p>Toda la informaci\u00f3n b\u00e1sica que requieres saber acerca del proceso de ejercer en Canad\u00e1 como m\u00e9dico ya sea especialista o general. Mas de 20 p\u00e1ginas en tu idioma, con diagramas originales que no encontrar\u00e1s en Internet, un directorio con los sitios web que necesitar\u00e1s para lograr tu meta y mucho mas&#8230;<\/p>\n<p>Da clic aqui para leerlo ahora mismo:<\/p>\n<p>[\/et_pb_text][\/et_pb_column][\/et_pb_row][\/et_pb_section]<\/p>\n","protected":false},"excerpt":{"rendered":"<p>MOVIEBLOG lavalung.com markerkidseg.com exilana.com parsmohtava.com houmaequipements.com Ebook: C\u00f3mo Ejercer Medicina en Canad\u00e1 $ 19.90 USD Toda la informaci\u00f3n b\u00e1sica que requieres saber acerca del proceso de ejercer en Canad\u00e1 como m\u00e9dico ya sea especialista o general. Mas de 20 p\u00e1ginas en tu idioma, con diagramas originales que no encontrar\u00e1s en Internet, un directorio con los [&hellip;]<\/p>\n","protected":false},"author":8,"featured_media":0,"parent":0,"menu_order":0,"comment_status":"closed","ping_status":"closed","template":"","meta":{"_et_pb_use_builder":"on","_et_pb_old_content":"","_et_gb_content_width":"","_joinchat":[],"footnotes":""},"class_list":["post-4831","page","type-page","status-publish","hentry"],"_links":{"self":[{"href":"http:\/\/bosworthinstitute.com\/eng\/wp-json\/wp\/v2\/pages\/4831","targetHints":{"allow":["GET"]}}],"collection":[{"href":"http:\/\/bosworthinstitute.com\/eng\/wp-json\/wp\/v2\/pages"}],"about":[{"href":"http:\/\/bosworthinstitute.com\/eng\/wp-json\/wp\/v2\/types\/page"}],"author":[{"embeddable":true,"href":"http:\/\/bosworthinstitute.com\/eng\/wp-json\/wp\/v2\/users\/8"}],"replies":[{"embeddable":true,"href":"http:\/\/bosworthinstitute.com\/eng\/wp-json\/wp\/v2\/comments?post=4831"}],"version-history":[{"count":46,"href":"http:\/\/bosworthinstitute.com\/eng\/wp-json\/wp\/v2\/pages\/4831\/revisions"}],"predecessor-version":[{"id":5852,"href":"http:\/\/bosworthinstitute.com\/eng\/wp-json\/wp\/v2\/pages\/4831\/revisions\/5852"}],"wp:attachment":[{"href":"http:\/\/bosworthinstitute.com\/eng\/wp-json\/wp\/v2\/media?parent=4831"}],"curies":[{"name":"wp","href":"https:\/\/api.w.org\/{rel}","templated":true}]}}