{"id":1515,"date":"2020-10-11T19:24:30","date_gmt":"2020-10-11T19:24:30","guid":{"rendered":"http:\/\/bosworthinstitute.com\/?page_id=1515"},"modified":"2020-10-12T18:02:20","modified_gmt":"2020-10-12T18:02:20","slug":"conferencias","status":"publish","type":"page","link":"https:\/\/bosworthinstitute.com\/eng\/conferencias\/","title":{"rendered":"Conferencias"},"content":{"rendered":"<p>[et_pb_section fb_built=&#8221;1&#8243; _builder_version=&#8221;3.22&#8243;][et_pb_row _builder_version=&#8221;3.25&#8243; background_size=&#8221;initial&#8221; background_position=&#8221;top_left&#8221; background_repeat=&#8221;repeat&#8221; custom_padding=&#8221;||0px|||&#8221;][et_pb_column type=&#8221;4_4&#8243; _builder_version=&#8221;3.25&#8243; custom_padding=&#8221;|||&#8221; custom_padding__hover=&#8221;|||&#8221;][et_pb_image src=&#8221;http:\/\/bosworthinstitute.com\/wp-content\/uploads\/2020\/10\/webinars-foto.jpg&#8221; title_text=&#8221;webinars foto&#8221; _builder_version=&#8221;4.6.5&#8243; _module_preset=&#8221;default&#8221;][\/et_pb_image][et_pb_text _builder_version=&#8221;4.6.5&#8243; _module_preset=&#8221;default&#8221; text_font=&#8221;ABeeZee||||||||&#8221; hover_enabled=&#8221;0&#8243; sticky_enabled=&#8221;0&#8243;]<\/p>\n<h3 style=\"text-align: center;\">Para acceder a la reservaci\u00f3n de boletos para una de estas pr\u00f3ximas videoconferencias, entra <a href=\"http:\/\/www.calendly.com\/prosaec\" title=\"pagina prosaec\"><span style=\"text-decoration: underline; color: #0000ff;\"><strong>AQU\u00cd<\/strong><\/span><\/a><\/h3>\n<p>[\/et_pb_text][et_pb_image src=&#8221;http:\/\/bosworthinstitute.com\/wp-content\/uploads\/2020\/10\/INVITACION.png&#8221; _builder_version=&#8221;4.6.5&#8243; _module_preset=&#8221;default&#8221; title_text=&#8221;INVITACI\u00d3N&#8221; hover_enabled=&#8221;0&#8243; sticky_enabled=&#8221;0&#8243; align=&#8221;center&#8221;][\/et_pb_image][et_pb_cta title=&#8221;Lee mas acerca de las pr\u00f3ximas Conferencias en l\u00ednea&#8221; button_text=&#8221;Clics&#8221; _builder_version=&#8221;4.6.5&#8243; _module_preset=&#8221;default&#8221; background_color=&#8221;#990c21&#8243; box_shadow_style=&#8221;preset6&#8243; animation_style=&#8221;fade&#8221; hover_enabled=&#8221;0&#8243; sticky_enabled=&#8221;0&#8243;]<\/p>\n<p style=\"text-align: center;\">Desliza hac\u00eda abajo para conocer mas acerca de cada una de ellas.<\/p>\n<p>[\/et_pb_cta][et_pb_text _builder_version=&#8221;4.6.5&#8243; text_font=&#8221;||||||||&#8221; text_text_color=&#8221;#000000&#8243; text_font_size=&#8221;18px&#8221; text_line_height=&#8221;1.6em&#8221; background_size=&#8221;initial&#8221; background_position=&#8221;top_left&#8221; background_repeat=&#8221;repeat&#8221; min_height=&#8221;860px&#8221; custom_margin=&#8221;||-303px|||&#8221; custom_padding=&#8221;||0px|||&#8221;]<\/p>\n<h1 style=\"text-align: left;\">Conferencia: M\u00e9dicos Generales y Familiares Ejerciendo en Canad\u00e1<\/h1>\n<p style=\"text-align: left;\"><span><\/span><\/p>\n<p style=\"text-align: left;\"><span>Este <span style=\"text-decoration: underline;\">Domingo 25 de Octubre de 1 a 4 pm a trav\u00e9s de Zoom live<\/span>, asiste a esta videoconferencia\u00a0<\/span>d<span>irigida a: M\u00e9dicos Generales, Familiares y Estudiantes de Medicina.<\/span><br \/> <span>Durante tres horas abordaremos informaci\u00f3n actualizada, donde hablaremos de los tres programas en que los M\u00e9dicos Generales pueden ser elegibles para pr\u00e1cticar en Canad\u00e1:<\/span><br \/> <span>a<strong>)SIPPA \u2013 Saskatchewan<\/strong><\/span><span class=\"text_exposed_show\"><br \/> <strong> b)Practice-Ready Assessment (PRA-BC) en British Colombia.<\/strong><br \/> <strong> c)International Medical Graduate Program PRA-MB en Manitoba.<\/strong><br \/> Abordaremos los requisitos de cada uno de los programas, opciones de planeaci\u00f3n, como conseguir la documentaci\u00f3n, tiempos y costos del proceso, asi como las mejores recomendaciones para lograrlo.<\/span><\/p>\n<p style=\"text-align: left;\"><span class=\"text_exposed_show\">Tendr\u00e9mos sesi\u00f3n de preguntas al final de la sesi\u00f3n.<\/span><span class=\"text_exposed_show\"><br \/> Cupo limitado.<\/span><\/p>\n<p style=\"text-align: left;\"><span class=\"text_exposed_show\">$ 50 USD <\/span><\/p>\n<p style=\"text-align: left;\"><span class=\"text_exposed_show\">Reserva tu lugar <a href=\"https:\/\/calendly.com\/prosaec\/conferencia-medicos-generales\" title=\"conferencia 25 de octubre\"><span style=\"text-decoration: underline; color: #0000ff;\">AQU\u00cd<\/span><\/a><br \/> Preguntas e informes acerca de esta videoconferencia escribir a: <strong><a href=\"mailto:info@bosworthinstitute.com\">info@bosworthinstitute.com<\/a><\/strong><\/span><\/p>\n<p><span class=\"text_exposed_show\"><\/span><\/p>\n<p>[\/et_pb_text][\/et_pb_column][\/et_pb_row][et_pb_row _builder_version=&#8221;4.6.5&#8243; _module_preset=&#8221;default&#8221;][et_pb_column type=&#8221;4_4&#8243; _builder_version=&#8221;4.6.5&#8243; _module_preset=&#8221;default&#8221;][et_pb_gallery gallery_ids=&#8221;1554&#8243; fullwidth=&#8221;on&#8221; _builder_version=&#8221;4.6.5&#8243; _module_preset=&#8221;default&#8221;][\/et_pb_gallery][\/et_pb_column][\/et_pb_row][et_pb_row _builder_version=&#8221;4.6.5&#8243; _module_preset=&#8221;default&#8221;][et_pb_column type=&#8221;4_4&#8243; _builder_version=&#8221;4.6.5&#8243; _module_preset=&#8221;default&#8221;][et_pb_divider divider_weight=&#8221;8px&#8221; _builder_version=&#8221;4.6.5&#8243; _module_preset=&#8221;default&#8221;][\/et_pb_divider][\/et_pb_column][\/et_pb_row][et_pb_row _builder_version=&#8221;4.6.5&#8243; _module_preset=&#8221;default&#8221; custom_padding=&#8221;0px|||||&#8221;][et_pb_column type=&#8221;4_4&#8243; _builder_version=&#8221;4.6.5&#8243; _module_preset=&#8221;default&#8221;][et_pb_text _builder_version=&#8221;4.6.5&#8243; _module_preset=&#8221;default&#8221; text_text_color=&#8221;#000000&#8243; text_font_size=&#8221;17px&#8221; custom_padding=&#8221;0px|||||&#8221;]<\/p>\n<h1>CONFERENCIA: Como Ejercer Fisioterapia en Canad\u00e1<\/h1>\n<div data-testid=\"post_message\" class=\"_5pbx userContent _3576\" data-ft=\"{&quot;tn&quot;:&quot;K&quot;}\" id=\"js_68\">\n<p>Este s\u00e1bado 7 de Noviembre de 4 a 7 pm a trav\u00e9s de Zoom live.<\/p>\n<p>Cupo limitado. $ 50 USD<\/p>\n<p>Adquiere t\u00fa boleto <a href=\"http:\/\/www.calendly.com\/prosaec\" title=\"conferencias calendly\"><span style=\"color: #0000ff;\"><strong><span style=\"text-decoration: underline;\">AQU\u00cd<\/span><\/strong><\/span><\/a><\/p>\n<p>Si tienes alguna pregunta acerca de nuestro evento, escr\u00edbenos: <strong>info@bosworthinstitute.com<\/strong><br \/> Comparte con quien pueda estar interesado.<\/p>\n<\/div>\n<p>[\/et_pb_text][et_pb_image src=&#8221;http:\/\/bosworthinstitute.com\/wp-content\/uploads\/2020\/10\/Poster-Fisioterapia.png&#8221; title_text=&#8221;Poster Fisioterapia&#8221; _builder_version=&#8221;4.6.5&#8243; _module_preset=&#8221;default&#8221;][\/et_pb_image][et_pb_divider color=&#8221;#0c71c3&#8243; divider_weight=&#8221;8px&#8221; _builder_version=&#8221;4.6.5&#8243; _module_preset=&#8221;default&#8221;][\/et_pb_divider][et_pb_text _builder_version=&#8221;4.6.5&#8243; _module_preset=&#8221;default&#8221; text_text_color=&#8221;#000000&#8243; text_font_size=&#8221;16px&#8221; custom_margin=&#8221;-25px|||||&#8221; custom_padding=&#8221;0px|||||&#8221;]<\/p>\n<h1>Conferencia: Como Estudiar una Especialidad M\u00e9dica en Canad\u00e1<\/h1>\n<p><strong>Este s\u00e1bado 14 de Noviembre de 1 a 4 pm a trav\u00e9s de Zoom live<\/strong><\/p>\n<p>Hablaremos de:<\/p>\n<ul>\n<li>Registro en physiciansapply, verificaci\u00f3n y evaluaci\u00f3n de las credenciales m\u00e9dicas<\/li>\n<li>Requerimientos migratorios, sugerencias de planeaci\u00f3n<\/li>\n<li>Revisi\u00f3n detallada de todos los requisitos antes de aplicar al CaRMS<\/li>\n<li>Aplicaci\u00f3n de los ex\u00e1menes IELTS acad\u00e9mico, MCCQE1 y NAC<\/li>\n<li>Cuales procesos pueden comenzarse desde fuera de Canad\u00e1<\/li>\n<li>Diagramas originales en espa\u00f1ol<\/li>\n<li>Estad\u00edsticas reales en la aceptaci\u00f3n de IMGs cada a\u00f1o<\/li>\n<li>Sesi\u00f3n de preguntas<\/li>\n<\/ul>\n<p>Adquiere tu boleto <a href=\"http:\/\/www.calendly.com\/prosaec\" title=\"conferencias proximas\"><span style=\"text-decoration: underline;\"><strong>AQU\u00cd<\/strong><\/span><\/a><\/p>\n<p>[\/et_pb_text][et_pb_image src=&#8221;http:\/\/bosworthinstitute.com\/wp-content\/uploads\/2020\/10\/Matching-CARMS-Conferencia.png&#8221; title_text=&#8221;Matching CARMS Conferencia&#8221; _builder_version=&#8221;4.6.5&#8243; _module_preset=&#8221;default&#8221; custom_margin=&#8221;-36px|||||&#8221; custom_padding=&#8221;17px|||||&#8221;][\/et_pb_image][et_pb_divider color=&#8221;#0c71c3&#8243; divider_weight=&#8221;8px&#8221; _builder_version=&#8221;4.6.5&#8243; _module_preset=&#8221;default&#8221;][\/et_pb_divider][et_pb_text _builder_version=&#8221;4.6.5&#8243; _module_preset=&#8221;default&#8221; text_text_color=&#8221;#000000&#8243; text_font_size=&#8221;17px&#8221; custom_margin=&#8221;-18px|||||&#8221; custom_padding=&#8221;0px|||||&#8221;]<\/p>\n<h1>Conferencia: Revalidaci\u00f3n de Enfermer\u00eda en Canad\u00e1<\/h1>\n<p><strong>Este domingo 29 de Noviembre de 1 a 4 pm a trav\u00e9s de Zoom live<\/strong><\/p>\n<p>Hablaremos de:<\/p>\n<ul>\n<li>Tipos de categorias a las que se puede aplicar<\/li>\n<li>Cuales son los procesos que pueden iniciarse desde fuera de Canad\u00e1<\/li>\n<li>Aplicaci\u00f3n de los ex\u00e1menes IELTS acad\u00e9mico, CELBAN y NCLEX-RN<\/li>\n<li>Revisi\u00f3n detallada de todos los requisitos antes de aplicar<\/li>\n<li>Registro ante el NNAS, verificaci\u00f3n y evaluaci\u00f3n de las credenciales en enfermer\u00eda<\/li>\n<li>Alternativas laborales para enfermeros graduados en el extranjero<\/li>\n<li>Diagramas originales en espa\u00f1ol<\/li>\n<li>Sesi\u00f3n de preguntas<\/li>\n<\/ul>\n<p>Adquiere tu boleto <a href=\"http:\/\/www.calendly.com\/prosaec\" title=\"conferencias proximas\"><span style=\"text-decoration: underline; color: #0000ff;\"><strong>AQU\u00cd<\/strong><\/span><\/a><\/p>\n<p>[\/et_pb_text][et_pb_image src=&#8221;http:\/\/bosworthinstitute.com\/wp-content\/uploads\/2020\/10\/Conferencia-Enfermeria-29-Nov.png&#8221; title_text=&#8221;Conferencia Enfermer\u00eda 29 Nov&#8221; _builder_version=&#8221;4.6.5&#8243; _module_preset=&#8221;default&#8221;][\/et_pb_image][\/et_pb_column][\/et_pb_row][\/et_pb_section]<\/p>\n","protected":false},"excerpt":{"rendered":"<p>Para acceder a la reservaci\u00f3n de boletos para una de estas pr\u00f3ximas videoconferencias, entra AQU\u00cd Desliza hac\u00eda abajo para conocer mas acerca de cada una de ellas. Conferencia: M\u00e9dicos Generales y Familiares Ejerciendo en Canad\u00e1 Este Domingo 25 de Octubre de 1 a 4 pm a trav\u00e9s de Zoom live, asiste a esta videoconferencia\u00a0dirigida a: [&hellip;]<\/p>\n","protected":false},"author":7,"featured_media":1241,"parent":0,"menu_order":0,"comment_status":"closed","ping_status":"closed","template":"","meta":{"_et_pb_use_builder":"on","_et_pb_old_content":"<h1><img class=\" wp-image-1241 alignleft\" src=\"http:\/\/bosworthinstitute.com\/wp-content\/uploads\/2020\/08\/bos-300x200.jpg\" alt=\"\" width=\"326\" height=\"217\" \/><\/h1><h1 style=\"text-align: center;\"><strong>Consulta nuestras proximas Conferencias online and Webinars<\/strong><\/h1><p>\u00a0<\/p><p>\u00a0<\/p><p>\u00a0<\/p><p>\u00a0<\/p><p>\u00a0<\/p>","_et_gb_content_width":"","_joinchat":[],"footnotes":""},"class_list":["post-1515","page","type-page","status-publish","has-post-thumbnail","hentry"],"_links":{"self":[{"href":"https:\/\/bosworthinstitute.com\/eng\/wp-json\/wp\/v2\/pages\/1515","targetHints":{"allow":["GET"]}}],"collection":[{"href":"https:\/\/bosworthinstitute.com\/eng\/wp-json\/wp\/v2\/pages"}],"about":[{"href":"https:\/\/bosworthinstitute.com\/eng\/wp-json\/wp\/v2\/types\/page"}],"author":[{"embeddable":true,"href":"https:\/\/bosworthinstitute.com\/eng\/wp-json\/wp\/v2\/users\/7"}],"replies":[{"embeddable":true,"href":"https:\/\/bosworthinstitute.com\/eng\/wp-json\/wp\/v2\/comments?post=1515"}],"version-history":[{"count":15,"href":"https:\/\/bosworthinstitute.com\/eng\/wp-json\/wp\/v2\/pages\/1515\/revisions"}],"predecessor-version":[{"id":1558,"href":"https:\/\/bosworthinstitute.com\/eng\/wp-json\/wp\/v2\/pages\/1515\/revisions\/1558"}],"wp:featuredmedia":[{"embeddable":true,"href":"https:\/\/bosworthinstitute.com\/eng\/wp-json\/wp\/v2\/media\/1241"}],"wp:attachment":[{"href":"https:\/\/bosworthinstitute.com\/eng\/wp-json\/wp\/v2\/media?parent=1515"}],"curies":[{"name":"wp","href":"https:\/\/api.w.org\/{rel}","templated":true}]}}