{"id":214,"date":"2020-06-23T19:18:02","date_gmt":"2020-06-23T19:18:02","guid":{"rendered":"http:\/\/bosworthinstitute.com\/?page_id=214"},"modified":"2020-09-08T06:22:18","modified_gmt":"2020-09-08T06:22:18","slug":"medicina","status":"publish","type":"page","link":"https:\/\/bosworthinstitute.com\/eng\/medicina\/","title":{"rendered":"Medicina"},"content":{"rendered":"<p>[et_pb_section fb_built=&#8221;1&#8243; fullwidth=&#8221;on&#8221; admin_label=&#8221;Header&#8221; _builder_version=&#8221;4.4.7&#8243; background_enable_image=&#8221;off&#8221; custom_padding=&#8221;0px|0|0px|0px|false|false&#8221; top_divider_color=&#8221;rgba(255,255,255,0.3)&#8221; top_divider_height=&#8221;100%&#8221; top_divider_repeat=&#8221;2x&#8221; bottom_divider_color=&#8221;rgba(255,255,255,0.33)&#8221; bottom_divider_height=&#8221;500px&#8221;][et_pb_fullwidth_header title=&#8221;Medicina&#8221; subhead=&#8221;Ejerce medicina en Canad\u00e1&#8221; text_orientation=&#8221;center&#8221; content_max_width=&#8221;70%&#8221; content_max_width_tablet=&#8221;100%&#8221; content_max_width_phone=&#8221;&#8221; content_max_width_last_edited=&#8221;on|phone&#8221; _builder_version=&#8221;4.4.7&#8243; title_font=&#8221;Faustina|500|||||||&#8221; title_text_color=&#8221;#FFFFFF&#8221; title_font_size=&#8221;60px&#8221; title_line_height=&#8221;1.5em&#8221; content_font=&#8221;||||||||&#8221; subhead_font=&#8221;Poppins|700||on|||||&#8221; subhead_text_color=&#8221;#FFFFFF&#8221; subhead_font_size=&#8221;16px&#8221; subhead_letter_spacing=&#8221;4px&#8221; subhead_line_height=&#8221;1.7em&#8221; background_enable_color=&#8221;off&#8221; use_background_color_gradient=&#8221;on&#8221; background_color_gradient_start=&#8221;rgba(0,0,0,0.64)&#8221; background_color_gradient_end=&#8221;rgba(0,0,0,0.71)&#8221; background_color_gradient_overlays_image=&#8221;on&#8221; background_image=&#8221;http:\/\/bosworthinstitute.com\/wp-content\/uploads\/2020\/06\/bosworth-institute-ejercer-medicina-en-canada-footer-2.jpg&#8221; background_position=&#8221;bottom_left&#8221; custom_button_one=&#8221;on&#8221; button_one_text_size=&#8221;14px&#8221; button_one_text_color=&#8221;#000000&#8243; button_one_bg_color=&#8221;#ffffff&#8221; button_one_border_width=&#8221;14px&#8221; button_one_border_color=&#8221;#ffffff&#8221; button_one_border_radius=&#8221;0px&#8221; button_one_letter_spacing=&#8221;4px&#8221; button_one_font=&#8221;Poppins|500||on|||||&#8221; background_layout=&#8221;light&#8221; custom_margin=&#8221;||||false&#8221; custom_padding=&#8221;0vw||0vw||true|false&#8221; title_font_size_tablet=&#8221;40px&#8221; title_font_size_phone=&#8221;53px&#8221; title_font_size_last_edited=&#8221;on|phone&#8221; subhead_letter_spacing_tablet=&#8221;&#8221; subhead_letter_spacing_phone=&#8221;0px&#8221; subhead_letter_spacing_last_edited=&#8221;on|phone&#8221; button_one_border_color_hover=&#8221;#ecd5c5&#8243; button_one_border_radius_hover=&#8221;0px&#8221; button_one_letter_spacing_hover=&#8221;4px&#8221; button_one_bg_color_hover=&#8221;#ecd5c5&#8243; button_one_text_size__hover_enabled=&#8221;off&#8221; button_two_text_size__hover_enabled=&#8221;off&#8221; button_one_text_color__hover_enabled=&#8221;off&#8221; button_two_text_color__hover_enabled=&#8221;off&#8221; button_one_border_width__hover_enabled=&#8221;off&#8221; button_two_border_width__hover_enabled=&#8221;off&#8221; button_one_border_color__hover_enabled=&#8221;on&#8221; button_one_border_color__hover=&#8221;#ecd5c5&#8243; button_two_border_color__hover_enabled=&#8221;off&#8221; button_one_border_radius__hover_enabled=&#8221;on&#8221; button_one_border_radius__hover=&#8221;0px&#8221; button_two_border_radius__hover_enabled=&#8221;off&#8221; button_one_letter_spacing__hover_enabled=&#8221;on&#8221; button_one_letter_spacing__hover=&#8221;4px&#8221; button_two_letter_spacing__hover_enabled=&#8221;off&#8221; button_one_bg_color__hover_enabled=&#8221;on&#8221; button_one_bg_color__hover=&#8221;#ecd5c5&#8243; button_two_bg_color__hover_enabled=&#8221;off&#8221;][\/et_pb_fullwidth_header][\/et_pb_section][et_pb_section fb_built=&#8221;1&#8243; _builder_version=&#8221;4.4.7&#8243; custom_padding=&#8221;32px||32px||true|&#8221;][et_pb_row column_structure=&#8221;1_2,1_2&#8243; _builder_version=&#8221;4.4.7&#8243; custom_padding=&#8221;15px||55px|||&#8221;][et_pb_column type=&#8221;1_2&#8243; _builder_version=&#8221;4.4.7&#8243;][et_pb_image src=&#8221;http:\/\/bosworthinstitute.com\/wp-content\/uploads\/2020\/07\/medicina-imagen.jpg&#8221; title_text=&#8221;medicina-imagen&#8221; align_tablet=&#8221;center&#8221; align_phone=&#8221;&#8221; align_last_edited=&#8221;on|desktop&#8221; _builder_version=&#8221;4.4.7&#8243; animation_style=&#8221;fade&#8221;][\/et_pb_image][\/et_pb_column][et_pb_column type=&#8221;1_2&#8243; _builder_version=&#8221;4.4.7&#8243;][et_pb_text _builder_version=&#8221;4.4.7&#8243; text_font=&#8221;||||||||&#8221; text_font_size=&#8221;16px&#8221; text_line_height=&#8221;1.8em&#8221; text_orientation=&#8221;justified&#8221; max_width=&#8221;550px&#8221; custom_padding=&#8221;31px|||||&#8221;]<\/p>\n<p>Los m\u00e9dicos internacionales (IMGs) que buscan informaci\u00f3n sobre c\u00f3mo practicar Medicina en Canad\u00e1, deben visitar el sitio web del Consejo M\u00e9dico de Canad\u00e1 o Medical Council of Canada: <a href=\"http:\/\/www.mcc.ca\">www.mcc.ca<br \/><\/a><br \/>Tambi\u00e9n se recomienda a los IMGs que visiten www.workingincanada.gc.ca para obtener informaci\u00f3n espec\u00edfica de la provincia y territorio en donde planean ejercer o se encuentran viviendo.<\/p>\n<p>[\/et_pb_text][et_pb_image src=&#8221;http:\/\/bosworthinstitute.com\/wp-content\/uploads\/2020\/07\/Medicina-bosworth-carrera-1.png&#8221; title_text=&#8221;Medicina bosworth carrera&#8221; force_fullwidth=&#8221;on&#8221; disabled_on=&#8221;off|on|on&#8221; _builder_version=&#8221;4.4.7&#8243; min_height=&#8221;100px&#8221; custom_margin=&#8221;-17px||||false|false&#8221; custom_padding=&#8221;0px||||false|false&#8221;][\/et_pb_image][\/et_pb_column][\/et_pb_row][et_pb_row column_structure=&#8221;1_2,1_2&#8243; _builder_version=&#8221;4.4.7&#8243; custom_margin=&#8221;32px|auto||auto||&#8221; custom_padding=&#8221;3px|||||&#8221;][et_pb_column type=&#8221;1_2&#8243; _builder_version=&#8221;4.4.7&#8243;][et_pb_text _builder_version=&#8221;4.6.1&#8243; text_font=&#8221;||||||||&#8221; text_font_size=&#8221;16px&#8221; text_line_height=&#8221;1.8em&#8221; text_orientation=&#8221;justified&#8221; max_width=&#8221;550px&#8221; custom_padding=&#8221;||||false|false&#8221;]<\/p>\n<p>Obt\u00e9n m\u00e1s informaci\u00f3n sobre el reconocimiento de tus credenciales m\u00e9dicas y de especialidad con algunos de los servicios que <strong>Bosworth Institute<\/strong> te ofrece en espa\u00f1ol:<\/p>\n<p>&nbsp;<\/p>\n<ul>\n<li><strong>Ebook:<\/strong> Gu\u00eda Como Ejercer Medicina en Canad\u00e1. M\u00e1s de 20 p\u00e1ginas en espa\u00f1ol, con la informaci\u00f3n m\u00e1s relevante de este proceso, estad\u00edsticas, esquemas sencillos y resoluci\u00f3n de dudas, para m\u00e9dicos generales y<br \/> especialistas graduados internacionales, IMGs.<\/li>\n<\/ul>\n<ul>\n<li><strong>Curso Intensivo Online:<\/strong> C\u00f3mo Ejercer Medicina en Canad\u00e1. Video para descargar con dos horas de duraci\u00f3n en donde se te explicar\u00e1 de en espa\u00f1ol, con presentaciones u diagramas originales, recursos de internet y gr\u00e1ficas todo acerca del proceso. Seguro que disipar\u00e1s todas tus dudas despu\u00e9s de tomarlo. Este curso incluye la descarga en PDF gratuita del libro base para los ex\u00e1menes de conocimientos por el MCC, asi como 30\u00a0 minutos de llamada con a Dra. Brenda.<\/li>\n<\/ul>\n<ul>\n<li><strong>Asesor\u00eda personal por video<\/strong>: Una vez que ya tomaste el curso intensivo en video y si aun tienes preguntas, podemos discutir de manera personal por dos horas en videoconferencia y en tiempo real todas tus preguntas, desde donde te encuentres, t\u00fa eliges dia y hora.<\/li>\n<\/ul>\n<p>[\/et_pb_text][\/et_pb_column][et_pb_column type=&#8221;1_2&#8243; _builder_version=&#8221;4.4.7&#8243;][et_pb_image src=&#8221;http:\/\/bosworthinstitute.com\/wp-content\/uploads\/2020\/07\/Medicina-bosworth-carrera-1.png&#8221; title_text=&#8221;Medicina bosworth carrera&#8221; force_fullwidth=&#8221;on&#8221; disabled_on=&#8221;on|off|off&#8221; _builder_version=&#8221;4.4.7&#8243; min_height=&#8221;100px&#8221; custom_margin=&#8221;-17px||||false|false&#8221; custom_padding=&#8221;0px||||false|false&#8221;][\/et_pb_image][\/et_pb_column][\/et_pb_row][et_pb_row _builder_version=&#8221;4.6.1&#8243; _module_preset=&#8221;default&#8221;][et_pb_column type=&#8221;4_4&#8243; _builder_version=&#8221;4.6.1&#8243; _module_preset=&#8221;default&#8221;][et_pb_text _builder_version=&#8221;4.6.1&#8243; _module_preset=&#8221;default&#8221;]<\/p>\n<h2 style=\"text-align: center;\"><span style=\"color: #000080;\">El salario en Canad\u00e1 de un M\u00e9dico General es de $ 125,000 d\u00f3lares al a\u00f1o y el de un M\u00e9dico Especialista de $250,00 d\u00f3lares al a\u00f1o.<\/span><\/h2>\n<p style=\"text-align: right;\">*Fuente: <a href=\"https:\/\/www.payscale.com\/research\/CA\/Job=Physician_%2F_Doctor%2C_General_Practice\/Salary\" title=\"payscale\">PayScale.com<\/a><\/p>\n<p>[\/et_pb_text][\/et_pb_column][\/et_pb_row][et_pb_row _builder_version=&#8221;4.6.1&#8243; _module_preset=&#8221;default&#8221;][et_pb_column type=&#8221;4_4&#8243; _builder_version=&#8221;4.6.1&#8243; _module_preset=&#8221;default&#8221;][et_pb_text _builder_version=&#8221;4.6.1&#8243; _module_preset=&#8221;default&#8221; text_font=&#8221;Bebas Neue||||||||&#8221; text_font_size=&#8221;21px&#8221;]<\/p>\n<p style=\"text-align: center;\"><span>Para vivir, trabajar o estudiar en Canad\u00e1, debe presentar una solicitud para obtener una visa de trabajo, estudio o residencia y contar la documentaci\u00f3n adecuada antes de llegar a Canad\u00e1. Para mas informaci\u00f3n visita:\u00a0<\/span><a href=\"canada.ca\" title=\"canada.ca\"><strong>canada.ca<\/strong><\/a><span>\u00a0o consulta a un Asesor de Immigraci\u00f3n canadiense certificado.<\/span><\/p>\n<p>[\/et_pb_text][\/et_pb_column][\/et_pb_row][\/et_pb_section][et_pb_section fb_built=&#8221;1&#8243; admin_label=&#8221;Contact Info &#8221; _builder_version=&#8221;4.4.7&#8243; background_enable_color=&#8221;off&#8221; custom_padding=&#8221;6px||13px|||&#8221;][et_pb_row _builder_version=&#8221;4.4.7&#8243; custom_padding=&#8221;0px||0px|||&#8221;][et_pb_column type=&#8221;4_4&#8243; _builder_version=&#8221;4.4.7&#8243;][et_pb_text _builder_version=&#8221;4.4.7&#8243; text_font=&#8221;||||||||&#8221; text_line_height=&#8221;2em&#8221; header_font=&#8221;Faustina|600|||||||&#8221; header_text_align=&#8221;center&#8221; header_font_size=&#8221;37px&#8221; header_line_height=&#8221;1.3em&#8221; text_orientation=&#8221;center&#8221; custom_margin=&#8221;||1px|||&#8221; header_font_size_tablet=&#8221;50px&#8221; header_font_size_phone=&#8221;40px&#8221; header_font_size_last_edited=&#8221;on|phone&#8221; locked=&#8221;off&#8221;]<\/p>\n<h1>Tienda<\/h1>\n<p>[\/et_pb_text][et_pb_divider color=&#8221;#E02B20&#8243; divider_weight=&#8221;3px&#8221; _builder_version=&#8221;4.4.7&#8243; width=&#8221;6%&#8221; module_alignment=&#8221;center&#8221; custom_margin=&#8221;||4px|||&#8221;][\/et_pb_divider][et_pb_shop type=&#8221;product_category&#8221; include_categories=&#8221;all&#8221; columns_number=&#8221;3&#8243; _builder_version=&#8221;4.5.1&#8243; title_font=&#8221;||||||||&#8221; title_text_color=&#8221;#001c73&#8243; title_font_size=&#8221;22px&#8221; price_font=&#8221;|600|||||||&#8221; price_font_size=&#8221;15px&#8221; width=&#8221;50%&#8221; width_tablet=&#8221;&#8221; width_phone=&#8221;100%&#8221; width_last_edited=&#8221;on|phone&#8221; module_alignment=&#8221;center&#8221; custom_padding=&#8221;||0px|||&#8221;][\/et_pb_shop][\/et_pb_column][\/et_pb_row][\/et_pb_section]<\/p>\n","protected":false},"excerpt":{"rendered":"<p>Los m\u00e9dicos internacionales (IMGs) que buscan informaci\u00f3n sobre c\u00f3mo practicar Medicina en Canad\u00e1, deben visitar el sitio web del Consejo M\u00e9dico de Canad\u00e1 o Medical Council of Canada: www.mcc.caTambi\u00e9n se recomienda a los IMGs que visiten www.workingincanada.gc.ca para obtener informaci\u00f3n espec\u00edfica de la provincia y territorio en donde planean ejercer o se encuentran viviendo.Obt\u00e9n m\u00e1s [&hellip;]<\/p>\n","protected":false},"author":7,"featured_media":147,"parent":0,"menu_order":0,"comment_status":"closed","ping_status":"closed","template":"","meta":{"_et_pb_use_builder":"on","_et_pb_old_content":"","_et_gb_content_width":"","_joinchat":[],"footnotes":""},"class_list":["post-214","page","type-page","status-publish","has-post-thumbnail","hentry"],"_links":{"self":[{"href":"https:\/\/bosworthinstitute.com\/eng\/wp-json\/wp\/v2\/pages\/214","targetHints":{"allow":["GET"]}}],"collection":[{"href":"https:\/\/bosworthinstitute.com\/eng\/wp-json\/wp\/v2\/pages"}],"about":[{"href":"https:\/\/bosworthinstitute.com\/eng\/wp-json\/wp\/v2\/types\/page"}],"author":[{"embeddable":true,"href":"https:\/\/bosworthinstitute.com\/eng\/wp-json\/wp\/v2\/users\/7"}],"replies":[{"embeddable":true,"href":"https:\/\/bosworthinstitute.com\/eng\/wp-json\/wp\/v2\/comments?post=214"}],"version-history":[{"count":28,"href":"https:\/\/bosworthinstitute.com\/eng\/wp-json\/wp\/v2\/pages\/214\/revisions"}],"predecessor-version":[{"id":1432,"href":"https:\/\/bosworthinstitute.com\/eng\/wp-json\/wp\/v2\/pages\/214\/revisions\/1432"}],"wp:featuredmedia":[{"embeddable":true,"href":"https:\/\/bosworthinstitute.com\/eng\/wp-json\/wp\/v2\/media\/147"}],"wp:attachment":[{"href":"https:\/\/bosworthinstitute.com\/eng\/wp-json\/wp\/v2\/media?parent=214"}],"curies":[{"name":"wp","href":"https:\/\/api.w.org\/{rel}","templated":true}]}}