{"id":2373,"date":"2022-08-02T03:17:35","date_gmt":"2022-08-02T03:17:35","guid":{"rendered":"http:\/\/bosworthinstitute.com\/?page_id=2373"},"modified":"2022-08-19T00:01:10","modified_gmt":"2022-08-19T00:01:10","slug":"quienes-somos-2","status":"publish","type":"page","link":"https:\/\/bosworthinstitute.com\/eng\/quienes-somos-2\/","title":{"rendered":"quienes somos"},"content":{"rendered":"<div data-elementor-type=\"wp-page\" data-elementor-id=\"2373\" class=\"elementor elementor-2373\" data-elementor-post-type=\"page\">\n\t\t\t\t\t\t<section class=\"elementor-section elementor-top-section elementor-element elementor-element-54c79c15 elementor-section-height-min-height elementor-section-boxed elementor-section-height-default elementor-section-items-middle\" data-id=\"54c79c15\" data-element_type=\"section\" data-e-type=\"section\" data-settings=\"{&quot;background_background&quot;:&quot;classic&quot;}\">\n\t\t\t\t\t\t\t<div class=\"elementor-background-overlay\"><\/div>\n\t\t\t\t\t\t\t<div class=\"elementor-container elementor-column-gap-default\">\n\t\t\t\t\t<div class=\"elementor-column elementor-col-33 elementor-top-column elementor-element elementor-element-35b56092\" data-id=\"35b56092\" data-element_type=\"column\" data-e-type=\"column\">\n\t\t\t<div class=\"elementor-widget-wrap\">\n\t\t\t\t\t\t\t<\/div>\n\t\t<\/div>\n\t\t\t\t<div class=\"elementor-column elementor-col-33 elementor-top-column elementor-element elementor-element-37bff47c\" data-id=\"37bff47c\" data-element_type=\"column\" data-e-type=\"column\">\n\t\t\t<div class=\"elementor-widget-wrap elementor-element-populated\">\n\t\t\t\t\t\t<div class=\"elementor-element elementor-element-c65d248 elementor-widget elementor-widget-heading\" data-id=\"c65d248\" data-element_type=\"widget\" data-e-type=\"widget\" data-widget_type=\"heading.default\">\n\t\t\t\t<div class=\"elementor-widget-container\">\n\t\t\t\t\t<h2 class=\"elementor-heading-title elementor-size-default\">\u00bfQui\u00e9nes Somos?<\/h2>\t\t\t\t<\/div>\n\t\t\t\t<\/div>\n\t\t\t\t<div class=\"elementor-element elementor-element-c228a6c elementor-widget elementor-widget-text-editor\" data-id=\"c228a6c\" data-element_type=\"widget\" data-e-type=\"widget\" data-widget_type=\"text-editor.default\">\n\t\t\t\t<div class=\"elementor-widget-container\">\n\t\t\t\t\t\t\t\t\t<p>Asesor\u00eda profesional en la revalidaci\u00f3n de carreras de la salud en Canad\u00e1.<\/p>\t\t\t\t\t\t\t\t<\/div>\n\t\t\t\t<\/div>\n\t\t\t\t\t<\/div>\n\t\t<\/div>\n\t\t\t\t<div class=\"elementor-column elementor-col-33 elementor-top-column elementor-element elementor-element-607f261a\" data-id=\"607f261a\" data-element_type=\"column\" data-e-type=\"column\">\n\t\t\t<div class=\"elementor-widget-wrap\">\n\t\t\t\t\t\t\t<\/div>\n\t\t<\/div>\n\t\t\t\t\t<\/div>\n\t\t<\/section>\n\t\t\t\t<section class=\"elementor-section elementor-top-section elementor-element elementor-element-cb5de57 elementor-section-full_width elementor-section-stretched elementor-section-height-default elementor-section-height-default\" data-id=\"cb5de57\" data-element_type=\"section\" data-e-type=\"section\" data-settings=\"{&quot;stretch_section&quot;:&quot;section-stretched&quot;}\">\n\t\t\t\t\t\t<div class=\"elementor-container elementor-column-gap-default\">\n\t\t\t\t\t<div class=\"elementor-column elementor-col-100 elementor-top-column elementor-element elementor-element-25ef872\" data-id=\"25ef872\" data-element_type=\"column\" data-e-type=\"column\">\n\t\t\t<div class=\"elementor-widget-wrap elementor-element-populated\">\n\t\t\t\t\t\t<section class=\"elementor-section elementor-inner-section elementor-element elementor-element-1e0cf7e elementor-reverse-tablet elementor-reverse-mobile elementor-section-boxed elementor-section-height-default elementor-section-height-default elementor-invisible\" data-id=\"1e0cf7e\" data-element_type=\"section\" data-e-type=\"section\" data-settings=\"{&quot;background_background&quot;:&quot;classic&quot;,&quot;animation&quot;:&quot;fadeInDown&quot;}\">\n\t\t\t\t\t\t<div class=\"elementor-container elementor-column-gap-default\">\n\t\t\t\t\t<div class=\"elementor-column elementor-col-50 elementor-inner-column elementor-element elementor-element-b48e2f1\" data-id=\"b48e2f1\" data-element_type=\"column\" data-e-type=\"column\">\n\t\t\t<div class=\"elementor-widget-wrap elementor-element-populated\">\n\t\t\t\t\t\t<div class=\"elementor-element elementor-element-8ee4cc4 elementor-widget elementor-widget-elementskit-heading\" data-id=\"8ee4cc4\" data-element_type=\"widget\" data-e-type=\"widget\" data-widget_type=\"elementskit-heading.default\">\n\t\t\t\t<div class=\"elementor-widget-container\">\n\t\t\t\t\t<div class=\"ekit-wid-con\" ><div class=\"ekit-heading elementskit-section-title-wraper text_left   ekit_heading_tablet-   ekit_heading_mobile-\"><h2 class=\"ekit-heading--title elementskit-section-title\">Brenda \u00e1lvarez-Bosworth<\/h2>\t\t\t\t<div class='ekit-heading__description'>\n\t\t\t\t\t<p>Brenda Bosworth es una M\u00e9dica Mexicana, con M\u00e1ster en Ciencias de la Salud, que actualmente ejerce tiempo completo como Profesora e Investigadora de Fisiolog\u00eda y Anatom\u00eda Humana, entre otras materias en el \u00e1rea de Ciencias de la Salud, viviendo en la ciudad de Calgary, Alberta en Canad\u00e1.<\/p>\n<p>La Dra. Brenda Bosworth es tambi\u00e9n Fundadora y Manager de la \u00fanica Agencia de Consulta para Profesionales de la Salud que desean establecerse en Canad\u00e1: Bosworth Institute\u00a0(antes llamado PROSAEC), que da a conocer de manera sencilla los requisitos de revalidaci\u00f3n de las principales carreras de la salud en Canad\u00e1. Bosworth Institute desde el a\u00f1o 2018 ha asesorado en espa\u00f1ol e ingl\u00e9s a cientos de Profesionales de la Salud Internacionales a trav\u00e9s de Conferencias, Asesor\u00edas Online, Videos, Publicaciones y Cursos Online.<\/p>\n<p>Para ver m\u00e1s videos sobre la Dra. Brenda Bosworth y el proceso de certificaci\u00f3n de las carreras de la salud en Canad\u00e1, visita el siguiente enlace:<\/p>\n<p><a href=\"https:\/\/www.youtube.com\/channel\/UC5h1sAB7B_aZInlr9CpJTpg\/videos\">https:\/\/www.youtube.com\/channel\/UC5h1sAB7B_aZInlr9CpJTpg\/videos<\/a><\/p>\n\t\t\t\t<\/div>\n\t\t\t<\/div><\/div>\t\t\t\t<\/div>\n\t\t\t\t<\/div>\n\t\t\t\t\t<\/div>\n\t\t<\/div>\n\t\t\t\t<div class=\"elementor-column elementor-col-50 elementor-inner-column elementor-element elementor-element-0121636\" data-id=\"0121636\" data-element_type=\"column\" data-e-type=\"column\">\n\t\t\t<div class=\"elementor-widget-wrap elementor-element-populated\">\n\t\t\t\t\t\t<div class=\"elementor-element elementor-element-1daffa4 elementor-widget elementor-widget-video\" data-id=\"1daffa4\" data-element_type=\"widget\" data-e-type=\"widget\" data-settings=\"{&quot;video_type&quot;:&quot;hosted&quot;,&quot;show_image_overlay&quot;:&quot;yes&quot;,&quot;image_overlay&quot;:{&quot;url&quot;:&quot;http:\\\/\\\/bosworthinstitute.com\\\/copia\\\/wp-content\\\/uploads\\\/2022\\\/08\\\/Sin-titasasaasulo-1.png&quot;,&quot;id&quot;:3808,&quot;size&quot;:&quot;&quot;,&quot;alt&quot;:&quot;&quot;,&quot;source&quot;:&quot;library&quot;},&quot;loop&quot;:&quot;yes&quot;,&quot;controls&quot;:&quot;yes&quot;}\" data-widget_type=\"video.default\">\n\t\t\t\t<div class=\"elementor-widget-container\">\n\t\t\t\t\t\t\t<div class=\"e-hosted-video elementor-wrapper elementor-open-inline\">\n\t\t\t\t\t<video class=\"elementor-video\" src=\"http:\/\/bosworthinstitute.com\/copia\/wp-content\/uploads\/2022\/08\/WhatsApp-Video-2022-07-29-at-11.06.08-PM.mp4\" loop=\"\" controls=\"\" preload=\"metadata\" controlslist=\"nodownload\"><\/video>\n\t\t\t\t\t\t<div class=\"elementor-custom-embed-image-overlay\" style=\"background-image: url(https:\/\/bosworthinstitute.com\/wp-content\/uploads\/2022\/08\/Sin-titasasaasulo-1.png);\">\n\t\t\t\t\t\t\t\t\t\t\t\t\t\t\t\t<div class=\"elementor-custom-embed-play\" role=\"button\" aria-label=\"Reproducir video\" tabindex=\"0\">\n\t\t\t\t\t\t\t<i aria-hidden=\"true\" class=\"eicon-play\"><\/i>\t\t\t\t\t\t<\/div>\n\t\t\t\t\t\t\t\t\t<\/div>\n\t\t\t\t\t<\/div>\n\t\t\t\t\t\t<\/div>\n\t\t\t\t<\/div>\n\t\t\t\t\t<\/div>\n\t\t<\/div>\n\t\t\t\t\t<\/div>\n\t\t<\/section>\n\t\t\t\t\t<\/div>\n\t\t<\/div>\n\t\t\t\t\t<\/div>\n\t\t<\/section>\n\t\t\t\t<section class=\"elementor-section elementor-top-section elementor-element elementor-element-20e9f0a elementor-section-height-min-height elementor-section-boxed elementor-section-height-default elementor-section-items-middle\" data-id=\"20e9f0a\" data-element_type=\"section\" data-e-type=\"section\" data-settings=\"{&quot;background_background&quot;:&quot;classic&quot;}\">\n\t\t\t\t\t\t\t<div class=\"elementor-background-overlay\"><\/div>\n\t\t\t\t\t\t\t<div class=\"elementor-container elementor-column-gap-default\">\n\t\t\t\t\t<div class=\"elementor-column elementor-col-100 elementor-top-column elementor-element elementor-element-bd546d8\" data-id=\"bd546d8\" data-element_type=\"column\" data-e-type=\"column\">\n\t\t\t<div class=\"elementor-widget-wrap elementor-element-populated\">\n\t\t\t\t\t\t<div class=\"elementor-element elementor-element-b4f7b30 elementor-widget elementor-widget-heading\" data-id=\"b4f7b30\" data-element_type=\"widget\" data-e-type=\"widget\" data-widget_type=\"heading.default\">\n\t\t\t\t<div class=\"elementor-widget-container\">\n\t\t\t\t\t<h2 class=\"elementor-heading-title elementor-size-default\">\u00bfC\u00f3mo nace Bosworth Institute?<\/h2>\t\t\t\t<\/div>\n\t\t\t\t<\/div>\n\t\t\t\t<div class=\"elementor-element elementor-element-ffffed1 elementor-widget elementor-widget-text-editor\" data-id=\"ffffed1\" data-element_type=\"widget\" data-e-type=\"widget\" data-widget_type=\"text-editor.default\">\n\t\t\t\t<div class=\"elementor-widget-container\">\n\t\t\t\t\t\t\t\t\t<p>Bosworth Institute, es una Agencia de Consulta Profesional que surge a partir de la necesidad que los profesionales de salud tienen al buscar informaci\u00f3n actual, veraz y precisa de los procedimientos para ejercer en Canad\u00e1, especialmente Enfermer\u00eda y Medicina, entre otras profesiones de la salud. Los cuales a trav\u00e9s de la asesor\u00eda personal, libros electr\u00f3nicos, cursos online -entre otros servicios- puedan despejar todas sus dudas y de esta forma ellos pueden tomar las decisiones correctas, teniendo la informaci\u00f3n necesaria antes de dar este importante paso en su vida y la de su familia.<\/p><p>Bosworth Institute es la \u00fanica Agencia de Consulta Canadiense Online para asesorar a Profesionales de la Salud en Ingl\u00e9s y Espa\u00f1ol.<\/p>\t\t\t\t\t\t\t\t<\/div>\n\t\t\t\t<\/div>\n\t\t\t\t\t<\/div>\n\t\t<\/div>\n\t\t\t\t\t<\/div>\n\t\t<\/section>\n\t\t\t\t<section class=\"elementor-section elementor-top-section elementor-element elementor-element-4eaa5fcc elementor-section-stretched elementor-section-boxed elementor-section-height-default elementor-section-height-default\" data-id=\"4eaa5fcc\" data-element_type=\"section\" data-e-type=\"section\" data-settings=\"{&quot;background_background&quot;:&quot;classic&quot;,&quot;stretch_section&quot;:&quot;section-stretched&quot;}\">\n\t\t\t\t\t\t<div class=\"elementor-container elementor-column-gap-default\">\n\t\t\t\t\t<div class=\"elementor-column elementor-col-100 elementor-top-column elementor-element elementor-element-5e8ffe23\" data-id=\"5e8ffe23\" data-element_type=\"column\" data-e-type=\"column\">\n\t\t\t<div class=\"elementor-widget-wrap elementor-element-populated\">\n\t\t\t\t\t\t<section class=\"elementor-section elementor-inner-section elementor-element elementor-element-339d2d1a elementor-section-boxed elementor-section-height-default elementor-section-height-default\" data-id=\"339d2d1a\" data-element_type=\"section\" data-e-type=\"section\">\n\t\t\t\t\t\t<div class=\"elementor-container elementor-column-gap-default\">\n\t\t\t\t\t<div class=\"elementor-column elementor-col-33 elementor-inner-column elementor-element elementor-element-6493a0f4\" data-id=\"6493a0f4\" data-element_type=\"column\" data-e-type=\"column\">\n\t\t\t<div class=\"elementor-widget-wrap elementor-element-populated\">\n\t\t\t\t\t\t<div class=\"elementor-element elementor-element-f937768 ekit-equal-height-enable elementor-invisible elementor-widget elementor-widget-elementskit-icon-box\" data-id=\"f937768\" data-element_type=\"widget\" data-e-type=\"widget\" data-settings=\"{&quot;_animation&quot;:&quot;bounceInDown&quot;,&quot;_animation_mobile&quot;:&quot;bounceInDown&quot;}\" data-widget_type=\"elementskit-icon-box.default\">\n\t\t\t\t<div class=\"elementor-widget-container\">\n\t\t\t\t\t<div class=\"ekit-wid-con\" >        <!-- link opening -->\n                <a href=\"#\" class=\"ekit_global_links\">\n                <!-- end link opening -->\n\n        <div class=\"elementskit-infobox text-center text- icon-top-align elementor-animation-\">\n                            <div class=\"elementskit-box-header\">\n                <div class=\"elementskit-info-box-icon\">\n                    <img decoding=\"async\" width=\"98\" height=\"98\" src=\"https:\/\/bosworthinstitute.com\/wp-content\/uploads\/2022\/08\/aao-2.png\" class=\"attachment- size-\" alt=\"\" srcset=\"https:\/\/bosworthinstitute.com\/wp-content\/uploads\/2022\/08\/aao-2.png 98w, https:\/\/bosworthinstitute.com\/wp-content\/uploads\/2022\/08\/aao-2-24x24.png 24w, https:\/\/bosworthinstitute.com\/wp-content\/uploads\/2022\/08\/aao-2-36x36.png 36w, https:\/\/bosworthinstitute.com\/wp-content\/uploads\/2022\/08\/aao-2-48x48.png 48w\" sizes=\"(max-width: 98px) 100vw, 98px\" \/>                <\/div>\n          <\/div>\n                <div class=\"box-body\">\n                            <h3 class=\"elementskit-info-box-title\">\n                    Misi\u00f3n                <\/h3>\n                        \t\t  \t<p>Nuestra misi\u00f3n como empresa de mantenimiento industrial es colaborar de manera proactiva en el desarrollo de nuestro pa\u00eds y del mundo con la m\u00e1s minuciosa atenci\u00f3n al crecimiento y necesidades de nuestros clientes.\nDesarrollando proyectos, y construcciones con los m\u00e1s exigentes est\u00e1ndares, en seguridad, calidad y puntualidad.\n<\/p>\n                                <\/div>\n        \n        \n                <\/div>\n                <\/a>\n        <\/div>\t\t\t\t<\/div>\n\t\t\t\t<\/div>\n\t\t\t\t\t<\/div>\n\t\t<\/div>\n\t\t\t\t<div class=\"elementor-column elementor-col-33 elementor-inner-column elementor-element elementor-element-33b93920\" data-id=\"33b93920\" data-element_type=\"column\" data-e-type=\"column\">\n\t\t\t<div class=\"elementor-widget-wrap elementor-element-populated\">\n\t\t\t\t\t\t<div class=\"elementor-element elementor-element-75a1658 ekit-equal-height-enable elementor-invisible elementor-widget elementor-widget-elementskit-icon-box\" data-id=\"75a1658\" data-element_type=\"widget\" data-e-type=\"widget\" data-settings=\"{&quot;_animation&quot;:&quot;bounceInDown&quot;,&quot;_animation_mobile&quot;:&quot;bounceInDown&quot;}\" data-widget_type=\"elementskit-icon-box.default\">\n\t\t\t\t<div class=\"elementor-widget-container\">\n\t\t\t\t\t<div class=\"ekit-wid-con\" >        <!-- link opening -->\n                <a href=\"#\" class=\"ekit_global_links\">\n                <!-- end link opening -->\n\n        <div class=\"elementskit-infobox text-center text- icon-top-align elementor-animation-\">\n                            <div class=\"elementskit-box-header\">\n                <div class=\"elementskit-info-box-icon\">\n                    <img decoding=\"async\" width=\"98\" height=\"98\" src=\"https:\/\/bosworthinstitute.com\/wp-content\/uploads\/2022\/08\/Siaa-tituasalo-2.png\" class=\"attachment- size-\" alt=\"\" srcset=\"https:\/\/bosworthinstitute.com\/wp-content\/uploads\/2022\/08\/Siaa-tituasalo-2.png 98w, https:\/\/bosworthinstitute.com\/wp-content\/uploads\/2022\/08\/Siaa-tituasalo-2-24x24.png 24w, https:\/\/bosworthinstitute.com\/wp-content\/uploads\/2022\/08\/Siaa-tituasalo-2-36x36.png 36w, https:\/\/bosworthinstitute.com\/wp-content\/uploads\/2022\/08\/Siaa-tituasalo-2-48x48.png 48w\" sizes=\"(max-width: 98px) 100vw, 98px\" \/>                <\/div>\n          <\/div>\n                <div class=\"box-body\">\n                            <h3 class=\"elementskit-info-box-title\">\n                    visi\u00f3n                <\/h3>\n                        \t\t  \t<p>Nuestra misi\u00f3n como empresa de mantenimiento industrial es colaborar de manera proactiva en el desarrollo de nuestro pa\u00eds y del mundo con la m\u00e1s minuciosa atenci\u00f3n al crecimiento y necesidades de nuestros clientes.\nDesarrollando proyectos, y construcciones con los m\u00e1s exigentes est\u00e1ndares, en seguridad, calidad y puntualidad.\n<\/p>\n                                <\/div>\n        \n        \n                <\/div>\n                <\/a>\n        <\/div>\t\t\t\t<\/div>\n\t\t\t\t<\/div>\n\t\t\t\t\t<\/div>\n\t\t<\/div>\n\t\t\t\t<div class=\"elementor-column elementor-col-33 elementor-inner-column elementor-element elementor-element-5e234776\" data-id=\"5e234776\" data-element_type=\"column\" data-e-type=\"column\">\n\t\t\t<div class=\"elementor-widget-wrap elementor-element-populated\">\n\t\t\t\t\t\t<div class=\"elementor-element elementor-element-a43e7bd ekit-equal-height-enable elementor-invisible elementor-widget elementor-widget-elementskit-icon-box\" data-id=\"a43e7bd\" data-element_type=\"widget\" data-e-type=\"widget\" data-settings=\"{&quot;_animation&quot;:&quot;bounceInDown&quot;,&quot;_animation_mobile&quot;:&quot;bounceInDown&quot;}\" data-widget_type=\"elementskit-icon-box.default\">\n\t\t\t\t<div class=\"elementor-widget-container\">\n\t\t\t\t\t<div class=\"ekit-wid-con\" >        <!-- link opening -->\n                <a href=\"#\" class=\"ekit_global_links\">\n                <!-- end link opening -->\n\n        <div class=\"elementskit-infobox text-center text- icon-top-align elementor-animation-\">\n                            <div class=\"elementskit-box-header\">\n                <div class=\"elementskit-info-box-icon\">\n                    <img decoding=\"async\" width=\"98\" height=\"98\" src=\"https:\/\/bosworthinstitute.com\/wp-content\/uploads\/2022\/08\/Sin-titulasaoasas-2.png\" class=\"attachment- size-\" alt=\"\" srcset=\"https:\/\/bosworthinstitute.com\/wp-content\/uploads\/2022\/08\/Sin-titulasaoasas-2.png 98w, https:\/\/bosworthinstitute.com\/wp-content\/uploads\/2022\/08\/Sin-titulasaoasas-2-24x24.png 24w, https:\/\/bosworthinstitute.com\/wp-content\/uploads\/2022\/08\/Sin-titulasaoasas-2-36x36.png 36w, https:\/\/bosworthinstitute.com\/wp-content\/uploads\/2022\/08\/Sin-titulasaoasas-2-48x48.png 48w\" sizes=\"(max-width: 98px) 100vw, 98px\" \/>                <\/div>\n          <\/div>\n                <div class=\"box-body\">\n                            <h3 class=\"elementskit-info-box-title\">\n                    valores                <\/h3>\n                        \t\t  \t<p>Nuestra misi\u00f3n como empresa de mantenimiento industrial es colaborar de manera proactiva en el desarrollo de nuestro pa\u00eds y del mundo con la m\u00e1s minuciosa atenci\u00f3n al crecimiento y necesidades de nuestros clientes.\nDesarrollando proyectos, y construcciones con los m\u00e1s exigentes est\u00e1ndares, en seguridad, calidad y puntualidad.\n<\/p>\n                                <\/div>\n        \n        \n                <\/div>\n                <\/a>\n        <\/div>\t\t\t\t<\/div>\n\t\t\t\t<\/div>\n\t\t\t\t\t<\/div>\n\t\t<\/div>\n\t\t\t\t\t<\/div>\n\t\t<\/section>\n\t\t\t\t\t<\/div>\n\t\t<\/div>\n\t\t\t\t\t<\/div>\n\t\t<\/section>\n\t\t\t\t<\/div>","protected":false},"excerpt":{"rendered":"<p>\u00bfQui\u00e9nes Somos? Asesor\u00eda profesional en la revalidaci\u00f3n de carreras de la salud en Canad\u00e1. Brenda \u00e1lvarez-Bosworth Brenda Bosworth es una M\u00e9dica Mexicana, con M\u00e1ster en Ciencias de la Salud, que actualmente ejerce tiempo completo como Profesora e Investigadora de Fisiolog\u00eda y Anatom\u00eda Humana, entre otras materias en el \u00e1rea de Ciencias de la Salud, viviendo [&hellip;]<\/p>\n","protected":false},"author":7,"featured_media":0,"parent":0,"menu_order":0,"comment_status":"closed","ping_status":"closed","template":"elementor_header_footer","meta":{"_et_pb_use_builder":"","_et_pb_old_content":"","_et_gb_content_width":"","_joinchat":[],"footnotes":""},"class_list":["post-2373","page","type-page","status-publish","hentry"],"_links":{"self":[{"href":"https:\/\/bosworthinstitute.com\/eng\/wp-json\/wp\/v2\/pages\/2373","targetHints":{"allow":["GET"]}}],"collection":[{"href":"https:\/\/bosworthinstitute.com\/eng\/wp-json\/wp\/v2\/pages"}],"about":[{"href":"https:\/\/bosworthinstitute.com\/eng\/wp-json\/wp\/v2\/types\/page"}],"author":[{"embeddable":true,"href":"https:\/\/bosworthinstitute.com\/eng\/wp-json\/wp\/v2\/users\/7"}],"replies":[{"embeddable":true,"href":"https:\/\/bosworthinstitute.com\/eng\/wp-json\/wp\/v2\/comments?post=2373"}],"version-history":[{"count":174,"href":"https:\/\/bosworthinstitute.com\/eng\/wp-json\/wp\/v2\/pages\/2373\/revisions"}],"predecessor-version":[{"id":4519,"href":"https:\/\/bosworthinstitute.com\/eng\/wp-json\/wp\/v2\/pages\/2373\/revisions\/4519"}],"wp:attachment":[{"href":"https:\/\/bosworthinstitute.com\/eng\/wp-json\/wp\/v2\/media?parent=2373"}],"curies":[{"name":"wp","href":"https:\/\/api.w.org\/{rel}","templated":true}]}}