{"id":3233,"date":"2022-08-10T00:24:50","date_gmt":"2022-08-10T00:24:50","guid":{"rendered":"http:\/\/bosworthinstitute.com\/?page_id=3233"},"modified":"2022-08-19T01:26:07","modified_gmt":"2022-08-19T01:26:07","slug":"enfermeria-3","status":"publish","type":"page","link":"https:\/\/bosworthinstitute.com\/eng\/enfermeria-3\/","title":{"rendered":"enfermer\u00eda"},"content":{"rendered":"<div data-elementor-type=\"wp-page\" data-elementor-id=\"3233\" class=\"elementor elementor-3233\" data-elementor-post-type=\"page\">\n\t\t\t\t\t\t<section class=\"elementor-section elementor-top-section elementor-element elementor-element-4e63fb6c elementor-section-height-min-height elementor-section-boxed elementor-section-height-default elementor-section-items-middle\" data-id=\"4e63fb6c\" data-element_type=\"section\" data-e-type=\"section\" data-settings=\"{&quot;background_background&quot;:&quot;classic&quot;}\">\n\t\t\t\t\t\t\t<div class=\"elementor-background-overlay\"><\/div>\n\t\t\t\t\t\t\t<div class=\"elementor-container elementor-column-gap-default\">\n\t\t\t\t\t<div class=\"elementor-column elementor-col-100 elementor-top-column elementor-element elementor-element-74ab93b5\" data-id=\"74ab93b5\" data-element_type=\"column\" data-e-type=\"column\">\n\t\t\t<div class=\"elementor-widget-wrap elementor-element-populated\">\n\t\t\t\t\t\t<section class=\"elementor-section elementor-inner-section elementor-element elementor-element-15c53452 elementor-section-boxed elementor-section-height-default elementor-section-height-default\" data-id=\"15c53452\" data-element_type=\"section\" data-e-type=\"section\">\n\t\t\t\t\t\t<div class=\"elementor-container elementor-column-gap-default\">\n\t\t\t\t\t<div class=\"elementor-column elementor-col-50 elementor-inner-column elementor-element elementor-element-69f9bf9c\" data-id=\"69f9bf9c\" data-element_type=\"column\" data-e-type=\"column\">\n\t\t\t<div class=\"elementor-widget-wrap elementor-element-populated\">\n\t\t\t\t\t\t<div class=\"elementor-element elementor-element-14243b7e elementor-widget elementor-widget-elementskit-heading\" data-id=\"14243b7e\" data-element_type=\"widget\" data-e-type=\"widget\" data-widget_type=\"elementskit-heading.default\">\n\t\t\t\t<div class=\"elementor-widget-container\">\n\t\t\t\t\t<div class=\"ekit-wid-con\" ><div class=\"ekit-heading elementskit-section-title-wraper text_left   ekit_heading_tablet-   ekit_heading_mobile-\"><h1 class=\"ekit-heading--title elementskit-section-title\">Enfermer\u00eda<\/h1>\t\t\t\t<div class='ekit-heading__description'>\n\t\t\t\t\t<p>Si deseas asesoramiento personalizado contamos con expertos en el area para que puedas ejercer en Canad\u00e1<\/p>\n\t\t\t\t<\/div>\n\t\t\t<\/div><\/div>\t\t\t\t<\/div>\n\t\t\t\t<\/div>\n\t\t\t\t<div class=\"elementor-element elementor-element-22386758 elementor-align-left elementor-widget elementor-widget-elementskit-button\" data-id=\"22386758\" data-element_type=\"widget\" data-e-type=\"widget\" data-widget_type=\"elementskit-button.default\">\n\t\t\t\t<div class=\"elementor-widget-container\">\n\t\t\t\t\t<div class=\"ekit-wid-con\" >\t\t<div class=\"ekit-btn-wraper\">\n\t\t\t\t\t\t\t<a href=\"http:\/\/bosworthinstitute.com\/eng\/copia\/agenda-una-cita\/\" class=\"elementskit-btn  whitespace--normal\" id=\"\">\n\t\t\t\t\tAgenda tu cita<i class=\"fasicon icon-arrow-right\"><\/i>\t\t\t\t<\/a>\n\t\t\t\t\t<\/div>\n        <\/div>\t\t\t\t<\/div>\n\t\t\t\t<\/div>\n\t\t\t\t\t<\/div>\n\t\t<\/div>\n\t\t\t\t<div class=\"elementor-column elementor-col-50 elementor-inner-column elementor-element elementor-element-345629f1\" data-id=\"345629f1\" data-element_type=\"column\" data-e-type=\"column\">\n\t\t\t<div class=\"elementor-widget-wrap\">\n\t\t\t\t\t\t\t<\/div>\n\t\t<\/div>\n\t\t\t\t\t<\/div>\n\t\t<\/section>\n\t\t\t\t\t<\/div>\n\t\t<\/div>\n\t\t\t\t\t<\/div>\n\t\t<\/section>\n\t\t\t\t<section class=\"elementor-section elementor-top-section elementor-element elementor-element-5932a14d elementor-section-content-middle elementor-section-height-min-height elementor-section-stretched elementor-section-boxed elementor-section-height-default elementor-section-items-middle\" data-id=\"5932a14d\" data-element_type=\"section\" data-e-type=\"section\" data-settings=\"{&quot;background_background&quot;:&quot;classic&quot;,&quot;stretch_section&quot;:&quot;section-stretched&quot;}\">\n\t\t\t\t\t\t\t<div class=\"elementor-background-overlay\"><\/div>\n\t\t\t\t\t\t\t<div class=\"elementor-container elementor-column-gap-no\">\n\t\t\t\t\t<div class=\"elementor-column elementor-col-100 elementor-top-column elementor-element elementor-element-1006cea6\" data-id=\"1006cea6\" data-element_type=\"column\" data-e-type=\"column\">\n\t\t\t<div class=\"elementor-widget-wrap elementor-element-populated\">\n\t\t\t\t\t\t<section class=\"elementor-section elementor-inner-section elementor-element elementor-element-7822df99 elementor-section-boxed elementor-section-height-default elementor-section-height-default\" data-id=\"7822df99\" data-element_type=\"section\" data-e-type=\"section\">\n\t\t\t\t\t\t<div class=\"elementor-container elementor-column-gap-default\">\n\t\t\t\t\t<div class=\"elementor-column elementor-col-50 elementor-inner-column elementor-element elementor-element-2b10b8a8\" data-id=\"2b10b8a8\" data-element_type=\"column\" data-e-type=\"column\">\n\t\t\t<div class=\"elementor-widget-wrap elementor-element-populated\">\n\t\t\t\t\t\t<div class=\"elementor-element elementor-element-1900fc46 elementor-widget elementor-widget-elementskit-heading\" data-id=\"1900fc46\" data-element_type=\"widget\" data-e-type=\"widget\" data-widget_type=\"elementskit-heading.default\">\n\t\t\t\t<div class=\"elementor-widget-container\">\n\t\t\t\t\t<div class=\"ekit-wid-con\" ><div class=\"ekit-heading elementskit-section-title-wraper text_left   ekit_heading_tablet-   ekit_heading_mobile-\"><h2 class=\"ekit-heading--title elementskit-section-title\">Ejerce enfermer\u00eda en Canad\u00e1<\/h2>\t\t\t\t<div class='ekit-heading__description'>\n\t\t\t\t\t<p>En Canad\u00e1, la profesi\u00f3n de enfermer\u00eda es\u00a0<b>regulada<\/b>\u00a0(para saber qu\u00e9 significa esto, ve a la secci\u00f3n: \u201cLo que necesitas saber\u201d y consiste en cuatro opciones distintas:<\/p>\n\t\t\t\t<\/div>\n\t\t\t<\/div><\/div>\t\t\t\t<\/div>\n\t\t\t\t<\/div>\n\t\t\t\t\t<\/div>\n\t\t<\/div>\n\t\t\t\t<div class=\"elementor-column elementor-col-50 elementor-inner-column elementor-element elementor-element-7ea99a79\" data-id=\"7ea99a79\" data-element_type=\"column\" data-e-type=\"column\">\n\t\t\t<div class=\"elementor-widget-wrap elementor-element-populated\">\n\t\t\t\t\t\t<div class=\"elementor-element elementor-element-e4f44fd elementor-widget elementor-widget-elementskit-accordion\" data-id=\"e4f44fd\" data-element_type=\"widget\" data-e-type=\"widget\" data-widget_type=\"elementskit-accordion.default\">\n\t\t\t\t<div class=\"elementor-widget-container\">\n\t\t\t\t\t<div class=\"ekit-wid-con\" >\n        <div class=\"elementskit-accordion accoedion-primary\" id=\"accordion-69d4829678e12\">\n\n            \n                <div class=\"elementskit-card active\">\n                    <div class=\"elementskit-card-header\" id=\"primaryHeading-0-e4f44fd\">\n                        <a href=\"#collapse-bc2283069d4829678e12\" class=\"ekit-accordion--toggler elementskit-btn-link collapsed\" data-ekit-toggle=\"collapse\" data-target=\"#Collapse-bc2283069d4829678e12\" aria-expanded=\"true\" aria-controls=\"Collapse-bc2283069d4829678e12\">\n                            \n                            <span class=\"ekit-accordion-title\">Enfermeras(os) Registradas(os) (RN)<\/span>\n\n                            \n                                <div class=\"ekit_accordion_icon_group\">\n                                    <div class=\"ekit_accordion_normal_icon\">\n                                        <!-- Normal Icon -->\n\t\t\t\t\t\t\t\t\t\t<i class=\"icon icon-down-arrow1\"><\/i>                                    <\/div>\n\n                                    <div class=\"ekit_accordion_active_icon\">\n                                        <!-- Active Icon -->\n\t\t\t\t\t\t\t\t\t\t<i class=\"icon icon-up-arrow\"><\/i>                                    <\/div>\n                                <\/div>\n\n                            \n                                                    <\/a>\n                    <\/div>\n\n                    <div id=\"Collapse-bc2283069d4829678e12\" class=\"show collapse\" aria-labelledby=\"primaryHeading-0-e4f44fd\" data-parent=\"#accordion-69d4829678e12\">\n\n                        <div class=\"elementskit-card-body ekit-accordion--content\">\n                            <p>Enfermeros con estudios universitarios o licenciatura con o sin especialidad.<\/p>                        <\/div>\n\n                    <\/div>\n\n                <\/div><!-- .elementskit-card END -->\n\n                \n                <div class=\"elementskit-card\">\n                    <div class=\"elementskit-card-header\" id=\"primaryHeading-1-e4f44fd\">\n                        <a href=\"#collapse-8417e7169d4829678e12\" class=\"ekit-accordion--toggler elementskit-btn-link collapsed\" data-ekit-toggle=\"collapse\" data-target=\"#Collapse-8417e7169d4829678e12\" aria-expanded=\"false\" aria-controls=\"Collapse-8417e7169d4829678e12\">\n                            \n                            <span class=\"ekit-accordion-title\">Enfermeras(os) Practicantes (NP)<\/span>\n\n                            \n                                <div class=\"ekit_accordion_icon_group\">\n                                    <div class=\"ekit_accordion_normal_icon\">\n                                        <!-- Normal Icon -->\n\t\t\t\t\t\t\t\t\t\t<i class=\"icon icon-down-arrow1\"><\/i>                                    <\/div>\n\n                                    <div class=\"ekit_accordion_active_icon\">\n                                        <!-- Active Icon -->\n\t\t\t\t\t\t\t\t\t\t<i class=\"icon icon-up-arrow\"><\/i>                                    <\/div>\n                                <\/div>\n\n                            \n                                                    <\/a>\n                    <\/div>\n\n                    <div id=\"Collapse-8417e7169d4829678e12\" class=\"collapse\" aria-labelledby=\"primaryHeading-1-e4f44fd\" data-parent=\"#accordion-69d4829678e12\">\n\n                        <div class=\"elementskit-card-body ekit-accordion--content\">\n                            <p>Aquellos que aun est\u00e1n realizando sus practicas profesionales.<\/p>                        <\/div>\n\n                    <\/div>\n\n                <\/div><!-- .elementskit-card END -->\n\n                \n                <div class=\"elementskit-card\">\n                    <div class=\"elementskit-card-header\" id=\"primaryHeading-2-e4f44fd\">\n                        <a href=\"#collapse-3dad4e069d4829678e12\" class=\"ekit-accordion--toggler elementskit-btn-link collapsed\" data-ekit-toggle=\"collapse\" data-target=\"#Collapse-3dad4e069d4829678e12\" aria-expanded=\"false\" aria-controls=\"Collapse-3dad4e069d4829678e12\">\n                            \n                            <span class=\"ekit-accordion-title\">Enfermeras(os) practicantes con licencia (LPN)<\/span>\n\n                            \n                                <div class=\"ekit_accordion_icon_group\">\n                                    <div class=\"ekit_accordion_normal_icon\">\n                                        <!-- Normal Icon -->\n\t\t\t\t\t\t\t\t\t\t<i class=\"icon icon-down-arrow1\"><\/i>                                    <\/div>\n\n                                    <div class=\"ekit_accordion_active_icon\">\n                                        <!-- Active Icon -->\n\t\t\t\t\t\t\t\t\t\t<i class=\"icon icon-up-arrow\"><\/i>                                    <\/div>\n                                <\/div>\n\n                            \n                                                    <\/a>\n                    <\/div>\n\n                    <div id=\"Collapse-3dad4e069d4829678e12\" class=\"collapse\" aria-labelledby=\"primaryHeading-2-e4f44fd\" data-parent=\"#accordion-69d4829678e12\">\n\n                        <div class=\"elementskit-card-body ekit-accordion--content\">\n                            <p>T\u00e9cnicos en Enfermer\u00eda o auxiliares.<\/p>                        <\/div>\n\n                    <\/div>\n\n                <\/div><!-- .elementskit-card END -->\n\n                \n                <div class=\"elementskit-card\">\n                    <div class=\"elementskit-card-header\" id=\"primaryHeading-3-e4f44fd\">\n                        <a href=\"#collapse-7c5475869d4829678e12\" class=\"ekit-accordion--toggler elementskit-btn-link collapsed\" data-ekit-toggle=\"collapse\" data-target=\"#Collapse-7c5475869d4829678e12\" aria-expanded=\"false\" aria-controls=\"Collapse-7c5475869d4829678e12\">\n                            \n                            <span class=\"ekit-accordion-title\">Enfermeras(os) Psiqui\u00e1tricas(os) registradas(os) (EPR)<\/span>\n\n                            \n                                <div class=\"ekit_accordion_icon_group\">\n                                    <div class=\"ekit_accordion_normal_icon\">\n                                        <!-- Normal Icon -->\n\t\t\t\t\t\t\t\t\t\t<i class=\"icon icon-down-arrow1\"><\/i>                                    <\/div>\n\n                                    <div class=\"ekit_accordion_active_icon\">\n                                        <!-- Active Icon -->\n\t\t\t\t\t\t\t\t\t\t<i class=\"icon icon-up-arrow\"><\/i>                                    <\/div>\n                                <\/div>\n\n                            \n                                                    <\/a>\n                    <\/div>\n\n                    <div id=\"Collapse-7c5475869d4829678e12\" class=\"collapse\" aria-labelledby=\"primaryHeading-3-e4f44fd\" data-parent=\"#accordion-69d4829678e12\">\n\n                        <div class=\"elementskit-card-body ekit-accordion--content\">\n                            <p>Enfermeros con especializaci\u00f3n en Psiquiatr\u00eda.<\/p><p>Los RN, conforman casi las tres cuartas partes de la fuerza de trabajo regulada en enfermer\u00eda en Canad\u00e1, por lo que son el mayor grupo de proveedores de atenci\u00f3n m\u00e9dica, se preparan por mucho m\u00e1s tiempo y tienen un mejor salario.<\/p>                        <\/div>\n\n                    <\/div>\n\n                <\/div><!-- .elementskit-card END -->\n\n                                        <\/div>\n    <\/div>\t\t\t\t<\/div>\n\t\t\t\t<\/div>\n\t\t\t\t\t<\/div>\n\t\t<\/div>\n\t\t\t\t\t<\/div>\n\t\t<\/section>\n\t\t\t\t<div class=\"elementor-element elementor-element-618927bf elementor-widget elementor-widget-heading\" data-id=\"618927bf\" data-element_type=\"widget\" data-e-type=\"widget\" data-widget_type=\"heading.default\">\n\t\t\t\t<div class=\"elementor-widget-container\">\n\t\t\t\t\t<h2 class=\"elementor-heading-title elementor-size-default\">Enfermer\u00eda graduados en Canad\u00e1 o en el extranjero<\/h2>\t\t\t\t<\/div>\n\t\t\t\t<\/div>\n\t\t\t\t<div class=\"elementor-element elementor-element-445b9c38 elementor-widget elementor-widget-text-editor\" data-id=\"445b9c38\" data-element_type=\"widget\" data-e-type=\"widget\" data-widget_type=\"text-editor.default\">\n\t\t\t\t<div class=\"elementor-widget-container\">\n\t\t\t\t\t\t\t\t\t<p><b>El Organismo Regulador en Canad\u00e1 (excepto en Quebec) para los practicantes de Enfermer\u00eda graduados en Canada o en el extranjero es:<\/b><\/p><p><a href=\"http:\/\/www.nnas.ca\/\">www.nnas.ca<\/a><\/p><p>Esta asociaci\u00f3n recibe las solicitudes de aquellos enfermeros que desean revalidar su profesi\u00f3n, es necesario llenar un registro, pagar por una anualidad, enviar documentos traducidos acerca de t\u00fa identidad y certificaciones obtenidas, una vez que obtienes t\u00fa n\u00famero de usuario, tambi\u00e9n ser\u00e1 necesario demostrar t\u00fa competencia en el idioma Ingl\u00e9s con dos ex\u00e1menes: IELTS Acad\u00e9mico y CELBAN.<\/p><p>(Aqui te dejo los dos enlaces para acceder directamente y ver mas informaci\u00f3n sobre ellos):<\/p><p><a href=\"http:\/\/www.celbancentre.ca\/\">http:\/\/www.celbancentre.ca\/<\/a><\/p><p><a href=\"https:\/\/www.ielts.org\/\">https:\/\/www.ielts.org\/<\/a><\/p>\t\t\t\t\t\t\t\t<\/div>\n\t\t\t\t<\/div>\n\t\t\t\t\t<\/div>\n\t\t<\/div>\n\t\t\t\t\t<\/div>\n\t\t<\/section>\n\t\t\t\t<section class=\"elementor-section elementor-top-section elementor-element elementor-element-16aff27 elementor-section-content-middle elementor-section-full_width elementor-section-stretched elementor-section-height-default elementor-section-height-default elementor-invisible\" data-id=\"16aff27\" data-element_type=\"section\" data-e-type=\"section\" data-settings=\"{&quot;background_background&quot;:&quot;classic&quot;,&quot;stretch_section&quot;:&quot;section-stretched&quot;,&quot;animation&quot;:&quot;fadeInLeft&quot;}\">\n\t\t\t\t\t\t\t<div class=\"elementor-background-overlay\"><\/div>\n\t\t\t\t\t\t\t<div class=\"elementor-container elementor-column-gap-no\">\n\t\t\t\t\t<div class=\"elementor-column elementor-col-50 elementor-top-column elementor-element elementor-element-2597803\" data-id=\"2597803\" data-element_type=\"column\" data-e-type=\"column\" data-settings=\"{&quot;background_background&quot;:&quot;classic&quot;}\">\n\t\t\t<div class=\"elementor-widget-wrap elementor-element-populated\">\n\t\t\t\t\t<div class=\"elementor-background-overlay\"><\/div>\n\t\t\t\t\t\t<div class=\"elementor-element elementor-element-dad905d elementor-widget elementor-widget-spacer\" data-id=\"dad905d\" data-element_type=\"widget\" data-e-type=\"widget\" data-widget_type=\"spacer.default\">\n\t\t\t\t<div class=\"elementor-widget-container\">\n\t\t\t\t\t\t\t<div class=\"elementor-spacer\">\n\t\t\t<div class=\"elementor-spacer-inner\"><\/div>\n\t\t<\/div>\n\t\t\t\t\t\t<\/div>\n\t\t\t\t<\/div>\n\t\t\t\t\t<\/div>\n\t\t<\/div>\n\t\t\t\t<div class=\"elementor-column elementor-col-50 elementor-top-column elementor-element elementor-element-877c5cf\" data-id=\"877c5cf\" data-element_type=\"column\" data-e-type=\"column\">\n\t\t\t<div class=\"elementor-widget-wrap elementor-element-populated\">\n\t\t\t\t\t\t<div class=\"elementor-element elementor-element-20ca085 elementor-widget elementor-widget-heading\" data-id=\"20ca085\" data-element_type=\"widget\" data-e-type=\"widget\" data-widget_type=\"heading.default\">\n\t\t\t\t<div class=\"elementor-widget-container\">\n\t\t\t\t\t<h3 class=\"elementor-heading-title elementor-size-default\">enfermer\u00eda una profesi\u00f3n con futuro<\/h3>\t\t\t\t<\/div>\n\t\t\t\t<\/div>\n\t\t\t\t<div class=\"elementor-element elementor-element-11a74b9 elementor-widget elementor-widget-text-editor\" data-id=\"11a74b9\" data-element_type=\"widget\" data-e-type=\"widget\" data-widget_type=\"text-editor.default\">\n\t\t\t\t<div class=\"elementor-widget-container\">\n\t\t\t\t\t\t\t\t\t<p>Si requieres asesor\u00eda personalizada en espa\u00f1ol para conocer las mejores opciones para t\u00fa caso, no dudes en agendar una cita online con nosotros.<\/p>\t\t\t\t\t\t\t\t<\/div>\n\t\t\t\t<\/div>\n\t\t\t\t\t<\/div>\n\t\t<\/div>\n\t\t\t\t\t<\/div>\n\t\t<\/section>\n\t\t\t\t<section class=\"elementor-section elementor-top-section elementor-element elementor-element-2877d8a8 elementor-section-height-min-height elementor-section-boxed elementor-section-height-default elementor-section-items-middle\" data-id=\"2877d8a8\" data-element_type=\"section\" data-e-type=\"section\" id=\"xs_accor_box_shadow_round\" data-settings=\"{&quot;background_background&quot;:&quot;classic&quot;}\">\n\t\t\t\t\t\t<div class=\"elementor-container elementor-column-gap-default\">\n\t\t\t\t\t<div class=\"elementor-column elementor-col-50 elementor-top-column elementor-element elementor-element-76c50a36\" data-id=\"76c50a36\" data-element_type=\"column\" data-e-type=\"column\">\n\t\t\t<div class=\"elementor-widget-wrap elementor-element-populated\">\n\t\t\t\t\t\t<div class=\"elementor-element elementor-element-2409d81c elementor-widget elementor-widget-elementskit-heading\" data-id=\"2409d81c\" data-element_type=\"widget\" data-e-type=\"widget\" data-widget_type=\"elementskit-heading.default\">\n\t\t\t\t<div class=\"elementor-widget-container\">\n\t\t\t\t\t<div class=\"ekit-wid-con\" ><div class=\"ekit-heading elementskit-section-title-wraper text_left   ekit_heading_tablet-   ekit_heading_mobile-\"><h2 class=\"ekit-heading--title elementskit-section-title\">Agenda una cita online con nosotros.<\/h2>\t\t\t\t<div class='ekit-heading__description'>\n\t\t\t\t\t<p>En ella obtendr\u00e1s:<\/p>\n\t\t\t\t<\/div>\n\t\t\t<\/div><\/div>\t\t\t\t<\/div>\n\t\t\t\t<\/div>\n\t\t\t\t\t<\/div>\n\t\t<\/div>\n\t\t\t\t<div class=\"elementor-column elementor-col-50 elementor-top-column elementor-element elementor-element-1a4b9913\" data-id=\"1a4b9913\" data-element_type=\"column\" data-e-type=\"column\">\n\t\t\t<div class=\"elementor-widget-wrap elementor-element-populated\">\n\t\t\t\t\t\t<div class=\"elementor-element elementor-element-5584cb52 elementor-icon-list--layout-traditional elementor-list-item-link-full_width elementor-widget elementor-widget-icon-list\" data-id=\"5584cb52\" data-element_type=\"widget\" data-e-type=\"widget\" data-widget_type=\"icon-list.default\">\n\t\t\t\t<div class=\"elementor-widget-container\">\n\t\t\t\t\t\t\t<ul class=\"elementor-icon-list-items\">\n\t\t\t\t\t\t\t<li class=\"elementor-icon-list-item\">\n\t\t\t\t\t\t\t\t\t\t\t<span class=\"elementor-icon-list-icon\">\n\t\t\t\t\t\t\t<i aria-hidden=\"true\" class=\"fas fa-check-circle\"><\/i>\t\t\t\t\t\t<\/span>\n\t\t\t\t\t\t\t\t\t\t<span class=\"elementor-icon-list-text\">Dos horas en tiempo real con nuestros especialistas asesores para darte las mejores recomendaciones y opciones para ti.<\/span>\n\t\t\t\t\t\t\t\t\t<\/li>\n\t\t\t\t\t\t\t\t<li class=\"elementor-icon-list-item\">\n\t\t\t\t\t\t\t\t\t\t\t<span class=\"elementor-icon-list-icon\">\n\t\t\t\t\t\t\t<i aria-hidden=\"true\" class=\"fas fa-check-circle\"><\/i>\t\t\t\t\t\t<\/span>\n\t\t\t\t\t\t\t\t\t\t<span class=\"elementor-icon-list-text\">Cuales son los requisitos para registrarte como Enfermero(a) en Canad\u00e1, cuanto tiempo lleva el proceso, cuanto cuesta, como realizarlo y que puedes comenzar desde donde te encuentras.<\/span>\n\t\t\t\t\t\t\t\t\t<\/li>\n\t\t\t\t\t\t\t\t<li class=\"elementor-icon-list-item\">\n\t\t\t\t\t\t\t\t\t\t\t<span class=\"elementor-icon-list-icon\">\n\t\t\t\t\t\t\t<i aria-hidden=\"true\" class=\"fas fa-check-circle\"><\/i>\t\t\t\t\t\t<\/span>\n\t\t\t\t\t\t\t\t\t\t<span class=\"elementor-icon-list-text\">Tips y recursos para prepararte para el examen de conocimientos en ingl\u00e9s.<\/span>\n\t\t\t\t\t\t\t\t\t<\/li>\n\t\t\t\t\t\t\t\t<li class=\"elementor-icon-list-item\">\n\t\t\t\t\t\t\t\t\t\t\t<span class=\"elementor-icon-list-icon\">\n\t\t\t\t\t\t\t<i aria-hidden=\"true\" class=\"fas fa-check-circle\"><\/i>\t\t\t\t\t\t<\/span>\n\t\t\t\t\t\t\t\t\t\t<span class=\"elementor-icon-list-text\">Opciones alternativas para Enfermeros graduados en el extranjero.<\/span>\n\t\t\t\t\t\t\t\t\t<\/li>\n\t\t\t\t\t\t\t\t<li class=\"elementor-icon-list-item\">\n\t\t\t\t\t\t\t\t\t\t\t<span class=\"elementor-icon-list-icon\">\n\t\t\t\t\t\t\t<i aria-hidden=\"true\" class=\"fas fa-check-circle\"><\/i>\t\t\t\t\t\t<\/span>\n\t\t\t\t\t\t\t\t\t\t<span class=\"elementor-icon-list-text\">Usamos presentaciones, informaci\u00f3n y diagramas en espa\u00f1ol creados especialmente para este prop\u00f3sito.<\/span>\n\t\t\t\t\t\t\t\t\t<\/li>\n\t\t\t\t\t\t<\/ul>\n\t\t\t\t\t\t<\/div>\n\t\t\t\t<\/div>\n\t\t\t\t\t<\/div>\n\t\t<\/div>\n\t\t\t\t\t<\/div>\n\t\t<\/section>\n\t\t\t\t<\/div>","protected":false},"excerpt":{"rendered":"<p>Enfermer\u00eda Si deseas asesoramiento personalizado contamos con expertos en el area para que puedas ejercer en Canad\u00e1 Agenda tu cita Ejerce enfermer\u00eda en Canad\u00e1 En Canad\u00e1, la profesi\u00f3n de enfermer\u00eda es\u00a0regulada\u00a0(para saber qu\u00e9 significa esto, ve a la secci\u00f3n: \u201cLo que necesitas saber\u201d y consiste en cuatro opciones distintas: Enfermeras(os) Registradas(os) (RN) Enfermeros con estudios [&hellip;]<\/p>\n","protected":false},"author":7,"featured_media":0,"parent":0,"menu_order":0,"comment_status":"closed","ping_status":"closed","template":"elementor_header_footer","meta":{"_et_pb_use_builder":"","_et_pb_old_content":"","_et_gb_content_width":"","_joinchat":[],"footnotes":""},"class_list":["post-3233","page","type-page","status-publish","hentry"],"_links":{"self":[{"href":"https:\/\/bosworthinstitute.com\/eng\/wp-json\/wp\/v2\/pages\/3233","targetHints":{"allow":["GET"]}}],"collection":[{"href":"https:\/\/bosworthinstitute.com\/eng\/wp-json\/wp\/v2\/pages"}],"about":[{"href":"https:\/\/bosworthinstitute.com\/eng\/wp-json\/wp\/v2\/types\/page"}],"author":[{"embeddable":true,"href":"https:\/\/bosworthinstitute.com\/eng\/wp-json\/wp\/v2\/users\/7"}],"replies":[{"embeddable":true,"href":"https:\/\/bosworthinstitute.com\/eng\/wp-json\/wp\/v2\/comments?post=3233"}],"version-history":[{"count":42,"href":"https:\/\/bosworthinstitute.com\/eng\/wp-json\/wp\/v2\/pages\/3233\/revisions"}],"predecessor-version":[{"id":4568,"href":"https:\/\/bosworthinstitute.com\/eng\/wp-json\/wp\/v2\/pages\/3233\/revisions\/4568"}],"wp:attachment":[{"href":"https:\/\/bosworthinstitute.com\/eng\/wp-json\/wp\/v2\/media?parent=3233"}],"curies":[{"name":"wp","href":"https:\/\/api.w.org\/{rel}","templated":true}]}}