{"id":371,"date":"2020-06-23T21:48:37","date_gmt":"2020-06-23T21:48:37","guid":{"rendered":"http:\/\/bosworthinstitute.com\/?page_id=371"},"modified":"2020-10-11T18:27:38","modified_gmt":"2020-10-11T18:27:38","slug":"quienes-somos","status":"publish","type":"page","link":"https:\/\/bosworthinstitute.com\/eng\/quienes-somos\/","title":{"rendered":"Quienes Somos"},"content":{"rendered":"<p>[et_pb_section fb_built=&#8221;1&#8243; fullwidth=&#8221;on&#8221; admin_label=&#8221;Header&#8221; _builder_version=&#8221;4.4.7&#8243; background_enable_image=&#8221;off&#8221; custom_padding=&#8221;0px|0|0px|0px|false|false&#8221; top_divider_color=&#8221;rgba(255,255,255,0.3)&#8221; top_divider_height=&#8221;100%&#8221; top_divider_repeat=&#8221;2x&#8221; bottom_divider_color=&#8221;rgba(255,255,255,0.33)&#8221; bottom_divider_height=&#8221;500px&#8221; locked=&#8221;off&#8221;][et_pb_fullwidth_header title=&#8221;Quienes Somos?&#8221; subhead=&#8221;Asesor\u00eda profesional en la revalidaci\u00f3n de carreras de salud en Canada&#8221; text_orientation=&#8221;center&#8221; content_max_width=&#8221;70%&#8221; content_max_width_tablet=&#8221;100%&#8221; content_max_width_phone=&#8221;&#8221; content_max_width_last_edited=&#8221;on|phone&#8221; _builder_version=&#8221;4.4.7&#8243; title_font=&#8221;Faustina|500|||||||&#8221; title_text_color=&#8221;#FFFFFF&#8221; title_font_size=&#8221;60px&#8221; title_line_height=&#8221;1.5em&#8221; content_font=&#8221;||||||||&#8221; subhead_font=&#8221;Poppins|700||on|||||&#8221; subhead_text_color=&#8221;#FFFFFF&#8221; subhead_font_size=&#8221;16px&#8221; subhead_letter_spacing=&#8221;4px&#8221; subhead_line_height=&#8221;1.7em&#8221; background_enable_color=&#8221;off&#8221; use_background_color_gradient=&#8221;on&#8221; background_color_gradient_start=&#8221;rgba(0,0,0,0.64)&#8221; background_color_gradient_end=&#8221;rgba(0,0,0,0.71)&#8221; background_color_gradient_overlays_image=&#8221;on&#8221; background_image=&#8221;http:\/\/bosworthinstitute.com\/wp-content\/uploads\/2020\/06\/bosworth-institute-canada-toronto1-e1592935240466.jpg&#8221; background_position=&#8221;bottom_left&#8221; custom_button_one=&#8221;on&#8221; button_one_text_size=&#8221;14px&#8221; button_one_text_color=&#8221;#000000&#8243; button_one_bg_color=&#8221;#ffffff&#8221; button_one_border_width=&#8221;14px&#8221; button_one_border_color=&#8221;#ffffff&#8221; button_one_border_radius=&#8221;0px&#8221; button_one_letter_spacing=&#8221;4px&#8221; button_one_font=&#8221;Poppins|500||on|||||&#8221; background_layout=&#8221;light&#8221; custom_margin=&#8221;||||false&#8221; custom_padding=&#8221;0vw||0vw||true|false&#8221; title_font_size_tablet=&#8221;40px&#8221; title_font_size_phone=&#8221;40px&#8221; title_font_size_last_edited=&#8221;on|phone&#8221; title_line_height_tablet=&#8221;&#8221; title_line_height_phone=&#8221;1.3em&#8221; title_line_height_last_edited=&#8221;on|phone&#8221; subhead_font_size_tablet=&#8221;&#8221; subhead_font_size_phone=&#8221;14px&#8221; subhead_font_size_last_edited=&#8221;on|phone&#8221; subhead_letter_spacing_tablet=&#8221;&#8221; subhead_letter_spacing_phone=&#8221;0px&#8221; subhead_letter_spacing_last_edited=&#8221;on|phone&#8221; button_one_border_color_hover=&#8221;#ecd5c5&#8243; button_one_border_radius_hover=&#8221;0px&#8221; button_one_letter_spacing_hover=&#8221;4px&#8221; button_one_bg_color_hover=&#8221;#ecd5c5&#8243; button_one_text_size__hover_enabled=&#8221;off&#8221; button_two_text_size__hover_enabled=&#8221;off&#8221; button_one_text_color__hover_enabled=&#8221;off&#8221; button_two_text_color__hover_enabled=&#8221;off&#8221; button_one_border_width__hover_enabled=&#8221;off&#8221; button_two_border_width__hover_enabled=&#8221;off&#8221; button_one_border_color__hover_enabled=&#8221;on&#8221; button_one_border_color__hover=&#8221;#ecd5c5&#8243; button_two_border_color__hover_enabled=&#8221;off&#8221; button_one_border_radius__hover_enabled=&#8221;on&#8221; button_one_border_radius__hover=&#8221;0px&#8221; button_two_border_radius__hover_enabled=&#8221;off&#8221; button_one_letter_spacing__hover_enabled=&#8221;on&#8221; button_one_letter_spacing__hover=&#8221;4px&#8221; button_two_letter_spacing__hover_enabled=&#8221;off&#8221; button_one_bg_color__hover_enabled=&#8221;on&#8221; button_one_bg_color__hover=&#8221;#ecd5c5&#8243; button_two_bg_color__hover_enabled=&#8221;off&#8221;][\/et_pb_fullwidth_header][\/et_pb_section][et_pb_section fb_built=&#8221;1&#8243; admin_label=&#8221;Feature &#8211; Image Left&#8221; _builder_version=&#8221;3.22&#8243; custom_margin=&#8221;||6px|||&#8221; custom_padding=&#8221;23px|0px|47px|0px||&#8221; locked=&#8221;off&#8221;][et_pb_row column_structure=&#8221;1_2,1_2&#8243; use_custom_gutter=&#8221;on&#8221; gutter_width=&#8221;4&#8243; _builder_version=&#8221;3.25&#8243; animation_style=&#8221;fade&#8221;][et_pb_column type=&#8221;1_2&#8243; _builder_version=&#8221;3.25&#8243; custom_padding=&#8221;|||&#8221; custom_padding__hover=&#8221;|||&#8221;][et_pb_image src=&#8221;http:\/\/bosworthinstitute.com\/wp-content\/uploads\/2020\/06\/Mockup-Bosworth2.jpg&#8221; title_text=&#8221;Mockup-Bosworth2&#8243; align=&#8221;center&#8221; align_tablet=&#8221;center&#8221; align_phone=&#8221;&#8221; align_last_edited=&#8221;on|desktop&#8221; disabled_on=&#8221;on|on|off&#8221; _builder_version=&#8221;4.4.7&#8243; width=&#8221;92%&#8221; min_height=&#8221;594px&#8221; animation_style=&#8221;fade&#8221; box_shadow_style=&#8221;preset4&#8243; box_shadow_horizontal=&#8221;-80px&#8221; box_shadow_vertical=&#8221;50px&#8221; box_shadow_color=&#8221;rgba(12,12,12,0.03)&#8221;][\/et_pb_image][\/et_pb_column][et_pb_column type=&#8221;1_2&#8243; _builder_version=&#8221;3.25&#8243; custom_padding=&#8221;5%|||&#8221; custom_padding__hover=&#8221;|||&#8221;][et_pb_text _builder_version=&#8221;4.4.7&#8243; text_font=&#8221;||||||||&#8221; header_font=&#8221;||||||||&#8221; header_2_font=&#8221;|600|||||||&#8221; header_2_text_align=&#8221;center&#8221; header_2_font_size=&#8221;38px&#8221; header_2_line_height=&#8221;1.1em&#8221; header_3_font=&#8221;Poppins|700||on|||||&#8221; header_3_text_color=&#8221;#E02B20&#8243; header_3_font_size=&#8221;14px&#8221; header_3_letter_spacing=&#8221;1px&#8221; header_3_line_height=&#8221;2em&#8221; custom_margin=&#8221;||10px||false|false&#8221; custom_margin_tablet=&#8221;&#8221; custom_margin_phone=&#8221;-39px||||false|false&#8221; custom_margin_last_edited=&#8221;on|phone&#8221;]<\/p>\n<h2>\u00bfC\u00f3mo nace Bosworth Institute?<\/h2>\n<p>[\/et_pb_text][et_pb_divider color=&#8221;#E02B20&#8243; divider_weight=&#8221;3px&#8221; _builder_version=&#8221;4.4.7&#8243; width=&#8221;7%&#8221; module_alignment=&#8221;center&#8221; custom_margin=&#8221;||4px|||&#8221; locked=&#8221;off&#8221;][\/et_pb_divider][et_pb_text _builder_version=&#8221;4.6.1&#8243; text_font=&#8221;||||||||&#8221; text_font_size=&#8221;16px&#8221; text_line_height=&#8221;1.8em&#8221; text_orientation=&#8221;justified&#8221; max_width=&#8221;550px&#8221;]<\/p>\n<p>Bosworth Institute, es una Agencia de Consulta Profesional que surge a partir de la necesidad que los profesionales de salud tienen al buscar informaci\u00f3n actual, veraz y precisa de los procedimientos para ejercer en Canad\u00e1, especialmente Enfermer\u00eda y Medicina, entre otras profesiones de la salud. Los cuales a trav\u00e9s de la asesor\u00eda personal, libros electr\u00f3nicos, cursos online -entre otros servicios- puedan despejar todas sus dudas y de esta forma ellos pueden tomar las decisiones correctas, teniendo la informaci\u00f3n necesaria antes de dar este importante paso en su vida y la de su familia.<\/p>\n<p>Bosworth Institute es la \u00fanica Agencia de Consulta Canadiense Online para asesorar a Profesionales de la Salud en Ingl\u00e9s y Espa\u00f1ol.<\/p>\n<p>[\/et_pb_text][et_pb_image src=&#8221;http:\/\/bosworthinstitute.com\/wp-content\/uploads\/2020\/06\/Mockup-Bosworth2.jpg&#8221; title_text=&#8221;Mockup-Bosworth2&#8243; disabled_on=&#8221;off|on|on&#8221; _builder_version=&#8221;4.4.7&#8243;][\/et_pb_image][\/et_pb_column][\/et_pb_row][\/et_pb_section][et_pb_section fb_built=&#8221;1&#8243; admin_label=&#8221;Quote&#8221; _builder_version=&#8221;4.5.1&#8243; background_color=&#8221;#f7f7f7&#8243; background_enable_image=&#8221;off&#8221; background_position=&#8221;top_right&#8221; custom_margin=&#8221;|||&#8221; custom_padding=&#8221;0px|0px|21px|0px||&#8221; border_color_all=&#8221;rgba(0,0,0,0)&#8221; box_shadow_style=&#8221;preset7&#8243; box_shadow_horizontal=&#8221;0px&#8221; box_shadow_vertical=&#8221;109px&#8221; box_shadow_color=&#8221;#2f2f2f&#8221; locked=&#8221;off&#8221;][et_pb_row column_structure=&#8221;3_5,2_5&#8243; _builder_version=&#8221;4.5.1&#8243; custom_padding=&#8221;0px|0px|27px|0px&#8221; animation_style=&#8221;slide&#8221; animation_direction=&#8221;bottom&#8221; animation_intensity_slide=&#8221;10%&#8221; animation_starting_opacity=&#8221;100%&#8221;][et_pb_column type=&#8221;3_5&#8243; _builder_version=&#8221;4.5.1&#8243; background_color=&#8221;#ffffff&#8221; custom_padding=&#8221;4%|5%|3%|5%&#8221; custom_padding__hover=&#8221;|||&#8221;][et_pb_text _builder_version=&#8221;4.6.1&#8243; text_font=&#8221;||||||||&#8221; header_font=&#8221;||||||||&#8221; header_2_font=&#8221;|700|||||||&#8221; header_2_font_size=&#8221;38px&#8221; header_2_letter_spacing=&#8221;1px&#8221; header_2_line_height=&#8221;1.4em&#8221; header_3_font=&#8221;Poppins|700||on|||||&#8221; header_3_text_color=&#8221;#edbb5f&#8221; header_3_font_size=&#8221;14px&#8221; header_3_letter_spacing=&#8221;1px&#8221; header_3_line_height=&#8221;2em&#8221; max_width=&#8221;550px&#8221; animation_direction=&#8221;bottom&#8221; locked=&#8221;off&#8221;]<\/p>\n<h2 style=\"text-align: left;\"><span style=\"color: #000080;\"><b>Biograf\u00eda<\/b><\/span><\/h2>\n<p>[\/et_pb_text][et_pb_text _builder_version=&#8221;4.6.1&#8243; text_font=&#8221;||||||||&#8221; text_font_size=&#8221;16px&#8221; text_line_height=&#8221;1.8em&#8221; text_orientation=&#8221;justified&#8221; max_width=&#8221;550px&#8221; locked=&#8221;off&#8221;]<\/p>\n<p><span style=\"font-weight: 400;\">Brenda Bosworth es una M\u00e9dica Mexicana, con M\u00e1ster en Ciencias de la Salud, que actualmente ejerce tiempo completo como Profesora e Investigadora de Fisiolog\u00eda y Anatom\u00eda Humana, entre otras materias en el \u00e1rea de Ciencias de la Salud, viviendo en la ciudad de Calgary, Alberta en Canad\u00e1. <\/span><\/p>\n<p><span style=\"font-weight: 400;\">La Dra. Brenda Bosworth es tambi\u00e9n Fundadora y Manager de la \u00fanica Agencia de Consulta para Profesionales de la Salud que desean establecerse en Canad\u00e1: Bosworth Institute <span>(antes llamado PROSAEC)<\/span>, que da a conocer de manera sencilla los requisitos de revalidaci\u00f3n de las principales carreras de la salud en Canad\u00e1. Bosworth Institute desde el a\u00f1o 2018 ha asesorado en espa\u00f1ol e ingl\u00e9s a cientos de Profesionales de la Salud Internacionales a trav\u00e9s de Conferencias, Asesor\u00edas Online, Videos, Publicaciones y Cursos Online.<\/span><\/p>\n<p><span style=\"font-weight: 400;\">Para ver mas videos sobre la Dra. Brenda Bosworth y el proceso de certificaci\u00f3n de las carreras de la salud en Canad\u00e1 visita el siguiente enlace:<\/span><\/p>\n<p><a href=\"https:\/\/www.youtube.com\/channel\/UC5h1sAB7B_aZInlr9CpJTpg\/videos\">https:\/\/www.youtube.com\/channel\/UC5h1sAB7B_aZInlr9CpJTpg\/videos<\/a><\/p>\n<p>[\/et_pb_text][\/et_pb_column][et_pb_column type=&#8221;2_5&#8243; _builder_version=&#8221;4.4.7&#8243; custom_padding=&#8221;|||&#8221; custom_padding__hover=&#8221;|||&#8221;][et_pb_text _builder_version=&#8221;4.6.1&#8243; text_font=&#8221;Arial||||||||&#8221; text_text_color=&#8221;#FFFFFF&#8221; text_font_size=&#8221;16px&#8221; text_line_height=&#8221;2em&#8221; header_font=&#8221;||||||||&#8221; header_2_font=&#8221;|700|||||||&#8221; header_2_text_color=&#8221;#FFFFFF&#8221; header_2_font_size=&#8221;50px&#8221; header_2_line_height=&#8221;1.2em&#8221; header_3_text_color=&#8221;#ffffff&#8221; header_3_font_size=&#8221;29px&#8221; header_6_font=&#8221;Raleway|700||on|||||&#8221; header_6_font_size=&#8221;16px&#8221; header_6_letter_spacing=&#8221;5px&#8221; header_6_line_height=&#8221;1.8em&#8221; text_orientation=&#8221;center&#8221; max_width=&#8221;700px&#8221; module_alignment=&#8221;center&#8221; min_height=&#8221;18px&#8221; custom_margin=&#8221;||38px|||&#8221; custom_padding=&#8221;0px||64px||false|false&#8221; header_2_text_color_tablet=&#8221;#000000&#8243; header_2_text_color_phone=&#8221;#000000&#8243; header_2_text_color_last_edited=&#8221;on|phone&#8221; header_2_font_size_tablet=&#8221;35px&#8221; header_2_font_size_phone=&#8221;25px&#8221; header_2_font_size_last_edited=&#8221;on|phone&#8221; header_3_text_color_tablet=&#8221;#000000&#8243; header_3_text_color_phone=&#8221;#000000&#8243; header_3_text_color_last_edited=&#8221;on|tablet&#8221; header_6_text_color_tablet=&#8221;&#8221; header_6_text_color_phone=&#8221;#000000&#8243; header_6_text_color_last_edited=&#8221;on|phone&#8221;]<\/p>\n<h1><span style=\"color: #99ccff;\"><strong>Brenda Bosworth MD, MSc<\/strong><\/span><\/h1>\n<p>[\/et_pb_text][et_pb_image src=&#8221;http:\/\/bosworthinstitute.com\/wp-content\/uploads\/2020\/10\/WhatsApp-Image-2020-07-29-at-4.31.25-PM-2.jpeg&#8221; title_text=&#8221;WhatsApp Image 2020-07-29 at 4.31.25 PM (2)&#8221; _builder_version=&#8221;4.6.5&#8243; width=&#8221;83%&#8221; module_alignment=&#8221;center&#8221; max_height=&#8221;1000px&#8221; custom_padding=&#8221;12px||||false|false&#8221; hover_enabled=&#8221;0&#8243; sticky_enabled=&#8221;0&#8243;][\/et_pb_image][\/et_pb_column][\/et_pb_row][et_pb_row _builder_version=&#8221;4.4.7&#8243; custom_padding=&#8221;3px||0px|||&#8221;][et_pb_column type=&#8221;4_4&#8243; _builder_version=&#8221;4.4.7&#8243;][et_pb_image src=&#8221;http:\/\/bosworthinstitute.com\/wp-content\/uploads\/2020\/07\/339X271.png&#8221; title_text=&#8221;339X271&#8243; url=&#8221;https:\/\/www.youtube.com\/channel\/UC5h1sAB7B_aZInlr9CpJTpg\/videos&#8221; url_new_window=&#8221;on&#8221; align=&#8221;center&#8221; _builder_version=&#8221;4.4.9&#8243;][\/et_pb_image][\/et_pb_column][\/et_pb_row][\/et_pb_section][et_pb_section fb_built=&#8221;1&#8243; _builder_version=&#8221;4.4.7&#8243; custom_padding=&#8221;2px||27px|||&#8221;][et_pb_row _builder_version=&#8221;4.4.7&#8243; custom_padding=&#8221;3px|||||&#8221;][et_pb_column type=&#8221;4_4&#8243; _builder_version=&#8221;4.4.7&#8243;][et_pb_text _builder_version=&#8221;4.6.1&#8243; text_font=&#8221;||||||||&#8221; text_line_height=&#8221;2em&#8221; header_font=&#8221;Faustina|600|||||||&#8221; header_text_align=&#8221;center&#8221; header_font_size=&#8221;33px&#8221; header_line_height=&#8221;1.3em&#8221; text_orientation=&#8221;center&#8221; custom_margin=&#8221;||15px|||&#8221; header_font_size_tablet=&#8221;50px&#8221; header_font_size_phone=&#8221;40px&#8221; header_font_size_last_edited=&#8221;on|phone&#8221; locked=&#8221;off&#8221;]<\/p>\n<h1><span style=\"color: #000080;\">S\u00edguenos en nuestras redes sociales<\/span><\/h1>\n<p>[\/et_pb_text][et_pb_social_media_follow _builder_version=&#8221;4.4.7&#8243; custom_button=&#8221;on&#8221; button_text_color=&#8221;#FFFFFF&#8221; button_bg_color=&#8221;#000000&#8243; text_orientation=&#8221;center&#8221;][et_pb_social_media_follow_network social_network=&#8221;facebook&#8221; url=&#8221;https:\/\/www.facebook.com\/prosaec\/&#8221; use_icon_font_size=&#8221;on&#8221; icon_font_size=&#8221;20px&#8221; _builder_version=&#8221;4.4.7&#8243; background_color=&#8221;#3b5998&#8243; custom_button=&#8221;on&#8221; button_text_size=&#8221;7px&#8221; follow_button=&#8221;off&#8221; url_new_window=&#8221;on&#8221;]facebook[\/et_pb_social_media_follow_network][et_pb_social_media_follow_network social_network=&#8221;twitter&#8221; url=&#8221;https:\/\/twitter.com\/prosaec&#8221; use_icon_font_size=&#8221;on&#8221; icon_font_size=&#8221;20px&#8221; _builder_version=&#8221;4.4.7&#8243; background_color=&#8221;#00aced&#8221; follow_button=&#8221;off&#8221; url_new_window=&#8221;on&#8221;]twitter[\/et_pb_social_media_follow_network][et_pb_social_media_follow_network social_network=&#8221;instagram&#8221; url=&#8221;https:\/\/www.instagram.com\/prosaec_canada\/?igshid=epxz5ncm7azd&#8221; use_icon_font_size=&#8221;on&#8221; icon_font_size=&#8221;20px&#8221; _builder_version=&#8221;4.4.7&#8243; background_color=&#8221;#ea2c59&#8243; follow_button=&#8221;off&#8221; url_new_window=&#8221;on&#8221;]instagram[\/et_pb_social_media_follow_network][et_pb_social_media_follow_network social_network=&#8221;youtube&#8221; url=&#8221;https:\/\/www.youtube.com\/channel\/UC5h1sAB7B_aZInlr9CpJTpg&#8221; use_icon_font_size=&#8221;on&#8221; icon_font_size=&#8221;20px&#8221; _builder_version=&#8221;4.4.7&#8243; background_color=&#8221;#e62117&#8243; background_enable_color=&#8221;on&#8221; follow_button=&#8221;off&#8221; url_new_window=&#8221;on&#8221;]youtube[\/et_pb_social_media_follow_network][\/et_pb_social_media_follow][\/et_pb_column][\/et_pb_row][\/et_pb_section]<\/p>\n","protected":false},"excerpt":{"rendered":"<p>\u00bfC\u00f3mo nace Bosworth Institute?Bosworth Institute, es una Agencia de Consulta Profesional que surge a partir de la necesidad que los profesionales de salud tienen al buscar informaci\u00f3n actual, veraz y precisa de los procedimientos para ejercer en Canad\u00e1, especialmente Enfermer\u00eda y Medicina, entre otras profesiones de la salud. Los cuales a trav\u00e9s de la asesor\u00eda [&hellip;]<\/p>\n","protected":false},"author":7,"featured_media":0,"parent":0,"menu_order":0,"comment_status":"closed","ping_status":"closed","template":"","meta":{"_et_pb_use_builder":"on","_et_pb_old_content":"","_et_gb_content_width":"","_joinchat":[],"footnotes":""},"class_list":["post-371","page","type-page","status-publish","hentry"],"_links":{"self":[{"href":"https:\/\/bosworthinstitute.com\/eng\/wp-json\/wp\/v2\/pages\/371","targetHints":{"allow":["GET"]}}],"collection":[{"href":"https:\/\/bosworthinstitute.com\/eng\/wp-json\/wp\/v2\/pages"}],"about":[{"href":"https:\/\/bosworthinstitute.com\/eng\/wp-json\/wp\/v2\/types\/page"}],"author":[{"embeddable":true,"href":"https:\/\/bosworthinstitute.com\/eng\/wp-json\/wp\/v2\/users\/7"}],"replies":[{"embeddable":true,"href":"https:\/\/bosworthinstitute.com\/eng\/wp-json\/wp\/v2\/comments?post=371"}],"version-history":[{"count":34,"href":"https:\/\/bosworthinstitute.com\/eng\/wp-json\/wp\/v2\/pages\/371\/revisions"}],"predecessor-version":[{"id":1513,"href":"https:\/\/bosworthinstitute.com\/eng\/wp-json\/wp\/v2\/pages\/371\/revisions\/1513"}],"wp:attachment":[{"href":"https:\/\/bosworthinstitute.com\/eng\/wp-json\/wp\/v2\/media?parent=371"}],"curies":[{"name":"wp","href":"https:\/\/api.w.org\/{rel}","templated":true}]}}