{"id":491,"date":"2020-06-26T21:55:43","date_gmt":"2020-06-26T21:55:43","guid":{"rendered":"http:\/\/bosworthinstitute.com\/?page_id=491"},"modified":"2020-09-07T21:12:10","modified_gmt":"2020-09-07T21:12:10","slug":"enfermeria","status":"publish","type":"page","link":"https:\/\/bosworthinstitute.com\/eng\/enfermeria\/","title":{"rendered":"Enfermer\u00eda"},"content":{"rendered":"<p>[et_pb_section fb_built=&#8221;1&#8243; fullwidth=&#8221;on&#8221; admin_label=&#8221;Header&#8221; _builder_version=&#8221;4.4.7&#8243; background_enable_image=&#8221;off&#8221; custom_padding=&#8221;0px|0|0px|0px|false|false&#8221; top_divider_color=&#8221;rgba(255,255,255,0.3)&#8221; top_divider_height=&#8221;100%&#8221; top_divider_repeat=&#8221;2x&#8221; bottom_divider_color=&#8221;rgba(255,255,255,0.33)&#8221; bottom_divider_height=&#8221;500px&#8221;][et_pb_fullwidth_header title=&#8221;Enfermer\u00eda&#8221; subhead=&#8221;Ejerce enfermer\u00eda en Canada&#8221; text_orientation=&#8221;center&#8221; content_max_width=&#8221;70%&#8221; content_max_width_tablet=&#8221;100%&#8221; content_max_width_phone=&#8221;&#8221; content_max_width_last_edited=&#8221;on|phone&#8221; _builder_version=&#8221;4.4.7&#8243; title_font=&#8221;Faustina|500|||||||&#8221; title_text_color=&#8221;#FFFFFF&#8221; title_font_size=&#8221;60px&#8221; title_line_height=&#8221;1.5em&#8221; content_font=&#8221;||||||||&#8221; subhead_font=&#8221;Poppins|700||on|||||&#8221; subhead_text_color=&#8221;#FFFFFF&#8221; subhead_font_size=&#8221;16px&#8221; subhead_letter_spacing=&#8221;4px&#8221; subhead_line_height=&#8221;1.7em&#8221; background_enable_color=&#8221;off&#8221; use_background_color_gradient=&#8221;on&#8221; background_color_gradient_start=&#8221;rgba(0,0,0,0.64)&#8221; background_color_gradient_end=&#8221;rgba(0,0,0,0.71)&#8221; background_color_gradient_overlays_image=&#8221;on&#8221; background_image=&#8221;http:\/\/bosworthinstitute.com\/wp-content\/uploads\/2020\/06\/bosworth-institute-canada-toronto1-e1592935240466.jpg&#8221; background_position=&#8221;bottom_left&#8221; custom_button_one=&#8221;on&#8221; button_one_text_size=&#8221;14px&#8221; button_one_text_color=&#8221;#000000&#8243; button_one_bg_color=&#8221;#ffffff&#8221; button_one_border_width=&#8221;14px&#8221; button_one_border_color=&#8221;#ffffff&#8221; button_one_border_radius=&#8221;0px&#8221; button_one_letter_spacing=&#8221;4px&#8221; button_one_font=&#8221;Poppins|500||on|||||&#8221; background_layout=&#8221;light&#8221; custom_margin=&#8221;||||false&#8221; custom_padding=&#8221;0vw||0vw||true|false&#8221; title_font_size_tablet=&#8221;40px&#8221; title_font_size_phone=&#8221;40px&#8221; title_font_size_last_edited=&#8221;on|phone&#8221; title_line_height_tablet=&#8221;&#8221; title_line_height_phone=&#8221;1.3em&#8221; title_line_height_last_edited=&#8221;on|phone&#8221; subhead_font_size_tablet=&#8221;&#8221; subhead_font_size_phone=&#8221;14px&#8221; subhead_font_size_last_edited=&#8221;on|phone&#8221; subhead_letter_spacing_tablet=&#8221;&#8221; subhead_letter_spacing_phone=&#8221;0px&#8221; subhead_letter_spacing_last_edited=&#8221;on|phone&#8221; button_one_border_color_hover=&#8221;#ecd5c5&#8243; button_one_border_radius_hover=&#8221;0px&#8221; button_one_letter_spacing_hover=&#8221;4px&#8221; button_one_bg_color_hover=&#8221;#ecd5c5&#8243; button_one_text_size__hover_enabled=&#8221;off&#8221; button_two_text_size__hover_enabled=&#8221;off&#8221; button_one_text_color__hover_enabled=&#8221;off&#8221; button_two_text_color__hover_enabled=&#8221;off&#8221; button_one_border_width__hover_enabled=&#8221;off&#8221; button_two_border_width__hover_enabled=&#8221;off&#8221; button_one_border_color__hover_enabled=&#8221;on&#8221; button_one_border_color__hover=&#8221;#ecd5c5&#8243; button_two_border_color__hover_enabled=&#8221;off&#8221; button_one_border_radius__hover_enabled=&#8221;on&#8221; button_one_border_radius__hover=&#8221;0px&#8221; button_two_border_radius__hover_enabled=&#8221;off&#8221; button_one_letter_spacing__hover_enabled=&#8221;on&#8221; button_one_letter_spacing__hover=&#8221;4px&#8221; button_two_letter_spacing__hover_enabled=&#8221;off&#8221; button_one_bg_color__hover_enabled=&#8221;on&#8221; button_one_bg_color__hover=&#8221;#ecd5c5&#8243; button_two_bg_color__hover_enabled=&#8221;off&#8221;][\/et_pb_fullwidth_header][\/et_pb_section][et_pb_section fb_built=&#8221;1&#8243; custom_padding_last_edited=&#8221;on|phone&#8221; _builder_version=&#8221;4.4.7&#8243; custom_padding=&#8221;||24px|||&#8221; custom_padding_tablet=&#8221;&#8221; custom_padding_phone=&#8221;0px||24px||false|false&#8221;][et_pb_row column_structure=&#8221;1_2,1_2&#8243; _builder_version=&#8221;4.4.7&#8243; custom_padding=&#8221;||7px|||&#8221;][et_pb_column type=&#8221;1_2&#8243; _builder_version=&#8221;4.4.7&#8243;][et_pb_image src=&#8221;http:\/\/bosworthinstitute.com\/wp-content\/uploads\/2020\/07\/enfermeria-bosworth-carrera-1.png&#8221; title_text=&#8221;enfermeria bosworth carrera&#8221; align=&#8221;center&#8221; disabled_on=&#8221;on|off|off&#8221; _builder_version=&#8221;4.4.7&#8243; module_alignment=&#8221;center&#8221; max_height=&#8221;525px&#8221; custom_margin=&#8221;-17px||||false|false&#8221; custom_padding=&#8221;0px||||false|false&#8221;][\/et_pb_image][\/et_pb_column][et_pb_column type=&#8221;1_2&#8243; _builder_version=&#8221;4.4.7&#8243;][et_pb_text _builder_version=&#8221;4.6.1&#8243; text_font=&#8221;||||||||&#8221; text_font_size=&#8221;16px&#8221; text_line_height=&#8221;1.8em&#8221; text_orientation=&#8221;justified&#8221; max_width=&#8221;550px&#8221;]<\/p>\n<p><span style=\"font-weight: 400;\">En Canad\u00e1, la profesi\u00f3n de enfermer\u00eda es <\/span><b>regulada<\/b><span style=\"font-weight: 400;\"> (para saber qu\u00e9 significa esto, ve a la secci\u00f3n: \u201cLo que necesitas saber\u201d y consiste en cuatro opciones distintas:<\/span><\/p>\n<p><b>1.- Enfermeras(os) Registradas(os) (RN)<\/b><span style=\"font-weight: 400;\"> Enfermeros con estudios universitarios o licenciatura con o sin especialidad.<\/span><\/p>\n<p><b>2.-Enfermeras(os) Practicantes (NP)<\/b><span style=\"font-weight: 400;\">, aquellos que aun est\u00e1n realizando sus practicas profesionales.<\/span><\/p>\n<p><b>3.-Enfermeras(os) practicantes con licencia (LPN)<\/b><span style=\"font-weight: 400;\"> Tecnicos en Enfermer\u00eda o auxiliares, y<\/span><\/p>\n<p><b>4.-Enfermeras(os) Psiqui\u00e1tricas(os) registradas(os) (EPR)<\/b><span style=\"font-weight: 400;\">. Enfermeros con especializaci\u00f3n en Psiquiatr\u00eda.<\/span><\/p>\n<p><span style=\"font-weight: 400;\">Los RN, conforman casi las tres cuartas partes de la fuerza de trabajo regulada en enfermer\u00eda en Canad\u00e1, por lo que son el mayor grupo de proveedores de atenci\u00f3n m\u00e9dica, se preparan por mucho m\u00e1s tiempo y tienen un mejor salario.<\/span><\/p>\n<p>[\/et_pb_text][\/et_pb_column][\/et_pb_row][et_pb_row _builder_version=&#8221;4.4.7&#8243; custom_padding=&#8221;||0px|||&#8221;][et_pb_column type=&#8221;4_4&#8243; _builder_version=&#8221;4.4.7&#8243;][et_pb_image src=&#8221;http:\/\/bosworthinstitute.com\/wp-content\/uploads\/2020\/07\/enfermeria-bosworth-carrera-1.png&#8221; title_text=&#8221;enfermeria bosworth carrera&#8221; align=&#8221;center&#8221; disabled_on=&#8221;off|on|on&#8221; _builder_version=&#8221;4.4.7&#8243; module_alignment=&#8221;center&#8221; max_height=&#8221;525px&#8221; custom_margin=&#8221;-17px||||false|false&#8221; custom_padding=&#8221;0px||||false|false&#8221;][\/et_pb_image][et_pb_text _builder_version=&#8221;4.6.1&#8243; text_font=&#8221;Arial||||||||&#8221; text_font_size=&#8221;16px&#8221; text_line_height=&#8221;1.8em&#8221; text_orientation=&#8221;justified&#8221; custom_padding=&#8221;||0px|||&#8221; hover_enabled=&#8221;0&#8243; sticky_enabled=&#8221;0&#8243;]<\/p>\n<p><b>El Organismo Regulador en Canad\u00e1 (excepto en Quebec) para los practicantes de Enfermer\u00eda graduados en Canada o en el extranjero es:<\/b><\/p>\n<p><a href=\"http:\/\/www.nnas.ca\/\"><span style=\"font-weight: 400;\">www.nnas.ca<strong><\/strong><\/span><\/a><\/p>\n<p><span style=\"font-weight: 400;\">Esta asociaci\u00f3n recibe las solicitudes de aquellos enfermeros que desean revalidar su profesi\u00f3n, es necesario llenar un registro, pagar por una anualidad, enviar documentos traducidos acerca de t\u00fa identidad y certificaciones obtenidas, una vez que obtienes t\u00fa n\u00famero de usuario, tambi\u00e9n ser\u00e1 necesario demostrar t\u00fa competencia en el idioma Ingl\u00e9s con dos ex\u00e1menes: IELTS Acad\u00e9mico y CELBAN.<\/span><\/p>\n<p><span style=\"font-weight: 400;\">(Aqui te dejo los dos enlaces para acceder directamente y ver mas informaci\u00f3n sobre ellos):<\/span><\/p>\n<p><a href=\"http:\/\/www.celbancentre.ca\/\"><span style=\"font-weight: 400;\">http:\/\/www.celbancentre.ca\/<\/span><\/a><\/p>\n<p><a href=\"https:\/\/www.ielts.org\/\"><span style=\"font-weight: 400;\">https:\/\/www.ielts.org\/<\/span><\/a><\/p>\n<p><a href=\"https:\/\/prosaec.com\/asesoria-personal\/\"><span style=\"font-weight: 400;\"><\/span><\/a><\/p>\n<p>[\/et_pb_text][et_pb_image src=&#8221;http:\/\/bosworthinstitute.com\/wp-content\/uploads\/2020\/07\/enfermeria2-imagen.jpg&#8221; title_text=&#8221;enfermeria2-imagen&#8221; align=&#8221;center&#8221; disabled_on=&#8221;off|on|on&#8221; _builder_version=&#8221;4.5.1&#8243; module_alignment=&#8221;center&#8221; min_height=&#8221;472px&#8221; min_height_tablet=&#8221;&#8221; min_height_phone=&#8221;&#8221; min_height_last_edited=&#8221;on|phone&#8221; custom_padding=&#8221;0px||||false|false&#8221;][\/et_pb_image][\/et_pb_column][\/et_pb_row][et_pb_row column_structure=&#8221;1_2,1_2&#8243; _builder_version=&#8221;4.4.7&#8243; custom_margin=&#8221;10px|auto|32px|auto|false|&#8221; custom_padding=&#8221;3px|||||&#8221;][et_pb_column type=&#8221;1_2&#8243; _builder_version=&#8221;4.4.7&#8243;][et_pb_text _builder_version=&#8221;4.6.1&#8243; text_font=&#8221;Chivo||||||||&#8221; text_font_size=&#8221;16px&#8221; text_line_height=&#8221;1.8em&#8221; text_orientation=&#8221;justified&#8221; max_width=&#8221;550px&#8221; custom_padding=&#8221;||||false|false&#8221; hover_enabled=&#8221;0&#8243; sticky_enabled=&#8221;0&#8243;]<\/p>\n<p><span style=\"font-weight: 400;\">Podemos decir en terminos generales que la revalidaci\u00f3n de Enfermeria en Canad\u00e1 lleva 3 importantes pasos:<\/span><\/p>\n<ol>\n<li>Investigar cual es el organismo regulador en la provincia donde planea establecerse o est\u00e1 viviendo, para enviar la &#8220;evaluaci\u00f3n&#8221; de sus credenciales.<\/li>\n<li>Una vez que haya sido autorizado como un candidato elegible, deber\u00e1 presentar los ex\u00e1menes de ingl\u00e9s y los de conocimientos de enfermeria.<\/li>\n<li>\u00a0Despues de aprobar los ex\u00e1menes arriba mencionados podr\u00e1 solicitar su registro como Enfermero(a) y obtener un permiso de trabajo.<\/li>\n<\/ol>\n<p><span style=\"font-weight: 400;\">El proceso para la revalidaci\u00f3n de Enfermer\u00eda es complicado. Prep\u00e1rate lo mejor que puedas, investiga, pregunta, asesorate y conoce que es lo que puedes hacer desde t\u00fa pais previo a emigrar para ahorrar tiempo y muchas veces algunos requisitos son mas baratos en nuestros paises, como la traducci\u00f3n de documentos por ejemplo.<\/span><\/p>\n<p>[\/et_pb_text][\/et_pb_column][et_pb_column type=&#8221;1_2&#8243; _builder_version=&#8221;4.4.7&#8243;][et_pb_image src=&#8221;http:\/\/bosworthinstitute.com\/wp-content\/uploads\/2020\/07\/enfermeria2-imagen.jpg&#8221; title_text=&#8221;enfermeria2-imagen&#8221; force_fullwidth=&#8221;on&#8221; disabled_on=&#8221;on|off|off&#8221; _builder_version=&#8221;4.4.7&#8243; module_alignment=&#8221;center&#8221; min_height=&#8221;472px&#8221; custom_padding=&#8221;0px||||false|false&#8221;][\/et_pb_image][\/et_pb_column][\/et_pb_row][et_pb_row _builder_version=&#8221;4.6.1&#8243; _module_preset=&#8221;default&#8221;][et_pb_column _builder_version=&#8221;4.6.1&#8243; _module_preset=&#8221;default&#8221; type=&#8221;4_4&#8243;][et_pb_text _builder_version=&#8221;4.6.1&#8243; _module_preset=&#8221;default&#8221; hover_enabled=&#8221;0&#8243; sticky_enabled=&#8221;0&#8243; custom_padding=&#8221;0px|||||&#8221;]<\/p>\n<p><span style=\"color: #000080;\">Si requieres asesor\u00eda personalizada en espa\u00f1ol para conocer las mejores opciones para t\u00fa caso, no dudes en agendar una cita online con nosotros. En ella obtendr\u00e1s:<\/span><\/p>\n<ul>\n<li><span style=\"color: #000080;\">Dos horas\u00a0en tiempo real con nuestros especialistas asesores para darte las mejores recomendaciones y opciones para ti.<\/span><\/li>\n<li><span style=\"color: #000080;\">Cuales son los requisitos para registrarte como Enfermero(a) en Canad\u00e1, cuanto tiempo lleva el proceso, cuanto cuesta, como realizarlo y que puedes comenzar desde donde te encuentras.<\/span><\/li>\n<li><span style=\"color: #000080;\">Tips y recursos para prepararte para el examen de conocimientos en ingl\u00e9s.<\/span><\/li>\n<li><span style=\"color: #000080;\">Opciones alternativas para Enfermeros graduados en el extranjero.<\/span><\/li>\n<li><span style=\"color: #000080;\">Usamos presentaciones, informaci\u00f3n y diagramas en espa\u00f1ol creados especialmente para este prop\u00f3sito.<\/span><\/li>\n<\/ul>\n<p><span style=\"color: #000080;\">Agendar una cita con\u00a0<strong>Bosworth Institute<\/strong>\u00a0te despejar\u00e1 todas las dudas posibles y te guiar\u00e1 de la mejor manera para llevar a cabo el objetivo de ejercer en Canad\u00e1.<\/span><\/p>\n<p>[\/et_pb_text][\/et_pb_column][\/et_pb_row][et_pb_row _builder_version=&#8221;4.6.1&#8243; _module_preset=&#8221;default&#8221;][et_pb_column type=&#8221;4_4&#8243; _builder_version=&#8221;4.6.1&#8243; _module_preset=&#8221;default&#8221;][et_pb_text _builder_version=&#8221;4.6.1&#8243; _module_preset=&#8221;default&#8221; text_font=&#8221;Bebas Neue||||||||&#8221; text_font_size=&#8221;21px&#8221;]<\/p>\n<p style=\"text-align: center;\"><span>Para vivir, trabajar o estudiar en Canad\u00e1, debe presentar una solicitud para obtener una visa de trabajo, estudio o residencia y contar la documentaci\u00f3n adecuada antes de llegar a Canad\u00e1. Para mas informaci\u00f3n visita:\u00a0<\/span><a href=\"canada.ca\" title=\"canada.ca\"><strong>canada.ca<\/strong><\/a><span>\u00a0o consulta a un Asesor de Immigraci\u00f3n canadiense certificado.<\/span><\/p>\n<p>[\/et_pb_text][\/et_pb_column][\/et_pb_row][\/et_pb_section][et_pb_section fb_built=&#8221;1&#8243; admin_label=&#8221;Contact Info &#8221; _builder_version=&#8221;4.4.7&#8243; background_enable_color=&#8221;off&#8221; custom_padding=&#8221;6px||13px|||&#8221; locked=&#8221;off&#8221;][et_pb_row _builder_version=&#8221;4.4.7&#8243; custom_padding=&#8221;0px||1px|||&#8221;][et_pb_column type=&#8221;4_4&#8243; _builder_version=&#8221;4.4.7&#8243;][et_pb_text _builder_version=&#8221;4.4.7&#8243; text_font=&#8221;||||||||&#8221; text_line_height=&#8221;2em&#8221; header_font=&#8221;Faustina|600|||||||&#8221; header_text_align=&#8221;center&#8221; header_font_size=&#8221;37px&#8221; header_line_height=&#8221;1.3em&#8221; text_orientation=&#8221;center&#8221; custom_margin=&#8221;||1px|||&#8221; header_font_size_tablet=&#8221;50px&#8221; header_font_size_phone=&#8221;40px&#8221; header_font_size_last_edited=&#8221;on|phone&#8221; locked=&#8221;off&#8221;]<\/p>\n<h1>Tienda<\/h1>\n<p>[\/et_pb_text][et_pb_divider color=&#8221;#E02B20&#8243; divider_weight=&#8221;3px&#8221; _builder_version=&#8221;4.4.7&#8243; width=&#8221;6%&#8221; module_alignment=&#8221;center&#8221; custom_margin=&#8221;||4px|||&#8221;][\/et_pb_divider][et_pb_shop type=&#8221;product_category&#8221; include_categories=&#8221;22&#8243; columns_number=&#8221;1&#8243; _builder_version=&#8221;4.4.9&#8243; title_font=&#8221;||||||||&#8221; title_text_color=&#8221;#001c73&#8243; title_font_size=&#8221;22px&#8221; price_font=&#8221;|600|||||||&#8221; price_font_size=&#8221;15px&#8221; width=&#8221;26%&#8221; width_tablet=&#8221;88%&#8221; width_phone=&#8221;100%&#8221; width_last_edited=&#8221;on|tablet&#8221; module_alignment=&#8221;center&#8221; custom_padding=&#8221;||0px|||&#8221; module_alignment_tablet=&#8221;&#8221; module_alignment_phone=&#8221;center&#8221; module_alignment_last_edited=&#8221;on|phone&#8221; locked=&#8221;off&#8221;][\/et_pb_shop][\/et_pb_column][\/et_pb_row][\/et_pb_section]<\/p>\n","protected":false},"excerpt":{"rendered":"<p>En Canad\u00e1, la profesi\u00f3n de enfermer\u00eda es regulada (para saber qu\u00e9 significa esto, ve a la secci\u00f3n: \u201cLo que necesitas saber\u201d y consiste en cuatro opciones distintas: 1.- Enfermeras(os) Registradas(os) (RN) Enfermeros con estudios universitarios o licenciatura con o sin especialidad. 2.-Enfermeras(os) Practicantes (NP), aquellos que aun est\u00e1n realizando sus practicas profesionales. 3.-Enfermeras(os) practicantes con [&hellip;]<\/p>\n","protected":false},"author":7,"featured_media":146,"parent":0,"menu_order":0,"comment_status":"closed","ping_status":"closed","template":"","meta":{"_et_pb_use_builder":"on","_et_pb_old_content":"","_et_gb_content_width":"","_joinchat":[],"footnotes":""},"class_list":["post-491","page","type-page","status-publish","has-post-thumbnail","hentry"],"_links":{"self":[{"href":"https:\/\/bosworthinstitute.com\/eng\/wp-json\/wp\/v2\/pages\/491","targetHints":{"allow":["GET"]}}],"collection":[{"href":"https:\/\/bosworthinstitute.com\/eng\/wp-json\/wp\/v2\/pages"}],"about":[{"href":"https:\/\/bosworthinstitute.com\/eng\/wp-json\/wp\/v2\/types\/page"}],"author":[{"embeddable":true,"href":"https:\/\/bosworthinstitute.com\/eng\/wp-json\/wp\/v2\/users\/7"}],"replies":[{"embeddable":true,"href":"https:\/\/bosworthinstitute.com\/eng\/wp-json\/wp\/v2\/comments?post=491"}],"version-history":[{"count":19,"href":"https:\/\/bosworthinstitute.com\/eng\/wp-json\/wp\/v2\/pages\/491\/revisions"}],"predecessor-version":[{"id":1381,"href":"https:\/\/bosworthinstitute.com\/eng\/wp-json\/wp\/v2\/pages\/491\/revisions\/1381"}],"wp:featuredmedia":[{"embeddable":true,"href":"https:\/\/bosworthinstitute.com\/eng\/wp-json\/wp\/v2\/media\/146"}],"wp:attachment":[{"href":"https:\/\/bosworthinstitute.com\/eng\/wp-json\/wp\/v2\/media?parent=491"}],"curies":[{"name":"wp","href":"https:\/\/api.w.org\/{rel}","templated":true}]}}