{"id":507,"date":"2020-06-26T22:07:31","date_gmt":"2020-06-26T22:07:31","guid":{"rendered":"http:\/\/bosworthinstitute.com\/?page_id=507"},"modified":"2020-09-07T22:50:58","modified_gmt":"2020-09-07T22:50:58","slug":"tecnico-rayos-x","status":"publish","type":"page","link":"https:\/\/bosworthinstitute.com\/eng\/tecnico-rayos-x\/","title":{"rendered":"T\u00e9cnico Rayos X"},"content":{"rendered":"<p>[et_pb_section fb_built=&#8221;1&#8243; fullwidth=&#8221;on&#8221; admin_label=&#8221;Header&#8221; _builder_version=&#8221;4.4.7&#8243; background_enable_image=&#8221;off&#8221; custom_padding=&#8221;0px|0|0px|0px|false|false&#8221; top_divider_color=&#8221;rgba(255,255,255,0.3)&#8221; top_divider_height=&#8221;100%&#8221; top_divider_repeat=&#8221;2x&#8221; bottom_divider_color=&#8221;rgba(255,255,255,0.33)&#8221; bottom_divider_height=&#8221;500px&#8221;][et_pb_fullwidth_header title=&#8221;T\u00e9cnico en Rayos X&#8221; subhead=&#8221;Ejerce en Canad\u00e1&#8221; text_orientation=&#8221;center&#8221; content_max_width=&#8221;70%&#8221; content_max_width_tablet=&#8221;100%&#8221; content_max_width_phone=&#8221;&#8221; content_max_width_last_edited=&#8221;on|phone&#8221; _builder_version=&#8221;4.6.1&#8243; title_font=&#8221;Faustina|500|||||||&#8221; title_text_color=&#8221;#FFFFFF&#8221; title_font_size=&#8221;60px&#8221; title_line_height=&#8221;1.5em&#8221; content_font=&#8221;||||||||&#8221; subhead_font=&#8221;Poppins|700||on|||||&#8221; subhead_text_color=&#8221;#FFFFFF&#8221; subhead_font_size=&#8221;16px&#8221; subhead_letter_spacing=&#8221;4px&#8221; subhead_line_height=&#8221;1.7em&#8221; background_enable_color=&#8221;off&#8221; use_background_color_gradient=&#8221;on&#8221; background_color_gradient_start=&#8221;rgba(0,0,0,0.64)&#8221; background_color_gradient_end=&#8221;rgba(0,0,0,0.71)&#8221; background_color_gradient_overlays_image=&#8221;on&#8221; background_image=&#8221;http:\/\/bosworthinstitute.com\/wp-content\/uploads\/2020\/06\/bosworth-institute-canada-toronto1-e1592935240466.jpg&#8221; background_position=&#8221;bottom_left&#8221; custom_button_one=&#8221;on&#8221; button_one_text_size=&#8221;14px&#8221; button_one_text_color=&#8221;#000000&#8243; button_one_bg_color=&#8221;#ffffff&#8221; button_one_border_width=&#8221;14px&#8221; button_one_border_color=&#8221;#ffffff&#8221; button_one_border_radius=&#8221;0px&#8221; button_one_letter_spacing=&#8221;4px&#8221; button_one_font=&#8221;Poppins|500||on|||||&#8221; background_layout=&#8221;light&#8221; custom_margin=&#8221;||||false&#8221; custom_padding=&#8221;0vw||0vw||true|false&#8221; title_font_size_tablet=&#8221;40px&#8221; title_font_size_phone=&#8221;53px&#8221; title_font_size_last_edited=&#8221;on|phone&#8221; title_line_height_tablet=&#8221;&#8221; title_line_height_phone=&#8221;1.1em&#8221; title_line_height_last_edited=&#8221;on|phone&#8221; subhead_letter_spacing_tablet=&#8221;&#8221; subhead_letter_spacing_phone=&#8221;0px&#8221; subhead_letter_spacing_last_edited=&#8221;on|phone&#8221; subhead_line_height_tablet=&#8221;&#8221; subhead_line_height_phone=&#8221;1.7em&#8221; subhead_line_height_last_edited=&#8221;on|phone&#8221; button_one_border_color_hover=&#8221;#ecd5c5&#8243; button_one_border_radius_hover=&#8221;0px&#8221; button_one_letter_spacing_hover=&#8221;4px&#8221; button_one_bg_color_hover=&#8221;#ecd5c5&#8243; button_one_text_size__hover_enabled=&#8221;off&#8221; button_two_text_size__hover_enabled=&#8221;off&#8221; button_one_text_color__hover_enabled=&#8221;off&#8221; button_two_text_color__hover_enabled=&#8221;off&#8221; button_one_border_width__hover_enabled=&#8221;off&#8221; button_two_border_width__hover_enabled=&#8221;off&#8221; button_one_border_color__hover_enabled=&#8221;on&#8221; button_one_border_color__hover=&#8221;#ecd5c5&#8243; button_two_border_color__hover_enabled=&#8221;off&#8221; button_one_border_radius__hover_enabled=&#8221;on&#8221; button_one_border_radius__hover=&#8221;0px&#8221; button_two_border_radius__hover_enabled=&#8221;off&#8221; button_one_letter_spacing__hover_enabled=&#8221;on&#8221; button_one_letter_spacing__hover=&#8221;4px&#8221; button_two_letter_spacing__hover_enabled=&#8221;off&#8221; button_one_bg_color__hover_enabled=&#8221;on&#8221; button_one_bg_color__hover=&#8221;#ecd5c5&#8243; button_two_bg_color__hover_enabled=&#8221;off&#8221;][\/et_pb_fullwidth_header][\/et_pb_section][et_pb_section fb_built=&#8221;1&#8243; _builder_version=&#8221;4.4.7&#8243; custom_padding=&#8221;31px||31px||true|&#8221;][et_pb_row _builder_version=&#8221;4.4.7&#8243; custom_padding=&#8221;6px||14px|||&#8221; locked=&#8221;off&#8221;][et_pb_column type=&#8221;4_4&#8243; _builder_version=&#8221;4.4.7&#8243;][et_pb_text _builder_version=&#8221;4.6.1&#8243; text_font=&#8221;||||||||&#8221; text_font_size=&#8221;20px&#8221; text_line_height=&#8221;1.6em&#8221; background_enable_color=&#8221;off&#8221; text_orientation=&#8221;center&#8221; width=&#8221;81%&#8221; module_alignment=&#8221;center&#8221; custom_padding=&#8221;10px|5px|10px|5px|true|true&#8221;]<\/p>\n<p style=\"text-align: center;\"><span style=\"color: #000080;\">Agendar una cita con\u00a0<strong>Bosworth Institute<\/strong>\u00a0te despejar\u00e1 todas las dudas posibles y te guiar\u00e1 de la mejor manera para llevar a cabo el objetivo de ejercer en Canad\u00e1.<\/span><\/p>\n<p>[\/et_pb_text][et_pb_image src=&#8221;http:\/\/bosworthinstitute.com\/wp-content\/uploads\/2020\/07\/T\u00e9cnico-Rayos-X-bosworth-carrera.png&#8221; title_text=&#8221;T\u00e9cnico Rayos X bosworth carrera&#8221; force_fullwidth=&#8221;on&#8221; disabled_on=&#8221;off|on|on&#8221; _builder_version=&#8221;4.4.7&#8243; min_height=&#8221;100px&#8221; custom_margin=&#8221;-17px||||false|false&#8221; custom_padding=&#8221;0px||||false|false&#8221;][\/et_pb_image][\/et_pb_column][\/et_pb_row][et_pb_row column_structure=&#8221;1_2,1_2&#8243; disabled_on=&#8221;on|on|on&#8221; _builder_version=&#8221;4.4.7&#8243; custom_padding=&#8221;||55px|||&#8221; disabled=&#8221;on&#8221;][et_pb_column type=&#8221;1_2&#8243; _builder_version=&#8221;4.4.7&#8243;][et_pb_image src=&#8221;http:\/\/bosworthinstitute.com\/wp-content\/uploads\/2020\/06\/bosworth-institute-blog-ejercer-medicina-en-canada.jpg&#8221; title_text=&#8221;bosworth-institute-blog-ejercer-medicina-en-canada&#8221; align_tablet=&#8221;center&#8221; align_phone=&#8221;&#8221; align_last_edited=&#8221;on|desktop&#8221; _builder_version=&#8221;4.4.7&#8243; animation_style=&#8221;fade&#8221;][\/et_pb_image][\/et_pb_column][et_pb_column type=&#8221;1_2&#8243; _builder_version=&#8221;4.4.7&#8243;][et_pb_text _builder_version=&#8221;4.4.7&#8243; text_font=&#8221;||||||||&#8221; text_font_size=&#8221;16px&#8221; text_line_height=&#8221;1.8em&#8221; text_orientation=&#8221;justified&#8221; max_width=&#8221;550px&#8221;]<\/p>\n<p>Lorem ipsum dolor sit amet consectetur adipiscing elit etiam malesuada, felis congue nunc maecenas inceptos phasellus sociis ridiculus eu varius, turpis ante sagittis dignissim ultrices rutrum tempor volutpat. Mauris vestibulum montes ad euismod lobortis semper, augue ullamcorper dignissim hac fusce metus leo, placerat netus porttitor condimentum a. Mollis platea imperdiet interdum mi porttitor montes conubia mauris luctus, odio massa hendrerit ad natoque magna torquent mus sociosqu diam, vivamus commodo congue magnis tempor suscipit fusce iaculis.<\/p>\n<p>[\/et_pb_text][\/et_pb_column][\/et_pb_row][et_pb_row column_structure=&#8221;1_2,1_2&#8243; _builder_version=&#8221;4.4.7&#8243; custom_margin=&#8221;32px|auto||auto||&#8221; custom_padding=&#8221;3px|||||&#8221;][et_pb_column type=&#8221;1_2&#8243; _builder_version=&#8221;4.4.7&#8243;][et_pb_text _builder_version=&#8221;4.6.1&#8243; text_font=&#8221;||||||||&#8221; text_font_size=&#8221;16px&#8221; text_line_height=&#8221;1.8em&#8221; text_orientation=&#8221;justified&#8221; max_width=&#8221;550px&#8221; custom_padding=&#8221;||||false|false&#8221; hover_enabled=&#8221;0&#8243; sticky_enabled=&#8221;0&#8243;]<\/p>\n<p>La Asociaci\u00f3n Canadiense de Tecn\u00f3logos en Radiaci\u00f3n M\u00e9dica o <strong>CAMRT<\/strong> (Canadian Association of Medical Radiation Technologists) es el organismo certificador y asociaci\u00f3n profesional para las disciplinas: tecnolog\u00eda radiol\u00f3gica, tecnolog\u00eda en medicina nuclear, resonancia magn\u00e9tica y radioterapia. En Canad\u00e1, cada una de estas disciplinas es una profesi\u00f3n separada.<\/p>\n<p>Los t\u00e9cnicos radi\u00f3logos en Canad\u00e1 son llamados <strong>IEMRTs<\/strong> (Internationally Educated Medical Radiation Technologists). Los cuales deben aprobar inicialmente una evaluaci\u00f3n de documentos y de conocimientos por el CAMRT.<\/p>\n<p>En general el proceso para certificarse como T\u00e9cnico Radi\u00f3logo en Canad\u00e1 son los siguientes:<\/p>\n<ul>\n<li>Formulario de solicitud de evaluaci\u00f3n completo en el website: <b>www.camrt.ca<\/b><\/li>\n<li>Certificado de tus estudios y cursos que has realizado\/ descripci\u00f3n de los cursos.<\/li>\n<li>Aprobaci\u00f3n del examen de Ingl\u00e9s (TOELF : m\u00ednimo 73, IELTS: m\u00ednimo 6).<\/li>\n<li>Carta de referencia confirmando empleo actual y previos.<\/li>\n<li>Pruebas de la pr\u00e1ctica cl\u00ednica en t\u00fa \u00e1rea.<\/li>\n<li>Evidencia de inscripci\u00f3n en otra asociaci\u00f3n de t\u00e9cnicos radi\u00f3logos en t\u00fa pa\u00eds si estuviste afiliado.<\/li>\n<li>Una carta de referencia que apoya el buen car\u00e1cter, por una persona que te conozca de al menos dos a\u00f1os, con todos los datos y que este disponible para que le llamen.<\/li>\n<li>Una vez que se cuenta con una evaluaci\u00f3n positiva de la credenciales y dem\u00e1s documentos, entonces se podr\u00e1 solicitar los ex\u00e1menes de conocimientos, al aprobarse ya se podr\u00e1 contar con la Licencia para ejercer como IEMRT.<\/li>\n<\/ul>\n<p>Este proceso puede durar de 6 a 12 meses o incluso mas tiempo, por lo que es importante conocer de cerca los requisitos y cuales pueden llevarse a cabo desde donde estas para ahorrar tiempo y costos.<\/p>\n<p>[\/et_pb_text][\/et_pb_column][et_pb_column type=&#8221;1_2&#8243; _builder_version=&#8221;4.4.7&#8243;][et_pb_image src=&#8221;http:\/\/bosworthinstitute.com\/wp-content\/uploads\/2020\/07\/T\u00e9cnico-Rayos-X-bosworth-carrera.png&#8221; title_text=&#8221;T\u00e9cnico Rayos X bosworth carrera&#8221; force_fullwidth=&#8221;on&#8221; disabled_on=&#8221;on|off|off&#8221; _builder_version=&#8221;4.4.7&#8243; min_height=&#8221;100px&#8221; custom_margin=&#8221;-17px||||false|false&#8221; custom_padding=&#8221;0px||||false|false&#8221;][\/et_pb_image][et_pb_text _builder_version=&#8221;4.6.1&#8243; _module_preset=&#8221;default&#8221; border_color_all=&#8221;#e02b20&#8243; border_style_all=&#8221;dotted&#8221; box_shadow_style=&#8221;preset1&#8243; box_shadow_color=&#8221;#d6d6d6&#8243;]<\/p>\n<h3 style=\"text-align: center;\"><span style=\"color: #000080;\">El salario de un T\u00e9cnico Radi\u00f3logo en Canad\u00e1 es de: <\/span><\/h3>\n<h3 style=\"text-align: center;\"><span style=\"color: #000080;\">$ 32 d\u00f3lares.<\/span><\/h3>\n<p>[\/et_pb_text][et_pb_text _builder_version=&#8221;4.6.1&#8243; _module_preset=&#8221;default&#8221;]<\/p>\n<p>&nbsp;<\/p>\n<h1 style=\"text-align: center;\"><span style=\"color: #666699;\">\u00a1SOLICITA UNA ASESORIA PERSONAL EN LINEA!<\/span><\/h1>\n<h3 style=\"text-align: center;\"><span><\/span><\/h3>\n<p>[\/et_pb_text][\/et_pb_column][\/et_pb_row][et_pb_row _builder_version=&#8221;4.6.1&#8243; _module_preset=&#8221;default&#8221;][et_pb_column type=&#8221;4_4&#8243; _builder_version=&#8221;4.6.1&#8243; _module_preset=&#8221;default&#8221;][et_pb_text _builder_version=&#8221;4.6.1&#8243; _module_preset=&#8221;default&#8221; text_font=&#8221;Bebas Neue||||||||&#8221; text_font_size=&#8221;28px&#8221; text_orientation=&#8221;center&#8221;]<\/p>\n<p>Para vivir, trabajar o estudiar en Canad\u00e1, debe presentar una solicitud para obtener una visa de trabajo, estudio o residencia y contar la documentaci\u00f3n adecuada antes de llegar a Canad\u00e1. Para mas informaci\u00f3n visita: <a href=\"canada.ca\" title=\"canada.ca\"><strong>canada.ca<\/strong><\/a> o consulta a un Asesor de Immigraci\u00f3n canadiense certificado.<\/p>\n<p>[\/et_pb_text][\/et_pb_column][\/et_pb_row][\/et_pb_section][et_pb_section fb_built=&#8221;1&#8243; admin_label=&#8221;Contact Info &#8221; _builder_version=&#8221;4.4.7&#8243; background_enable_color=&#8221;off&#8221; custom_padding=&#8221;6px||13px|||&#8221; locked=&#8221;off&#8221;][et_pb_row _builder_version=&#8221;4.4.7&#8243; custom_padding=&#8221;0px||1px|||&#8221;][et_pb_column type=&#8221;4_4&#8243; _builder_version=&#8221;4.4.7&#8243;][et_pb_text _builder_version=&#8221;4.4.7&#8243; text_font=&#8221;||||||||&#8221; text_line_height=&#8221;2em&#8221; header_font=&#8221;Faustina|600|||||||&#8221; header_text_align=&#8221;center&#8221; header_font_size=&#8221;37px&#8221; header_line_height=&#8221;1.3em&#8221; text_orientation=&#8221;center&#8221; custom_margin=&#8221;||1px|||&#8221; header_font_size_tablet=&#8221;50px&#8221; header_font_size_phone=&#8221;40px&#8221; header_font_size_last_edited=&#8221;on|phone&#8221; locked=&#8221;off&#8221;]<\/p>\n<h1>Tienda<\/h1>\n<p>[\/et_pb_text][et_pb_divider color=&#8221;#E02B20&#8243; divider_weight=&#8221;3px&#8221; _builder_version=&#8221;4.4.7&#8243; width=&#8221;6%&#8221; module_alignment=&#8221;center&#8221; custom_margin=&#8221;||4px|||&#8221;][\/et_pb_divider][et_pb_shop type=&#8221;product_category&#8221; include_categories=&#8221;22&#8243; columns_number=&#8221;1&#8243; _builder_version=&#8221;4.4.9&#8243; title_font=&#8221;||||||||&#8221; title_text_color=&#8221;#001c73&#8243; title_font_size=&#8221;22px&#8221; price_font=&#8221;|600|||||||&#8221; price_font_size=&#8221;15px&#8221; width=&#8221;26%&#8221; width_tablet=&#8221;88%&#8221; width_phone=&#8221;100%&#8221; width_last_edited=&#8221;on|tablet&#8221; module_alignment=&#8221;center&#8221; custom_padding=&#8221;||0px|||&#8221; module_alignment_tablet=&#8221;&#8221; module_alignment_phone=&#8221;center&#8221; module_alignment_last_edited=&#8221;on|phone&#8221; locked=&#8221;off&#8221;][\/et_pb_shop][\/et_pb_column][\/et_pb_row][\/et_pb_section]<\/p>\n","protected":false},"excerpt":{"rendered":"<p>Agendar una cita con\u00a0Bosworth Institute\u00a0te despejar\u00e1 todas las dudas posibles y te guiar\u00e1 de la mejor manera para llevar a cabo el objetivo de ejercer en Canad\u00e1.Lorem ipsum dolor sit amet consectetur adipiscing elit etiam malesuada, felis congue nunc maecenas inceptos phasellus sociis ridiculus eu varius, turpis ante sagittis dignissim ultrices rutrum tempor volutpat. Mauris [&hellip;]<\/p>\n","protected":false},"author":7,"featured_media":150,"parent":0,"menu_order":0,"comment_status":"closed","ping_status":"closed","template":"","meta":{"_et_pb_use_builder":"on","_et_pb_old_content":"","_et_gb_content_width":"","_joinchat":[],"footnotes":""},"class_list":["post-507","page","type-page","status-publish","has-post-thumbnail","hentry"],"_links":{"self":[{"href":"https:\/\/bosworthinstitute.com\/eng\/wp-json\/wp\/v2\/pages\/507","targetHints":{"allow":["GET"]}}],"collection":[{"href":"https:\/\/bosworthinstitute.com\/eng\/wp-json\/wp\/v2\/pages"}],"about":[{"href":"https:\/\/bosworthinstitute.com\/eng\/wp-json\/wp\/v2\/types\/page"}],"author":[{"embeddable":true,"href":"https:\/\/bosworthinstitute.com\/eng\/wp-json\/wp\/v2\/users\/7"}],"replies":[{"embeddable":true,"href":"https:\/\/bosworthinstitute.com\/eng\/wp-json\/wp\/v2\/comments?post=507"}],"version-history":[{"count":13,"href":"https:\/\/bosworthinstitute.com\/eng\/wp-json\/wp\/v2\/pages\/507\/revisions"}],"predecessor-version":[{"id":1392,"href":"https:\/\/bosworthinstitute.com\/eng\/wp-json\/wp\/v2\/pages\/507\/revisions\/1392"}],"wp:featuredmedia":[{"embeddable":true,"href":"https:\/\/bosworthinstitute.com\/eng\/wp-json\/wp\/v2\/media\/150"}],"wp:attachment":[{"href":"https:\/\/bosworthinstitute.com\/eng\/wp-json\/wp\/v2\/media?parent=507"}],"curies":[{"name":"wp","href":"https:\/\/api.w.org\/{rel}","templated":true}]}}