{"id":518,"date":"2020-06-26T22:24:28","date_gmt":"2020-06-26T22:24:28","guid":{"rendered":"http:\/\/bosworthinstitute.com\/?page_id=518"},"modified":"2020-09-07T23:26:18","modified_gmt":"2020-09-07T23:26:18","slug":"optometria","status":"publish","type":"page","link":"https:\/\/bosworthinstitute.com\/eng\/optometria\/","title":{"rendered":"Optometr\u00eda"},"content":{"rendered":"<p>[et_pb_section fb_built=&#8221;1&#8243; fullwidth=&#8221;on&#8221; admin_label=&#8221;Header&#8221; _builder_version=&#8221;4.4.7&#8243; background_enable_image=&#8221;off&#8221; custom_padding=&#8221;0px|0|0px|0px|false|false&#8221; top_divider_color=&#8221;rgba(255,255,255,0.3)&#8221; top_divider_height=&#8221;100%&#8221; top_divider_repeat=&#8221;2x&#8221; bottom_divider_color=&#8221;rgba(255,255,255,0.33)&#8221; bottom_divider_height=&#8221;500px&#8221;][et_pb_fullwidth_header title=&#8221;Optometr\u00eda&#8221; subhead=&#8221;Ejerce optometr\u00eda en Canada&#8221; text_orientation=&#8221;center&#8221; content_max_width=&#8221;70%&#8221; content_max_width_tablet=&#8221;100%&#8221; content_max_width_phone=&#8221;&#8221; content_max_width_last_edited=&#8221;on|phone&#8221; _builder_version=&#8221;4.4.7&#8243; title_font=&#8221;Faustina|500|||||||&#8221; title_text_color=&#8221;#FFFFFF&#8221; title_font_size=&#8221;60px&#8221; title_line_height=&#8221;1.5em&#8221; content_font=&#8221;||||||||&#8221; subhead_font=&#8221;Poppins|700||on|||||&#8221; subhead_text_color=&#8221;#FFFFFF&#8221; subhead_font_size=&#8221;16px&#8221; subhead_letter_spacing=&#8221;4px&#8221; subhead_line_height=&#8221;1.7em&#8221; background_enable_color=&#8221;off&#8221; use_background_color_gradient=&#8221;on&#8221; background_color_gradient_start=&#8221;rgba(0,0,0,0.64)&#8221; background_color_gradient_end=&#8221;rgba(0,0,0,0.71)&#8221; background_color_gradient_overlays_image=&#8221;on&#8221; background_image=&#8221;http:\/\/bosworthinstitute.com\/wp-content\/uploads\/2020\/06\/bosworth-institute-ejercer-medicina-en-canada-footer-2.jpg&#8221; background_position=&#8221;bottom_left&#8221; custom_button_one=&#8221;on&#8221; button_one_text_size=&#8221;14px&#8221; button_one_text_color=&#8221;#000000&#8243; button_one_bg_color=&#8221;#ffffff&#8221; button_one_border_width=&#8221;14px&#8221; button_one_border_color=&#8221;#ffffff&#8221; button_one_border_radius=&#8221;0px&#8221; button_one_letter_spacing=&#8221;4px&#8221; button_one_font=&#8221;Poppins|500||on|||||&#8221; background_layout=&#8221;light&#8221; custom_margin=&#8221;||||false&#8221; custom_padding=&#8221;0vw||0vw||true|false&#8221; title_font_size_tablet=&#8221;40px&#8221; title_font_size_phone=&#8221;53px&#8221; title_font_size_last_edited=&#8221;on|phone&#8221; subhead_letter_spacing_tablet=&#8221;&#8221; subhead_letter_spacing_phone=&#8221;0px&#8221; subhead_letter_spacing_last_edited=&#8221;on|phone&#8221; button_one_border_color_hover=&#8221;#ecd5c5&#8243; button_one_border_radius_hover=&#8221;0px&#8221; button_one_letter_spacing_hover=&#8221;4px&#8221; button_one_bg_color_hover=&#8221;#ecd5c5&#8243; button_one_text_size__hover_enabled=&#8221;off&#8221; button_two_text_size__hover_enabled=&#8221;off&#8221; button_one_text_color__hover_enabled=&#8221;off&#8221; button_two_text_color__hover_enabled=&#8221;off&#8221; button_one_border_width__hover_enabled=&#8221;off&#8221; button_two_border_width__hover_enabled=&#8221;off&#8221; button_one_border_color__hover_enabled=&#8221;on&#8221; button_one_border_color__hover=&#8221;#ecd5c5&#8243; button_two_border_color__hover_enabled=&#8221;off&#8221; button_one_border_radius__hover_enabled=&#8221;on&#8221; button_one_border_radius__hover=&#8221;0px&#8221; button_two_border_radius__hover_enabled=&#8221;off&#8221; button_one_letter_spacing__hover_enabled=&#8221;on&#8221; button_one_letter_spacing__hover=&#8221;4px&#8221; button_two_letter_spacing__hover_enabled=&#8221;off&#8221; button_one_bg_color__hover_enabled=&#8221;on&#8221; button_one_bg_color__hover=&#8221;#ecd5c5&#8243; button_two_bg_color__hover_enabled=&#8221;off&#8221;][\/et_pb_fullwidth_header][\/et_pb_section][et_pb_section fb_built=&#8221;1&#8243; _builder_version=&#8221;4.4.7&#8243; custom_padding=&#8221;31px||31px||true|&#8221;][et_pb_row column_structure=&#8221;1_2,1_2&#8243; disabled_on=&#8221;on|on|on&#8221; _builder_version=&#8221;4.4.7&#8243; custom_padding=&#8221;||55px|||&#8221; disabled=&#8221;on&#8221;][et_pb_column type=&#8221;1_2&#8243; _builder_version=&#8221;4.4.7&#8243;][et_pb_image src=&#8221;http:\/\/bosworthinstitute.com\/wp-content\/uploads\/2020\/06\/bosworth-institute-blog-ejercer-medicina-en-canada.jpg&#8221; title_text=&#8221;bosworth-institute-blog-ejercer-medicina-en-canada&#8221; align_tablet=&#8221;center&#8221; align_phone=&#8221;&#8221; align_last_edited=&#8221;on|desktop&#8221; _builder_version=&#8221;4.4.7&#8243; animation_style=&#8221;fade&#8221;][\/et_pb_image][\/et_pb_column][et_pb_column type=&#8221;1_2&#8243; _builder_version=&#8221;4.4.7&#8243;][et_pb_text _builder_version=&#8221;4.4.7&#8243; text_font=&#8221;||||||||&#8221; text_font_size=&#8221;16px&#8221; text_line_height=&#8221;1.8em&#8221; text_orientation=&#8221;justified&#8221; max_width=&#8221;550px&#8221;]<\/p>\n<p>Lorem ipsum dolor sit amet consectetur adipiscing elit etiam malesuada, felis congue nunc maecenas inceptos phasellus sociis ridiculus eu varius, turpis ante sagittis dignissim ultrices rutrum tempor volutpat. Mauris vestibulum montes ad euismod lobortis semper, augue ullamcorper dignissim hac fusce metus leo, placerat netus porttitor condimentum a. Mollis platea imperdiet interdum mi porttitor montes conubia mauris luctus, odio massa hendrerit ad natoque magna torquent mus sociosqu diam, vivamus commodo congue magnis tempor suscipit fusce iaculis.<\/p>\n<p>[\/et_pb_text][\/et_pb_column][\/et_pb_row][et_pb_row _builder_version=&#8221;4.4.7&#8243; custom_padding=&#8221;6px||14px|||&#8221; locked=&#8221;off&#8221;][et_pb_column type=&#8221;4_4&#8243; _builder_version=&#8221;4.4.7&#8243;][et_pb_text _builder_version=&#8221;4.6.1&#8243; text_font=&#8221;||||||||&#8221; text_font_size=&#8221;20px&#8221; text_line_height=&#8221;1.6em&#8221; background_enable_color=&#8221;off&#8221; text_orientation=&#8221;center&#8221; width=&#8221;81%&#8221; module_alignment=&#8221;center&#8221; custom_padding=&#8221;10px|5px|10px|5px|true|true&#8221; hover_enabled=&#8221;0&#8243; sticky_enabled=&#8221;0&#8243;]<\/p>\n<p style=\"text-align: center;\"><span style=\"color: #000080;\">Agendar una cita con\u00a0<strong>Bosworth Institute<\/strong>\u00a0te despejar\u00e1 todas las dudas posibles y te guiar\u00e1 de la mejor manera para llevar a cabo el objetivo de ejercer en Canad\u00e1.<\/span><\/p>\n<p>[\/et_pb_text][et_pb_image src=&#8221;http:\/\/bosworthinstitute.com\/wp-content\/uploads\/2020\/07\/Optometr\u00eda-bosworth-carrera.png&#8221; title_text=&#8221;Optometr\u00eda bosworth carrera&#8221; force_fullwidth=&#8221;on&#8221; disabled_on=&#8221;off|on|on&#8221; _builder_version=&#8221;4.4.7&#8243; min_height=&#8221;100px&#8221; custom_margin=&#8221;-17px||||false|false&#8221; custom_padding=&#8221;0px||||false|false&#8221;][\/et_pb_image][\/et_pb_column][\/et_pb_row][et_pb_row column_structure=&#8221;1_2,1_2&#8243; _builder_version=&#8221;4.4.7&#8243; custom_margin=&#8221;32px|auto||auto||&#8221; custom_padding=&#8221;3px|||||&#8221;][et_pb_column type=&#8221;1_2&#8243; _builder_version=&#8221;4.4.7&#8243;][et_pb_text _builder_version=&#8221;4.6.1&#8243; text_font=&#8221;||||||||&#8221; text_font_size=&#8221;16px&#8221; text_line_height=&#8221;1.8em&#8221; text_orientation=&#8221;justified&#8221; max_width=&#8221;550px&#8221; custom_padding=&#8221;||||false|false&#8221; hover_enabled=&#8221;0&#8243; sticky_enabled=&#8221;0&#8243;]<\/p>\n<p style=\"text-align: left;\">Los Optometristas graduados fuera de EUA y Canad\u00e1 deben completar la evaluaci\u00f3n y revalidaci\u00f3n de sus credenciales a trav\u00e9s de la Federaci\u00f3n de Autoridades Reguladoras de Optometr\u00eda de Canad\u00e1, <strong>FORAC<\/strong> (<span>Federation of Optometric Regulatory Authorities of Canada)<\/span>. Esta evaluaci\u00f3n de las credenciales consiste en la revisi\u00f3n de sus certificados de estudios universitarios, experiencia, capacitaci\u00f3n y dominio del idioma ingl\u00e9s, lo que determinar\u00e1 la elegibilidad del solicitante para impugnar el Examen de Evaluaci\u00f3n para Optometristas Graduados Internacionalmente, llamado\u00a0<strong>IGOEE<\/strong>\u00a0por sus siglas en ingl\u00e9s (<span>Internationally Graduated Optometrist Evaluating Examination)<\/span>. La aprobaci\u00f3n satisfactoria del examen IGOE determinar\u00e1 el poder solicitar los ex\u00e1menes\u00a0<strong>OEBC<\/strong> y el <strong>OSCE<\/strong> (examen nacional de optometr\u00eda) o en su caso, solicitar su inscripci\u00f3n para el curso de revalidaci\u00f3n de Optometr\u00eda en la Universidad de Waterloo en Ontario.<\/p>\n<p style=\"text-align: left;\">Los Optometristas graduados internacionales deben estar preparados para el tiempo y los gastos significativos que puede implicar este proceso. Por la situaci\u00f3n actual del COVID-19 los cursos complementarios en la universidad de Waterloo se han cancelado hasta el a\u00f1o 2022.\u00a0<\/p>\n<p>&nbsp;<\/p>\n<p>[\/et_pb_text][\/et_pb_column][et_pb_column type=&#8221;1_2&#8243; _builder_version=&#8221;4.4.7&#8243;][et_pb_image src=&#8221;http:\/\/bosworthinstitute.com\/wp-content\/uploads\/2020\/07\/Optometr\u00eda-bosworth-carrera.png&#8221; title_text=&#8221;Optometr\u00eda bosworth carrera&#8221; force_fullwidth=&#8221;on&#8221; disabled_on=&#8221;on|off|off&#8221; _builder_version=&#8221;4.4.7&#8243; min_height=&#8221;100px&#8221; custom_margin=&#8221;-17px||||false|false&#8221; custom_padding=&#8221;0px||||false|false&#8221;][\/et_pb_image][\/et_pb_column][\/et_pb_row][et_pb_row _builder_version=&#8221;4.6.1&#8243; _module_preset=&#8221;default&#8221;][et_pb_column _builder_version=&#8221;4.6.1&#8243; _module_preset=&#8221;default&#8221; type=&#8221;4_4&#8243;][et_pb_text _builder_version=&#8221;4.6.1&#8243; _module_preset=&#8221;default&#8221; hover_enabled=&#8221;0&#8243; sticky_enabled=&#8221;0&#8243; custom_padding=&#8221;0px|||||&#8221; custom_margin=&#8221;-75px|||||&#8221;]<\/p>\n<p>Para aquellos interesados en ejercer como Optometristas Graduados en el extranjero, es importante\u00a0agendar una asesor\u00eda personalizada en espa\u00f1ol para conocer las mejores opciones para t\u00fa caso. En ella obtendr\u00e1s:<\/p>\n<ul>\n<li>Dos horas\u00a0en tiempo real con nuestros especialistas asesores para darte las mejores recomendaciones y opciones para ti.<\/li>\n<li>Cuales son los requisitos para registrarte como Optometrista en Canad\u00e1, cuanto tiempo lleva el proceso, cuanto cuesta, como realizarlo y que puedes comenzar desde donde te encuentras.<\/li>\n<li>Tips y recursos para prepararte para el examen de conocimientos en ingl\u00e9s.<\/li>\n<li>Opciones alternativas para Optometristas graduados en el extranjero.<\/li>\n<li>Usamos presentaciones, informaci\u00f3n y diagramas en espa\u00f1ol creados especialmente para este prop\u00f3sito.<\/li>\n<\/ul>\n<p>Agendar una cita con<span>\u00a0<\/span><strong>Bosworth Institute<\/strong><span>\u00a0<\/span>te despejar\u00e1 todas las dudas posibles y te guiar\u00e1 de la mejor manera para llevar a cabo el objetivo de ejercer en Canad\u00e1.<\/p>\n<p>[\/et_pb_text][\/et_pb_column][\/et_pb_row][et_pb_row _builder_version=&#8221;4.6.1&#8243; _module_preset=&#8221;default&#8221;][et_pb_column _builder_version=&#8221;4.6.1&#8243; _module_preset=&#8221;default&#8221; type=&#8221;4_4&#8243;][et_pb_text _builder_version=&#8221;4.6.1&#8243; _module_preset=&#8221;default&#8221; text_font=&#8221;Bebas Neue||||||||&#8221; text_font_size=&#8221;21px&#8221; hover_enabled=&#8221;0&#8243; sticky_enabled=&#8221;0&#8243;]<\/p>\n<p style=\"text-align: center;\"><span style=\"color: #000080;\">Para vivir, trabajar o estudiar en Canad\u00e1, debe presentar una solicitud para obtener una visa de trabajo, estudio o residencia y contar la documentaci\u00f3n adecuada antes de llegar a Canad\u00e1. Para mas informaci\u00f3n visita:\u00a0<a href=\"canada.ca\" title=\"canada.ca\" style=\"color: #000080;\"><strong>canada.ca<\/strong><\/a><a href=\"canada.ca\" title=\"canada.ca\" style=\"color: #000080;\">\u00a0<\/a>o consulta a un Asesor de Immigraci\u00f3n canadiense certificado.<\/span><\/p>\n<p>[\/et_pb_text][\/et_pb_column][\/et_pb_row][\/et_pb_section][et_pb_section fb_built=&#8221;1&#8243; admin_label=&#8221;Contact Info &#8221; _builder_version=&#8221;4.4.7&#8243; background_enable_color=&#8221;off&#8221; custom_padding=&#8221;6px||13px|||&#8221; locked=&#8221;off&#8221;][et_pb_row _builder_version=&#8221;4.4.7&#8243; custom_padding=&#8221;0px||1px|||&#8221;][et_pb_column type=&#8221;4_4&#8243; _builder_version=&#8221;4.4.7&#8243;][et_pb_text _builder_version=&#8221;4.4.7&#8243; text_font=&#8221;||||||||&#8221; text_line_height=&#8221;2em&#8221; header_font=&#8221;Faustina|600|||||||&#8221; header_text_align=&#8221;center&#8221; header_font_size=&#8221;37px&#8221; header_line_height=&#8221;1.3em&#8221; text_orientation=&#8221;center&#8221; custom_margin=&#8221;||1px|||&#8221; header_font_size_tablet=&#8221;50px&#8221; header_font_size_phone=&#8221;40px&#8221; header_font_size_last_edited=&#8221;on|phone&#8221; locked=&#8221;off&#8221;]<\/p>\n<h1>Tienda<\/h1>\n<p>[\/et_pb_text][et_pb_divider color=&#8221;#E02B20&#8243; divider_weight=&#8221;3px&#8221; _builder_version=&#8221;4.4.7&#8243; width=&#8221;6%&#8221; module_alignment=&#8221;center&#8221; custom_margin=&#8221;||4px|||&#8221;][\/et_pb_divider][et_pb_shop type=&#8221;product_category&#8221; include_categories=&#8221;22&#8243; columns_number=&#8221;1&#8243; _builder_version=&#8221;4.4.9&#8243; title_font=&#8221;||||||||&#8221; title_text_color=&#8221;#001c73&#8243; title_font_size=&#8221;22px&#8221; price_font=&#8221;|600|||||||&#8221; price_font_size=&#8221;15px&#8221; width=&#8221;26%&#8221; width_tablet=&#8221;88%&#8221; width_phone=&#8221;100%&#8221; width_last_edited=&#8221;on|tablet&#8221; module_alignment=&#8221;center&#8221; custom_padding=&#8221;||0px|||&#8221; module_alignment_tablet=&#8221;&#8221; module_alignment_phone=&#8221;center&#8221; module_alignment_last_edited=&#8221;on|phone&#8221; locked=&#8221;off&#8221;][\/et_pb_shop][\/et_pb_column][\/et_pb_row][\/et_pb_section]<\/p>\n","protected":false},"excerpt":{"rendered":"<p>Lorem ipsum dolor sit amet consectetur adipiscing elit etiam malesuada, felis congue nunc maecenas inceptos phasellus sociis ridiculus eu varius, turpis ante sagittis dignissim ultrices rutrum tempor volutpat. Mauris vestibulum montes ad euismod lobortis semper, augue ullamcorper dignissim hac fusce metus leo, placerat netus porttitor condimentum a. Mollis platea imperdiet interdum mi porttitor montes conubia [&hellip;]<\/p>\n","protected":false},"author":7,"featured_media":148,"parent":0,"menu_order":0,"comment_status":"closed","ping_status":"closed","template":"","meta":{"_et_pb_use_builder":"on","_et_pb_old_content":"","_et_gb_content_width":"","_joinchat":[],"footnotes":""},"class_list":["post-518","page","type-page","status-publish","has-post-thumbnail","hentry"],"_links":{"self":[{"href":"https:\/\/bosworthinstitute.com\/eng\/wp-json\/wp\/v2\/pages\/518","targetHints":{"allow":["GET"]}}],"collection":[{"href":"https:\/\/bosworthinstitute.com\/eng\/wp-json\/wp\/v2\/pages"}],"about":[{"href":"https:\/\/bosworthinstitute.com\/eng\/wp-json\/wp\/v2\/types\/page"}],"author":[{"embeddable":true,"href":"https:\/\/bosworthinstitute.com\/eng\/wp-json\/wp\/v2\/users\/7"}],"replies":[{"embeddable":true,"href":"https:\/\/bosworthinstitute.com\/eng\/wp-json\/wp\/v2\/comments?post=518"}],"version-history":[{"count":13,"href":"https:\/\/bosworthinstitute.com\/eng\/wp-json\/wp\/v2\/pages\/518\/revisions"}],"predecessor-version":[{"id":1397,"href":"https:\/\/bosworthinstitute.com\/eng\/wp-json\/wp\/v2\/pages\/518\/revisions\/1397"}],"wp:featuredmedia":[{"embeddable":true,"href":"https:\/\/bosworthinstitute.com\/eng\/wp-json\/wp\/v2\/media\/148"}],"wp:attachment":[{"href":"https:\/\/bosworthinstitute.com\/eng\/wp-json\/wp\/v2\/media?parent=518"}],"curies":[{"name":"wp","href":"https:\/\/api.w.org\/{rel}","templated":true}]}}