{"id":528,"date":"2020-06-26T22:33:50","date_gmt":"2020-06-26T22:33:50","guid":{"rendered":"http:\/\/bosworthinstitute.com\/?page_id=528"},"modified":"2020-09-08T04:14:46","modified_gmt":"2020-09-08T04:14:46","slug":"veterinaria","status":"publish","type":"page","link":"https:\/\/bosworthinstitute.com\/eng\/veterinaria\/","title":{"rendered":"Veterinaria"},"content":{"rendered":"<p>[et_pb_section fb_built=&#8221;1&#8243; fullwidth=&#8221;on&#8221; admin_label=&#8221;Header&#8221; _builder_version=&#8221;4.4.7&#8243; background_enable_image=&#8221;off&#8221; custom_padding=&#8221;0px|0|0px|0px|false|false&#8221; top_divider_color=&#8221;rgba(255,255,255,0.3)&#8221; top_divider_height=&#8221;100%&#8221; top_divider_repeat=&#8221;2x&#8221; bottom_divider_color=&#8221;rgba(255,255,255,0.33)&#8221; bottom_divider_height=&#8221;500px&#8221;][et_pb_fullwidth_header title=&#8221;Veterinaria&#8221; subhead=&#8221;Ejerce medicina veterinaria en Canada&#8221; text_orientation=&#8221;center&#8221; content_max_width=&#8221;70%&#8221; content_max_width_tablet=&#8221;100%&#8221; content_max_width_phone=&#8221;&#8221; content_max_width_last_edited=&#8221;on|phone&#8221; _builder_version=&#8221;4.4.7&#8243; title_font=&#8221;Faustina|500|||||||&#8221; title_text_color=&#8221;#FFFFFF&#8221; title_font_size=&#8221;60px&#8221; title_line_height=&#8221;1.5em&#8221; content_font=&#8221;||||||||&#8221; subhead_font=&#8221;Poppins|700||on|||||&#8221; subhead_text_color=&#8221;#FFFFFF&#8221; subhead_font_size=&#8221;16px&#8221; subhead_letter_spacing=&#8221;4px&#8221; subhead_line_height=&#8221;1.7em&#8221; background_enable_color=&#8221;off&#8221; use_background_color_gradient=&#8221;on&#8221; background_color_gradient_start=&#8221;rgba(0,0,0,0.64)&#8221; background_color_gradient_end=&#8221;rgba(0,0,0,0.71)&#8221; background_color_gradient_overlays_image=&#8221;on&#8221; background_image=&#8221;http:\/\/bosworthinstitute.com\/wp-content\/uploads\/2020\/06\/bosworth-institute-canada-toronto1-e1592935240466.jpg&#8221; background_position=&#8221;bottom_left&#8221; custom_button_one=&#8221;on&#8221; button_one_text_size=&#8221;14px&#8221; button_one_text_color=&#8221;#000000&#8243; button_one_bg_color=&#8221;#ffffff&#8221; button_one_border_width=&#8221;14px&#8221; button_one_border_color=&#8221;#ffffff&#8221; button_one_border_radius=&#8221;0px&#8221; button_one_letter_spacing=&#8221;4px&#8221; button_one_font=&#8221;Poppins|500||on|||||&#8221; background_layout=&#8221;light&#8221; custom_margin=&#8221;||||false&#8221; custom_padding=&#8221;0vw||0vw||true|false&#8221; title_font_size_tablet=&#8221;40px&#8221; title_font_size_phone=&#8221;53px&#8221; title_font_size_last_edited=&#8221;on|phone&#8221; subhead_letter_spacing_tablet=&#8221;&#8221; subhead_letter_spacing_phone=&#8221;0px&#8221; subhead_letter_spacing_last_edited=&#8221;on|phone&#8221; button_one_border_color_hover=&#8221;#ecd5c5&#8243; button_one_border_radius_hover=&#8221;0px&#8221; button_one_letter_spacing_hover=&#8221;4px&#8221; button_one_bg_color_hover=&#8221;#ecd5c5&#8243; button_one_text_size__hover_enabled=&#8221;off&#8221; button_two_text_size__hover_enabled=&#8221;off&#8221; button_one_text_color__hover_enabled=&#8221;off&#8221; button_two_text_color__hover_enabled=&#8221;off&#8221; button_one_border_width__hover_enabled=&#8221;off&#8221; button_two_border_width__hover_enabled=&#8221;off&#8221; button_one_border_color__hover_enabled=&#8221;on&#8221; button_one_border_color__hover=&#8221;#ecd5c5&#8243; button_two_border_color__hover_enabled=&#8221;off&#8221; button_one_border_radius__hover_enabled=&#8221;on&#8221; button_one_border_radius__hover=&#8221;0px&#8221; button_two_border_radius__hover_enabled=&#8221;off&#8221; button_one_letter_spacing__hover_enabled=&#8221;on&#8221; button_one_letter_spacing__hover=&#8221;4px&#8221; button_two_letter_spacing__hover_enabled=&#8221;off&#8221; button_one_bg_color__hover_enabled=&#8221;on&#8221; button_one_bg_color__hover=&#8221;#ecd5c5&#8243; button_two_bg_color__hover_enabled=&#8221;off&#8221;][\/et_pb_fullwidth_header][\/et_pb_section][et_pb_section fb_built=&#8221;1&#8243; _builder_version=&#8221;4.4.7&#8243; custom_padding=&#8221;31px||31px||true|&#8221;][et_pb_row column_structure=&#8221;1_2,1_2&#8243; disabled_on=&#8221;on|on|on&#8221; _builder_version=&#8221;4.4.7&#8243; custom_padding=&#8221;||55px|||&#8221; disabled=&#8221;on&#8221;][et_pb_column type=&#8221;1_2&#8243; _builder_version=&#8221;4.4.7&#8243;][et_pb_image src=&#8221;http:\/\/bosworthinstitute.com\/wp-content\/uploads\/2020\/06\/bosworth-institute-blog-ejercer-medicina-en-canada.jpg&#8221; title_text=&#8221;bosworth-institute-blog-ejercer-medicina-en-canada&#8221; align_tablet=&#8221;center&#8221; align_phone=&#8221;&#8221; align_last_edited=&#8221;on|desktop&#8221; _builder_version=&#8221;4.4.7&#8243; animation_style=&#8221;fade&#8221;][\/et_pb_image][\/et_pb_column][et_pb_column type=&#8221;1_2&#8243; _builder_version=&#8221;4.4.7&#8243;][et_pb_text _builder_version=&#8221;4.4.7&#8243; text_font=&#8221;||||||||&#8221; text_font_size=&#8221;16px&#8221; text_line_height=&#8221;1.8em&#8221; text_orientation=&#8221;justified&#8221; max_width=&#8221;550px&#8221;]<\/p>\n<p>Lorem ipsum dolor sit amet consectetur adipiscing elit etiam malesuada, felis congue nunc maecenas inceptos phasellus sociis ridiculus eu varius, turpis ante sagittis dignissim ultrices rutrum tempor volutpat. Mauris vestibulum montes ad euismod lobortis semper, augue ullamcorper dignissim hac fusce metus leo, placerat netus porttitor condimentum a. Mollis platea imperdiet interdum mi porttitor montes conubia mauris luctus, odio massa hendrerit ad natoque magna torquent mus sociosqu diam, vivamus commodo congue magnis tempor suscipit fusce iaculis.<\/p>\n<p>[\/et_pb_text][\/et_pb_column][\/et_pb_row][et_pb_row _builder_version=&#8221;4.4.7&#8243; custom_padding=&#8221;6px||14px|||&#8221;][et_pb_column type=&#8221;4_4&#8243; _builder_version=&#8221;4.4.7&#8243;][et_pb_text _builder_version=&#8221;4.6.1&#8243; text_font=&#8221;||||||||&#8221; text_font_size=&#8221;20px&#8221; text_line_height=&#8221;1.6em&#8221; background_enable_color=&#8221;off&#8221; text_orientation=&#8221;center&#8221; width=&#8221;81%&#8221; module_alignment=&#8221;center&#8221; custom_padding=&#8221;10px|5px|10px|5px|true|true&#8221; hover_enabled=&#8221;0&#8243; sticky_enabled=&#8221;0&#8243;]<\/p>\n<p style=\"text-align: center;\"><span style=\"color: #000080;\">Agendar una cita con\u00a0<strong>Bosworth Institute<\/strong>\u00a0te despejar\u00e1 todas las dudas posibles y te guiar\u00e1 de la mejor manera para llevar a cabo el objetivo de ejercer en Canad\u00e1.<\/span><\/p>\n<p>[\/et_pb_text][et_pb_image src=&#8221;http:\/\/bosworthinstitute.com\/wp-content\/uploads\/2020\/07\/veterinario-bosworth-carrera.png&#8221; title_text=&#8221;veterinario bosworth carrera&#8221; force_fullwidth=&#8221;on&#8221; disabled_on=&#8221;off|on|on&#8221; _builder_version=&#8221;4.4.7&#8243; min_height=&#8221;100px&#8221; custom_margin=&#8221;-17px||||false|false&#8221; custom_padding=&#8221;0px||||false|false&#8221;][\/et_pb_image][\/et_pb_column][\/et_pb_row][et_pb_row column_structure=&#8221;1_2,1_2&#8243; _builder_version=&#8221;4.4.7&#8243; custom_margin=&#8221;32px|auto||auto||&#8221; custom_padding=&#8221;3px|||||&#8221;][et_pb_column type=&#8221;1_2&#8243; _builder_version=&#8221;4.4.7&#8243;][et_pb_text _builder_version=&#8221;4.6.1&#8243; text_font=&#8221;||||||||&#8221; text_font_size=&#8221;16px&#8221; text_line_height=&#8221;1.8em&#8221; text_orientation=&#8221;justified&#8221; max_width=&#8221;550px&#8221; custom_padding=&#8221;||||false|false&#8221; hover_enabled=&#8221;0&#8243; sticky_enabled=&#8221;0&#8243; custom_margin=&#8221;-33px|||||&#8221;]<\/p>\n<p>La Asociaci\u00f3n Canadiense de Medicina Veterinaria (<strong>CVMA<\/strong>) es la organizaci\u00f3n nacional de veterinarios de Canad\u00e1. Un Veterinario graduado en el extranjero puede obtener la Licencia para ejercer a Canad\u00e1 despues de aprobar evaluaciones de documentaci\u00f3n, dominio del idioma ingl\u00e9s y los ex\u00e1menes de conocimientos escritos y cl\u00ednico-pr\u00e1cticos. Lo primero es saber si su universidad cuenta con acreditaci\u00f3n internacional. Para buscar su universidad haga click <a href=\"https:\/\/www.avma.org\/education\/ecfvg\/directory-avma-listed-veterinary-colleges-world\" title=\"directory vet school\"><strong><span style=\"text-decoration: underline;\">aqui<\/span><\/strong><\/a>\u00a0o puedes agendar una cita online con <strong>Bosworth Institute<\/strong>. El paso inicial es la obtenci\u00f3n de los documentos necesarios para registrarse como candidato elegible, estos incluyen el titulo universitario, cartas notariadas, referencias, etc.<\/p>\n<p><strong>Veterinarios Graduados de una universidad acreditada:<\/strong><\/p>\n<p>Un graduado de una escuela de veterinaria acreditada debe aprobar primero el examen llamado\u00a0<strong>NAVLE<\/strong> por sus siglas en ingl\u00e9s, (North American Veterinary Licensing Examination), una vez aprobado recibe\u00a0el\u00a0<strong>CQ<\/strong>\u00a0(<span>Certificate of Qualification). El CQ es necesario para poder acreditarse como Veterinario debidamente certificado ante cualquiera de las provincias en Canad\u00e1 donde se pretende vivir o se est\u00e1 viviendo.<\/span><\/p>\n<p>&nbsp;<\/p>\n<p>[\/et_pb_text][\/et_pb_column][et_pb_column type=&#8221;1_2&#8243; _builder_version=&#8221;4.4.7&#8243;][et_pb_image src=&#8221;http:\/\/bosworthinstitute.com\/wp-content\/uploads\/2020\/07\/veterinario-bosworth-carrera.png&#8221; title_text=&#8221;veterinario bosworth carrera&#8221; force_fullwidth=&#8221;on&#8221; disabled_on=&#8221;on|off|off&#8221; _builder_version=&#8221;4.4.7&#8243; min_height=&#8221;100px&#8221; custom_margin=&#8221;-17px||||false|false&#8221; custom_padding=&#8221;0px||||false|false&#8221;][\/et_pb_image][\/et_pb_column][\/et_pb_row][et_pb_row _builder_version=&#8221;4.6.1&#8243; _module_preset=&#8221;default&#8221;][et_pb_column _builder_version=&#8221;4.6.1&#8243; _module_preset=&#8221;default&#8221; type=&#8221;4_4&#8243;][et_pb_text _builder_version=&#8221;4.6.1&#8243; _module_preset=&#8221;default&#8221; text_font_size=&#8221;16px&#8221; text_line_height=&#8221;1.8em&#8221; hover_enabled=&#8221;0&#8243; sticky_enabled=&#8221;0&#8243; custom_margin=&#8221;-82px|||||&#8221; custom_padding=&#8221;0px|||||&#8221;]<\/p>\n<p><strong>Graduados de una universidad No acreditada:<\/strong><\/p>\n<p>Para aquellos que su universidad no se encuentra dentro de la lista de instituciones acreditadas, deber\u00e1n demostrar sus conocimientos en Veterinaria con tres ex\u00e1menes antes de recibir el CQ.<\/p>\n<p><span style=\"color: #000080;\">Para ambos grupos, es importante que de ser posible antes de venir a Canad\u00e1, reunan todos los documentos oficiales que prueben<\/span><br \/><span style=\"color: #000080;\">sus calificaciones, si alguno de ellos\u00a0no est\u00e1 en ingl\u00e9s o franc\u00e9s, debe obtener las traducciones necesarias y contar con la certificaci\u00f3n notariada. Estos procesos pueden ser mas costosos en Canad\u00e1 que en su pa\u00eds de origen, en ello radica la importancia de conocer todo esto antes de decidir immigrar a Canad\u00e1.<\/span><\/p>\n<p><span style=\"color: #000080;\">Vivir y trabajar en Canad\u00e1 como Veterinario puede ser muy diferente de lo que es en t\u00fa ubicaci\u00f3n actual.\u00a0Si requieres asesor\u00eda personalizada en espa\u00f1ol para conocer las mejores opciones para t\u00fa caso, no dudes en agendar una cita online con nosotros. En ella obtendr\u00e1s:<\/span><\/p>\n<ul>\n<li><span style=\"color: #000080;\">Dos horas\u00a0en tiempo real con nuestros especialistas asesores para darte las mejores recomendaciones y opciones para ti.<\/span><\/li>\n<li><span style=\"color: #000080;\">Cuales son los requisitos para registrarte como Veterinario en Canad\u00e1, cuanto tiempo lleva el proceso, cuanto cuesta, como realizarlo y que puedes comenzar desde donde te encuentras.<\/span><\/li>\n<li><span style=\"color: #000080;\">Tips y recursos para prepararte para el examen de conocimientos en ingl\u00e9s.<\/span><\/li>\n<li><span style=\"color: #000080;\">Opciones alternativas para Veterinarios graduados en el extranjero.<\/span><\/li>\n<li><span style=\"color: #000080;\">Usamos presentaciones, informaci\u00f3n y diagramas en espa\u00f1ol creados especialmente para este prop\u00f3sito.<\/span><\/li>\n<\/ul>\n<p>[\/et_pb_text][\/et_pb_column][\/et_pb_row][et_pb_row _builder_version=&#8221;4.6.1&#8243; _module_preset=&#8221;default&#8221;][et_pb_column _builder_version=&#8221;4.6.1&#8243; _module_preset=&#8221;default&#8221; type=&#8221;4_4&#8243;][et_pb_text _builder_version=&#8221;4.6.1&#8243; _module_preset=&#8221;default&#8221; hover_enabled=&#8221;0&#8243; sticky_enabled=&#8221;0&#8243; custom_margin=&#8221;-50px|||||&#8221;]<\/p>\n<h1 style=\"text-align: center;\"><span style=\"color: #3366ff;\">$ 78,000 dol\u00e1res al a\u00f1o es el salario de un Veterinario en Canad\u00e1.<\/span><\/h1>\n<p style=\"text-align: right;\"><span>*Fuente: <a href=\"https:\/\/www.payscale.com\/research\/CA\/Job=Veterinarian\/Salary\" title=\"payscale\">PayScale.com<\/a><\/span><\/p>\n<h1 style=\"text-align: center;\"><span><\/span><\/h1>\n<h1 style=\"text-align: center;\"><span><\/span><\/h1>\n<h1 style=\"text-align: center;\"><span>\u00a1SOLICITA UNA ASESORIA PERSONAL EN LINEA!<\/span><\/h1>\n<p>[\/et_pb_text][\/et_pb_column][\/et_pb_row][\/et_pb_section][et_pb_section fb_built=&#8221;1&#8243; admin_label=&#8221;Contact Info &#8221; _builder_version=&#8221;4.4.7&#8243; background_enable_color=&#8221;off&#8221; custom_padding=&#8221;6px||13px|||&#8221;][et_pb_row _builder_version=&#8221;4.4.7&#8243; custom_padding=&#8221;0px||1px|||&#8221;][et_pb_column type=&#8221;4_4&#8243; _builder_version=&#8221;4.4.7&#8243;][et_pb_text _builder_version=&#8221;4.4.7&#8243; text_font=&#8221;||||||||&#8221; text_line_height=&#8221;2em&#8221; header_font=&#8221;Faustina|600|||||||&#8221; header_text_align=&#8221;center&#8221; header_font_size=&#8221;37px&#8221; header_line_height=&#8221;1.3em&#8221; text_orientation=&#8221;center&#8221; custom_margin=&#8221;||1px|||&#8221; header_font_size_tablet=&#8221;50px&#8221; header_font_size_phone=&#8221;40px&#8221; header_font_size_last_edited=&#8221;on|phone&#8221; locked=&#8221;off&#8221;]<\/p>\n<h1>Tienda<\/h1>\n<p>[\/et_pb_text][et_pb_divider color=&#8221;#E02B20&#8243; divider_weight=&#8221;3px&#8221; _builder_version=&#8221;4.4.7&#8243; width=&#8221;6%&#8221; module_alignment=&#8221;center&#8221; custom_margin=&#8221;||4px|||&#8221;][\/et_pb_divider][et_pb_shop type=&#8221;product_category&#8221; include_categories=&#8221;22&#8243; columns_number=&#8221;1&#8243; _builder_version=&#8221;4.4.9&#8243; title_font=&#8221;||||||||&#8221; title_text_color=&#8221;#001c73&#8243; title_font_size=&#8221;22px&#8221; price_font=&#8221;|600|||||||&#8221; price_font_size=&#8221;15px&#8221; width=&#8221;26%&#8221; width_tablet=&#8221;88%&#8221; width_phone=&#8221;100%&#8221; width_last_edited=&#8221;on|tablet&#8221; module_alignment=&#8221;center&#8221; custom_padding=&#8221;||0px|||&#8221; module_alignment_tablet=&#8221;&#8221; module_alignment_phone=&#8221;center&#8221; module_alignment_last_edited=&#8221;on|phone&#8221; locked=&#8221;off&#8221;][\/et_pb_shop][\/et_pb_column][\/et_pb_row][\/et_pb_section]<\/p>\n","protected":false},"excerpt":{"rendered":"<p>Lorem ipsum dolor sit amet consectetur adipiscing elit etiam malesuada, felis congue nunc maecenas inceptos phasellus sociis ridiculus eu varius, turpis ante sagittis dignissim ultrices rutrum tempor volutpat. Mauris vestibulum montes ad euismod lobortis semper, augue ullamcorper dignissim hac fusce metus leo, placerat netus porttitor condimentum a. Mollis platea imperdiet interdum mi porttitor montes conubia [&hellip;]<\/p>\n","protected":false},"author":7,"featured_media":151,"parent":0,"menu_order":0,"comment_status":"closed","ping_status":"closed","template":"","meta":{"_et_pb_use_builder":"on","_et_pb_old_content":"","_et_gb_content_width":"","_joinchat":[],"footnotes":""},"class_list":["post-528","page","type-page","status-publish","has-post-thumbnail","hentry"],"_links":{"self":[{"href":"https:\/\/bosworthinstitute.com\/eng\/wp-json\/wp\/v2\/pages\/528","targetHints":{"allow":["GET"]}}],"collection":[{"href":"https:\/\/bosworthinstitute.com\/eng\/wp-json\/wp\/v2\/pages"}],"about":[{"href":"https:\/\/bosworthinstitute.com\/eng\/wp-json\/wp\/v2\/types\/page"}],"author":[{"embeddable":true,"href":"https:\/\/bosworthinstitute.com\/eng\/wp-json\/wp\/v2\/users\/7"}],"replies":[{"embeddable":true,"href":"https:\/\/bosworthinstitute.com\/eng\/wp-json\/wp\/v2\/comments?post=528"}],"version-history":[{"count":18,"href":"https:\/\/bosworthinstitute.com\/eng\/wp-json\/wp\/v2\/pages\/528\/revisions"}],"predecessor-version":[{"id":1424,"href":"https:\/\/bosworthinstitute.com\/eng\/wp-json\/wp\/v2\/pages\/528\/revisions\/1424"}],"wp:featuredmedia":[{"embeddable":true,"href":"https:\/\/bosworthinstitute.com\/eng\/wp-json\/wp\/v2\/media\/151"}],"wp:attachment":[{"href":"https:\/\/bosworthinstitute.com\/eng\/wp-json\/wp\/v2\/media?parent=528"}],"curies":[{"name":"wp","href":"https:\/\/api.w.org\/{rel}","templated":true}]}}