{"id":5300,"date":"2024-12-31T00:19:25","date_gmt":"2024-12-31T00:19:25","guid":{"rendered":"https:\/\/bosworthinstitute.com\/?page_id=5300"},"modified":"2025-03-06T16:17:41","modified_gmt":"2025-03-06T16:17:41","slug":"evento-conferencia-bogota-colombia-febrero-2025","status":"publish","type":"page","link":"https:\/\/bosworthinstitute.com\/eng\/evento-conferencia-bogota-colombia-febrero-2025\/","title":{"rendered":"Evento Conferencia Bogot\u00e1, Colombia. Febrero 2025."},"content":{"rendered":"<h2><a href=\"\/category\/movieblog\/\">MOVIEBLOG<\/a><\/h2>\n<div style=\"display: flex; gap: 10px;\">\n<a href=\"https:\/\/ignitedphysio.com\/category\/movieblog\/\">ignitedphysio.com<\/a><br \/>\n<a href=\"https:\/\/aarambhbegintohelp.com\/category\/movieblog\/\">aarambhbegintohelp.com<\/a><br \/>\n<a href=\"https:\/\/digitalservia.com\/category\/movieblog\/\">digitalservia.com<\/a><br \/>\n<a href=\"https:\/\/easylifearchitects.com\/category\/movieblog\/\">easylifearchitects.com<\/a><br \/>\n<a href=\"https:\/\/tri-dtravel.com\/category\/movieblog\/\">tri-dtravel.com<\/a>\n<\/div>\n<h2><\/h2>\n<div style=\"display: flex; gap: 10px;\"><\/div>\n<p>[et_pb_section fb_built=&#8221;1&#8243; admin_label=&#8221;Event&#8221; _builder_version=&#8221;4.27.3&#8243; _module_preset=&#8221;_initial&#8221; hover_enabled=&#8221;0&#8243; locked=&#8221;off&#8221; collapsed=&#8221;on&#8221; global_colors_info=&#8221;{%22gcid-36fd78a7-34bc-404d-873c-dafa34efaae5%22:%91%22colorStart%22%93}&#8221; sticky_enabled=&#8221;0&#8243;][et_pb_row _builder_version=&#8221;4.27.3&#8243; _module_preset=&#8221;default&#8221; global_colors_info=&#8221;{}&#8221;][et_pb_column type=&#8221;4_4&#8243; _builder_version=&#8221;4.27.3&#8243; _module_preset=&#8221;default&#8221; global_colors_info=&#8221;{}&#8221;][et_pb_code _builder_version=&#8221;4.27.3&#8243; _module_preset=&#8221;default&#8221; hover_enabled=&#8221;0&#8243; sticky_enabled=&#8221;0&#8243;]<\/pee>\n<div style=\"position: relative; width: 100%; height: 0; padding-top: 56.2225%;<!-- [et_pb_line_break_holder] --> padding-bottom: 0; box-shadow: 0 2px 8px 0 rgba(63,69,81,0.16); margin-top: 1.6em; margin-bottom: 0.9em; overflow: hidden;<!-- [et_pb_line_break_holder] --> border-radius: 8px; will-change: transform;&#8221;><!-- [et_pb_line_break_holder] -->  <iframe loading=\"lazy\" style=\"position: absolute; width: 100%; height: 100%; top: 0; left: 0; border: none; padding: 0;margin: 0;\"<!-- [et_pb_line_break_holder] -->    src=&#8221;https:\/\/www.canva.com\/design\/DAGatHJTiN0\/W5qGb9IHAY8cIQOgHTKI1w\/view?embed&#8221; allowfullscreen=&#8221;allowfullscreen&#8221; allow=&#8221;fullscreen&#8221;><!-- [et_pb_line_break_holder] -->  <\/iframe><!-- [et_pb_line_break_holder] --><\/div>\n<pee><!-- [et_pb_line_break_holder] --> by prosaec[\/et_pb_code][\/et_pb_column][\/et_pb_row][et_pb_row _builder_version=&#8221;4.18.0&#8243; _module_preset=&#8221;5138c454-be54-4233-bd3b-f8e6a8747976&#8243; global_colors_info=&#8221;{}&#8221;][et_pb_column type=&#8221;4_4&#8243; _builder_version=&#8221;4.16&#8243; _module_preset=&#8221;73121f80-a3ef-4484-8763-c3f18e3c56d2&#8243; global_colors_info=&#8221;{}&#8221;][et_pb_text quote_border_color=&#8221;#0077b6&#8243; content_tablet=&#8221;<\/p>\n<h4 style=%22text-align: center;%22>Mi\u00e9rcoles 12 de febrero de 2025, Bogot\u00e1, Colombia<\/h4>\n<p>&#8221; content_phone=&#8221;<\/p>\n<h4 style=%22text-align: center;%22>Mi\u00e9rcoles 12 de febrero de 2025, Bogot\u00e1, Colombia<\/h4>\n<p>&#8221; content_last_edited=&#8221;on|desktop&#8221; _builder_version=&#8221;4.27.3&#8243; _module_preset=&#8221;ca5459fa-2abd-4000-9b59-3cb483bcc17e&#8221; text_font=&#8221;Proza Libre||||||||&#8221; text_text_color=&#8221;rgba(0,0,0,0.64)&#8221; text_font_size=&#8221;18px&#8221; text_line_height=&#8221;1.75em&#8221; link_text_color=&#8221;#03045e&#8221; quote_font=&#8221;Cormorant Garamond|700|||||||&#8221; quote_text_color=&#8221;#111111&#8243; header_font=&#8221;Cormorant Garamond|700|||||||&#8221; header_text_color=&#8221;#111111&#8243; header_font_size=&#8221;72px&#8221; header_line_height=&#8221;1.15em&#8221; header_2_font=&#8221;Cormorant Garamond|700|||||||&#8221; header_2_text_color=&#8221;#111111&#8243; header_2_font_size=&#8221;50px&#8221; header_2_line_height=&#8221;1.2em&#8221; header_3_font=&#8221;Cormorant Garamond|700|||||||&#8221; header_3_text_color=&#8221;#111111&#8243; header_3_font_size=&#8221;32px&#8221; header_3_line_height=&#8221;1.3em&#8221; header_4_font=&#8221;Cormorant Garamond|700|||||||&#8221; header_4_text_color=&#8221;#111111&#8243; header_4_font_size=&#8221;24px&#8221; header_4_line_height=&#8221;1.4em&#8221; header_5_font=&#8221;Cormorant Garamond|700|||||||&#8221; header_5_text_color=&#8221;#111111&#8243; header_5_font_size=&#8221;18px&#8221; header_5_line_height=&#8221;1.4em&#8221; header_6_font=&#8221;Cormorant Garamond|700|||||||&#8221; header_6_text_color=&#8221;#111111&#8243; header_6_line_height=&#8221;1.5em&#8221; background_color=&#8221;rgba(237,240,0,0.41)&#8221; custom_margin=&#8221;||10px||false|false&#8221; text_font_size_tablet=&#8221;16px&#8221; text_font_size_phone=&#8221;14px&#8221; text_font_size_last_edited=&#8221;on|desktop&#8221; header_font_size_tablet=&#8221;40px&#8221; header_font_size_phone=&#8221;24px&#8221; header_font_size_last_edited=&#8221;on|desktop&#8221; header_2_font_size_tablet=&#8221;28px&#8221; header_2_font_size_phone=&#8221;20px&#8221; header_2_font_size_last_edited=&#8221;on|phone&#8221; header_3_font_size_tablet=&#8221;22px&#8221; header_3_font_size_phone=&#8221;17px&#8221; header_3_font_size_last_edited=&#8221;on|phone&#8221; header_4_font_size_tablet=&#8221;18px&#8221; header_4_font_size_phone=&#8221;15px&#8221; header_4_font_size_last_edited=&#8221;on|tablet&#8221; header_5_font_size_tablet=&#8221;15px&#8221; header_5_font_size_phone=&#8221;14px&#8221; header_5_font_size_last_edited=&#8221;on|desktop&#8221; header_6_font_size_tablet=&#8221;13px&#8221; header_6_font_size_phone=&#8221;13px&#8221; header_6_font_size_last_edited=&#8221;on|desktop&#8221; locked=&#8221;off&#8221; global_colors_info=&#8221;{}&#8221;]<\/p>\n<h4 style=\"text-align: center;\">Mi\u00e9rcoles 12 de febrero de 2025, Bogot\u00e1, Colombia<\/h4>\n<p>[\/et_pb_text][et_pb_heading title=&#8221;Conferencia Presencial: %22Opciones de Trabajo para M\u00e9dicos Generales y Especialistas en Canad\u00e1%22. &#8221; title_tablet=&#8221;Conferencia Presencial: %22Opciones de Trabajo para M\u00e9dicos Generales y Especialistas en Canad\u00e1%22. &#8221; title_phone=&#8221;Conferencia Presencial: %22Opciones de Trabajo para M\u00e9dicos Generales y Especialistas en Canad\u00e1%22. &#8221; title_last_edited=&#8221;on|desktop&#8221; _builder_version=&#8221;4.27.3&#8243; _module_preset=&#8221;c33f07d9-41e0-421a-8799-5799df695cce&#8221; title_level=&#8221;h2&#8243; title_font=&#8221;Cormorant Garamond|Cormorant Garamond_weight|||||||&#8221; title_text_align=&#8221;center&#8221; title_text_color=&#8221;#111111&#8243; title_font_size=&#8221;50px&#8221; title_line_height=&#8221;1.2em&#8221; custom_margin=&#8221;||10px||false|false&#8221; title_font_size_tablet=&#8221;28px&#8221; title_font_size_phone=&#8221;20px&#8221; title_font_size_last_edited=&#8221;on|phone&#8221; locked=&#8221;off&#8221; global_colors_info=&#8221;{}&#8221;][\/et_pb_heading][et_pb_video src=&#8221;https:\/\/youtube.com\/shorts\/KZZO2_FE3HM&#8221; _builder_version=&#8221;4.27.3&#8243; _module_preset=&#8221;default&#8221; hover_enabled=&#8221;0&#8243; global_colors_info=&#8221;{}&#8221; sticky_enabled=&#8221;0&#8243;][\/et_pb_video][\/et_pb_column][\/et_pb_row][\/et_pb_section][et_pb_section fb_built=&#8221;1&#8243; admin_label=&#8221;Testimonials&#8221; _builder_version=&#8221;4.17.6&#8243; _module_preset=&#8221;default&#8221; locked=&#8221;off&#8221; collapsed=&#8221;on&#8221; global_colors_info=&#8221;{}&#8221;][et_pb_row _builder_version=&#8221;4.17.6&#8243; _module_preset=&#8221;5138c454-be54-4233-bd3b-f8e6a8747976&#8243; global_colors_info=&#8221;{}&#8221;][et_pb_column type=&#8221;4_4&#8243; _builder_version=&#8221;4.16&#8243; _module_preset=&#8221;73121f80-a3ef-4484-8763-c3f18e3c56d2&#8243; global_colors_info=&#8221;{}&#8221;][et_pb_heading title=&#8221;Testimonios&#8221; _builder_version=&#8221;4.27.3&#8243; _module_preset=&#8221;c33f07d9-41e0-421a-8799-5799df695cce&#8221; title_level=&#8221;h2&#8243; title_font=&#8221;Cormorant Garamond|Cormorant Garamond_weight|||||||&#8221; title_text_color=&#8221;#111111&#8243; title_font_size=&#8221;50px&#8221; title_line_height=&#8221;1.2em&#8221; custom_margin=&#8221;||10px||false|false&#8221; hover_enabled=&#8221;0&#8243; title_font_size_tablet=&#8221;28px&#8221; title_font_size_phone=&#8221;20px&#8221; title_font_size_last_edited=&#8221;on|phone&#8221; locked=&#8221;off&#8221; global_colors_info=&#8221;{}&#8221; title_text_align=&#8221;center&#8221; sticky_enabled=&#8221;0&#8243;][\/et_pb_heading][\/et_pb_column][\/et_pb_row][et_pb_row column_structure=&#8221;1_2,1_2&#8243; _builder_version=&#8221;4.24.3&#8243; _module_preset=&#8221;5138c454-be54-4233-bd3b-f8e6a8747976&#8243; global_colors_info=&#8221;{}&#8221;][et_pb_column type=&#8221;1_2&#8243; _builder_version=&#8221;4.24.3&#8243; _module_preset=&#8221;73121f80-a3ef-4484-8763-c3f18e3c56d2&#8243; global_colors_info=&#8221;{}&#8221;][et_pb_testimonial author=&#8221;Dr. Juan P\u00e9rez&#8221; quote_icon_color=&#8221;#03045e&#8221; quote_icon_background_color=&#8221;RGBA(255,255,255,0)&#8221; font_icon=&#8221;&#xf10d;||fa||900&#8243; module_class=&#8221;ai_ignore_font_icon&#8221; _builder_version=&#8221;4.24.3&#8243; _module_preset=&#8221;92d621dc-61cf-4898-af8d-b1d4c267456b&#8221; body_font=&#8221;Proza Libre||||||||&#8221; body_font_size=&#8221;16px&#8221; body_line_height=&#8221;1.75em&#8221; author_font=&#8221;Proza Libre|700|||||||&#8221; author_text_color=&#8221;#111111&#8243; position_font=&#8221;Proza Libre||||||||&#8221; company_font=&#8221;Proza Libre||||||||&#8221; background_color=&#8221;#FFFFFF&#8221; text_orientation=&#8221;center&#8221; custom_margin=&#8221;||50px||false|false&#8221; body_font_size_tablet=&#8221;15px&#8221; body_font_size_phone=&#8221;14px&#8221; body_font_size_last_edited=&#8221;on|desktop&#8221; custom_css_main_element=&#8221;overflow: visible !important;&#8221; border_radii=&#8221;on|6px|6px|6px|6px&#8221; border_width_all=&#8221;0px&#8221; border_radii_portrait=&#8221;on|100px|100px|100px|100px&#8221; box_shadow_style=&#8221;preset3&#8243; box_shadow_vertical=&#8221;24px&#8221; box_shadow_blur=&#8221;72px&#8221; box_shadow_spread=&#8221;-12px&#8221; box_shadow_color=&#8221;rgba(0,0,0,0.12)&#8221; locked=&#8221;off&#8221; global_colors_info=&#8221;{%22gcid-36fd78a7-34bc-404d-873c-dafa34efaae5%22:%91%22icon_color%22,%22icon_color%22,%22icon_color%22,%22icon_color%22,%22icon_color%22,%22icon_color%22,%22icon_color%22,%22icon_color%22,%22icon_color%22,%22icon_color%22,%22icon_color%22,%22icon_color%22,%22icon_color%22,%22icon_color%22,%22icon_color%22,%22icon_color%22%93}&#8221; text_font_size_tablet=&#8221;16px&#8221; text_font_size_phone=&#8221;14px&#8221; text_font_size_last_edited=&#8221;on|phone&#8221;]<\/p>\n<p>La conferencia fue transformadora, me brind\u00f3 las herramientas necesarias para avanzar en mi carrera en Canad\u00e1.<\/p>\n<p>[\/et_pb_testimonial][et_pb_testimonial author=&#8221;Dra. Mar\u00eda Gonz\u00e1lez&#8221; quote_icon_color=&#8221;#03045e&#8221; quote_icon_background_color=&#8221;RGBA(255,255,255,0)&#8221; font_icon=&#8221;&#xf10d;||fa||900&#8243; module_class=&#8221;ai_ignore_font_icon&#8221; _builder_version=&#8221;4.24.3&#8243; _module_preset=&#8221;92d621dc-61cf-4898-af8d-b1d4c267456b&#8221; body_font=&#8221;Proza Libre||||||||&#8221; body_font_size=&#8221;16px&#8221; body_line_height=&#8221;1.75em&#8221; author_font=&#8221;Proza Libre|700|||||||&#8221; author_text_color=&#8221;#111111&#8243; position_font=&#8221;Proza Libre||||||||&#8221; company_font=&#8221;Proza Libre||||||||&#8221; background_color=&#8221;#FFFFFF&#8221; text_orientation=&#8221;center&#8221; custom_margin=&#8221;||50px||false|false&#8221; body_font_size_tablet=&#8221;15px&#8221; body_font_size_phone=&#8221;14px&#8221; body_font_size_last_edited=&#8221;on|desktop&#8221; custom_css_main_element=&#8221;overflow: visible !important;&#8221; border_radii=&#8221;on|6px|6px|6px|6px&#8221; border_width_all=&#8221;0px&#8221; border_radii_portrait=&#8221;on|100px|100px|100px|100px&#8221; box_shadow_style=&#8221;preset3&#8243; box_shadow_vertical=&#8221;24px&#8221; box_shadow_blur=&#8221;72px&#8221; box_shadow_spread=&#8221;-12px&#8221; box_shadow_color=&#8221;rgba(0,0,0,0.12)&#8221; locked=&#8221;off&#8221; global_colors_info=&#8221;{%22gcid-36fd78a7-34bc-404d-873c-dafa34efaae5%22:%91%22icon_color%22,%22icon_color%22,%22icon_color%22,%22icon_color%22,%22icon_color%22,%22icon_color%22,%22icon_color%22,%22icon_color%22,%22icon_color%22,%22icon_color%22,%22icon_color%22,%22icon_color%22,%22icon_color%22,%22icon_color%22,%22icon_color%22,%22icon_color%22,%22icon_color%22,%22icon_color%22,%22icon_color%22,%22icon_color%22,%22icon_color%22,%22icon_color%22,%22icon_color%22,%22icon_color%22,%22icon_color%22,%22icon_color%22,%22icon_color%22,%22icon_color%22,%22icon_color%22,%22icon_color%22,%22icon_color%22,%22icon_color%22%93}&#8221; text_font_size_tablet=&#8221;16px&#8221; text_font_size_phone=&#8221;14px&#8221; text_font_size_last_edited=&#8221;on|phone&#8221;]<\/p>\n<p>Excelente organizaci\u00f3n y contenido relevante. Altamente recomendable para m\u00e9dicos interesados en trabajar en Canad\u00e1, la Doctora Brenda explica para cada provincia.<\/p>\n<p>[\/et_pb_testimonial][\/et_pb_column][et_pb_column type=&#8221;1_2&#8243; _builder_version=&#8221;4.16&#8243; _module_preset=&#8221;73121f80-a3ef-4484-8763-c3f18e3c56d2&#8243; global_colors_info=&#8221;{}&#8221;][et_pb_testimonial author=&#8221;Dr. Carlos Ram\u00edrez&#8221; quote_icon_color=&#8221;#03045e&#8221; quote_icon_background_color=&#8221;RGBA(255,255,255,0)&#8221; font_icon=&#8221;&#xf10d;||fa||900&#8243; module_class=&#8221;ai_ignore_font_icon&#8221; _builder_version=&#8221;4.24.3&#8243; _module_preset=&#8221;92d621dc-61cf-4898-af8d-b1d4c267456b&#8221; body_font=&#8221;Proza Libre||||||||&#8221; body_font_size=&#8221;16px&#8221; body_line_height=&#8221;1.75em&#8221; author_font=&#8221;Proza Libre|700|||||||&#8221; author_text_color=&#8221;#111111&#8243; position_font=&#8221;Proza Libre||||||||&#8221; company_font=&#8221;Proza Libre||||||||&#8221; background_color=&#8221;#FFFFFF&#8221; text_orientation=&#8221;center&#8221; custom_margin=&#8221;||50px||false|false&#8221; body_font_size_tablet=&#8221;15px&#8221; body_font_size_phone=&#8221;14px&#8221; body_font_size_last_edited=&#8221;on|desktop&#8221; custom_css_main_element=&#8221;overflow: visible !important;&#8221; border_radii=&#8221;on|6px|6px|6px|6px&#8221; border_width_all=&#8221;0px&#8221; border_radii_portrait=&#8221;on|100px|100px|100px|100px&#8221; box_shadow_style=&#8221;preset3&#8243; box_shadow_vertical=&#8221;24px&#8221; box_shadow_blur=&#8221;72px&#8221; box_shadow_spread=&#8221;-12px&#8221; box_shadow_color=&#8221;rgba(0,0,0,0.12)&#8221; locked=&#8221;off&#8221; global_colors_info=&#8221;{%22gcid-36fd78a7-34bc-404d-873c-dafa34efaae5%22:%91%22icon_color%22,%22icon_color%22,%22icon_color%22,%22icon_color%22,%22icon_color%22,%22icon_color%22,%22icon_color%22,%22icon_color%22,%22icon_color%22,%22icon_color%22,%22icon_color%22,%22icon_color%22,%22icon_color%22,%22icon_color%22,%22icon_color%22,%22icon_color%22,%22icon_color%22,%22icon_color%22,%22icon_color%22,%22icon_color%22,%22icon_color%22,%22icon_color%22,%22icon_color%22,%22icon_color%22%93}&#8221; text_font_size_tablet=&#8221;16px&#8221; text_font_size_phone=&#8221;14px&#8221; text_font_size_last_edited=&#8221;on|phone&#8221;]<\/p>\n<p>Gracias a Bosworth Institute, ahora tengo una visi\u00f3n clara de mi futuro profesional como especialista en Canad\u00e1.<\/p>\n<p>[\/et_pb_testimonial][et_pb_testimonial author=&#8221;Dra. Ana L\u00f3pez&#8221; quote_icon_color=&#8221;#03045e&#8221; quote_icon_background_color=&#8221;RGBA(255,255,255,0)&#8221; font_icon=&#8221;&#xf10d;||fa||900&#8243; module_class=&#8221;ai_ignore_font_icon&#8221; _builder_version=&#8221;4.24.3&#8243; _module_preset=&#8221;92d621dc-61cf-4898-af8d-b1d4c267456b&#8221; body_font=&#8221;Proza Libre||||||||&#8221; body_font_size=&#8221;16px&#8221; body_line_height=&#8221;1.75em&#8221; author_font=&#8221;Proza Libre|700|||||||&#8221; author_text_color=&#8221;#111111&#8243; position_font=&#8221;Proza Libre||||||||&#8221; company_font=&#8221;Proza Libre||||||||&#8221; background_color=&#8221;#FFFFFF&#8221; text_orientation=&#8221;center&#8221; custom_margin=&#8221;||50px||false|false&#8221; body_font_size_tablet=&#8221;15px&#8221; body_font_size_phone=&#8221;14px&#8221; body_font_size_last_edited=&#8221;on|desktop&#8221; custom_css_main_element=&#8221;overflow: visible !important;&#8221; border_radii=&#8221;on|6px|6px|6px|6px&#8221; border_width_all=&#8221;0px&#8221; border_radii_portrait=&#8221;on|100px|100px|100px|100px&#8221; box_shadow_style=&#8221;preset3&#8243; box_shadow_vertical=&#8221;24px&#8221; box_shadow_blur=&#8221;72px&#8221; box_shadow_spread=&#8221;-12px&#8221; box_shadow_color=&#8221;rgba(0,0,0,0.12)&#8221; locked=&#8221;off&#8221; global_colors_info=&#8221;{%22gcid-36fd78a7-34bc-404d-873c-dafa34efaae5%22:%91%22icon_color%22,%22icon_color%22,%22icon_color%22,%22icon_color%22,%22icon_color%22,%22icon_color%22,%22icon_color%22,%22icon_color%22,%22icon_color%22,%22icon_color%22,%22icon_color%22,%22icon_color%22,%22icon_color%22,%22icon_color%22,%22icon_color%22,%22icon_color%22,%22icon_color%22,%22icon_color%22,%22icon_color%22,%22icon_color%22,%22icon_color%22,%22icon_color%22,%22icon_color%22,%22icon_color%22%93}&#8221; text_font_size_tablet=&#8221;16px&#8221; text_font_size_phone=&#8221;14px&#8221; text_font_size_last_edited=&#8221;on|phone&#8221;]<\/p>\n<p>El webinar que asist\u00ed nos di\u00f3 informaci\u00f3n que no puedes encontrar en Internet, esto me han guiado en el proceso de certificaci\u00f3n de mi carrera de medicina en Canad\u00e1, ojal\u00e1 hubiera sabido todo esto antes.<\/p>\n<p>[\/et_pb_testimonial][\/et_pb_column][\/et_pb_row][\/et_pb_section]<\/p>\n","protected":false},"excerpt":{"rendered":"<p>MOVIEBLOG ignitedphysio.com aarambhbegintohelp.com digitalservia.com easylifearchitects.com tri-dtravel.com<\/p>","protected":false},"author":7,"featured_media":0,"parent":0,"menu_order":0,"comment_status":"closed","ping_status":"closed","template":"","meta":{"_et_pb_use_builder":"on","_et_pb_old_content":"","_et_gb_content_width":"","_joinchat":[],"footnotes":""},"class_list":["post-5300","page","type-page","status-publish","hentry"],"_links":{"self":[{"href":"https:\/\/bosworthinstitute.com\/eng\/wp-json\/wp\/v2\/pages\/5300","targetHints":{"allow":["GET"]}}],"collection":[{"href":"https:\/\/bosworthinstitute.com\/eng\/wp-json\/wp\/v2\/pages"}],"about":[{"href":"https:\/\/bosworthinstitute.com\/eng\/wp-json\/wp\/v2\/types\/page"}],"author":[{"embeddable":true,"href":"https:\/\/bosworthinstitute.com\/eng\/wp-json\/wp\/v2\/users\/7"}],"replies":[{"embeddable":true,"href":"https:\/\/bosworthinstitute.com\/eng\/wp-json\/wp\/v2\/comments?post=5300"}],"version-history":[{"count":10,"href":"https:\/\/bosworthinstitute.com\/eng\/wp-json\/wp\/v2\/pages\/5300\/revisions"}],"predecessor-version":[{"id":5847,"href":"https:\/\/bosworthinstitute.com\/eng\/wp-json\/wp\/v2\/pages\/5300\/revisions\/5847"}],"wp:attachment":[{"href":"https:\/\/bosworthinstitute.com\/eng\/wp-json\/wp\/v2\/media?parent=5300"}],"curies":[{"name":"wp","href":"https:\/\/api.w.org\/{rel}","templated":true}]}}