{"id":93,"date":"2020-06-22T17:15:59","date_gmt":"2020-06-22T17:15:59","guid":{"rendered":"http:\/\/bosworthinstitute.com\/?page_id=93"},"modified":"2020-06-23T17:31:05","modified_gmt":"2020-06-23T17:31:05","slug":"politica-de-privacidad","status":"publish","type":"page","link":"https:\/\/bosworthinstitute.com\/eng\/politica-de-privacidad\/","title":{"rendered":"Pol\u00edtica de Privacidad"},"content":{"rendered":"<p>[et_pb_section fb_built=&#8221;1&#8243; fullwidth=&#8221;on&#8221; _builder_version=&#8221;4.4.7&#8243;][et_pb_fullwidth_post_title _builder_version=&#8221;4.4.7&#8243; hover_enabled=&#8221;0&#8243; meta=&#8221;off&#8221; featured_image=&#8221;off&#8221; title_text_align=&#8221;center&#8221; title_font_size=&#8221;33px&#8221; custom_padding=&#8221;27px|||||&#8221;][\/et_pb_fullwidth_post_title][\/et_pb_section][et_pb_section fb_built=&#8221;1&#8243; _builder_version=&#8221;4.4.7&#8243; custom_padding=&#8221;19px|||||&#8221;][et_pb_row _builder_version=&#8221;4.4.7&#8243;][et_pb_column type=&#8221;4_4&#8243; _builder_version=&#8221;4.4.7&#8243;][et_pb_text _builder_version=&#8221;4.4.7&#8243; hover_enabled=&#8221;0&#8243; text_font_size=&#8221;15px&#8221;]<\/p>\n<p>Profesionales de la salud emigrando a canad\u00e1 (\u201cnosotros\u201d, o \u201cnuestro\u201d) opera el sitio web http:\/\/bosworthinstitute.com\/ (el \u201cservicio\u201d).<\/p>\n<p>Esta p\u00e1gina le informa sobre nuestras pol\u00edticas con respecto a la recopilaci\u00f3n, el uso y la divulgaci\u00f3n de datos personales cuando utiliza nuestro servicio y las opciones que tiene asociadas con esos datos. Nuestra pol\u00edtica de privacidad para profesionales de la salud emigrando a canad\u00e1 se administra a trav\u00e9s de la pol\u00edtica de privacidad gratuita.<\/p>\n<p>Utilizamos sus datos para proporcionar y mejorar el servicio. Al utilizar el servicio, usted acepta la recopilaci\u00f3n y el uso de la informaci\u00f3n de acuerdo con esta pol\u00edtica. A menos que se defina lo contrario en esta pol\u00edtica de privacidad, los t\u00e9rminos utilizados en esta pol\u00edtica de privacidad tienen los mismos significados que en nuestros t\u00e9rminos y condiciones, a los que se puede acceder desde http:\/\/bosworthinstitute.com\/<\/p>\n<p>recopilaci\u00f3n y uso de informaci\u00f3n<\/p>\n<p>recopilamos diferentes tipos de informaci\u00f3n con diversos fines para brindarle y mejorar nuestro servicio.<\/p>\n<p>Tipos de datos recogidos<\/p>\n<p>informaci\u00f3n personal<\/p>\n<p>mientras usamos nuestro servicio, podemos pedirle que nos proporcione cierta informaci\u00f3n de identificaci\u00f3n personal que pueda usarse para contactarlo o identificarlo (\u201cdatos personales\u201d). Personalmente, la informaci\u00f3n identificable puede incluir, pero no se limita a<\/p>\n<p>direcci\u00f3n de correo electr\u00f3nico<\/p>\n<p>nombre y apellido<\/p>\n<p>cookies y datos de uso<\/p>\n<p>datos de uso<\/p>\n<p>tambi\u00e9n podemos recopilar informaci\u00f3n sobre c\u00f3mo se accede y se utiliza el servicio (\u201cdatos de uso\u201d). Estos datos de uso pueden incluir informaci\u00f3n como la direcci\u00f3n del protocolo de internet de su computadora (por ejemplo, la direcci\u00f3n ip), el tipo de navegador, la versi\u00f3n del navegador, las p\u00e1ginas de nuestro servicio que visita, la fecha y hora de su visita, el tiempo dedicado a esas p\u00e1ginas, informaci\u00f3n exclusiva. Identificadores de dispositivos y otros datos de diagn\u00f3stico.<\/p>\n<p>Seguimiento y datos de cookies<\/p>\n<p>utilizamos cookies y tecnolog\u00edas de seguimiento similares para rastrear la actividad en nuestro servicio y retener cierta informaci\u00f3n.<\/p>\n<p>Las cookies son archivos con una peque\u00f1a cantidad de datos que pueden incluir un identificador \u00fanico an\u00f3nimo. Las cookies se env\u00edan a su navegador desde un sitio web y se almacenan en su dispositivo. Las tecnolog\u00edas de seguimiento tambi\u00e9n se utilizan como balizas, etiquetas y scripts para recopilar y realizar un seguimiento de la informaci\u00f3n y para mejorar y analizar nuestro servicio.<\/p>\n<p>Puede indicar a su navegador que rechace todas las cookies o que indique cu\u00e1ndo se est\u00e1 enviando una cookie. Sin embargo, si no acepta las cookies, es posible que no pueda utilizar algunas partes de nuestro servicio.<\/p>\n<p>Ejemplos de cookies que utilizamos:<\/p>\n<p>cookies de sesi\u00f3n. Utilizamos cookies de sesi\u00f3n para operar nuestro servicio.<\/p>\n<p>Cookies de preferencia. Utilizamos cookies de preferencia para recordar sus preferencias y varias configuraciones.<\/p>\n<p>Cookies de seguridad. Utilizamos cookies de seguridad con fines de seguridad.<\/p>\n<p>Uso de datos<\/p>\n<p>profesionales de la salud emigrando a canad\u00e1 utiliza los datos recopilados para varios prop\u00f3sitos:<\/p>\n<p>proveer y mantener el servicio.<\/p>\n<p>Para notificarle sobre cambios en nuestro servicio.<\/p>\n<p>Para permitirle participar en las funciones interactivas de nuestro servicio cuando elija hacerlo<\/p>\n<p>brindar atenci\u00f3n y soporte al cliente.<\/p>\n<p>Proporcionar an\u00e1lisis o informaci\u00f3n valiosa para que podamos mejorar el servicio.<\/p>\n<p>Para controlar el uso del servicio.<\/p>\n<p>Detectar, prevenir y abordar problemas t\u00e9cnicos.<\/p>\n<p>Transferencia de datos<\/p>\n<p>su informaci\u00f3n, incluidos los datos personales, puede transferirse a, y mantenerse en, computadoras ubicadas fuera de su estado, provincia, pa\u00eds u otra jurisdicci\u00f3n gubernamental donde las leyes de protecci\u00f3n de datos pueden diferir de las de su jurisdicci\u00f3n.<\/p>\n<p>Si se encuentra fuera de canad\u00e1 y decide proporcionarnos informaci\u00f3n, tenga en cuenta que transferimos los datos, incluidos los datos personales, a canad\u00e1 y los procesamos all\u00ed.<\/p>\n<p>Su consentimiento a esta pol\u00edtica de privacidad seguido por el env\u00edo de dicha informaci\u00f3n representa su acuerdo a esa transferencia.<\/p>\n<p>Profesionales de la salud emigrando a canad\u00e1 tomar\u00e1 todas las medidas razonablemente necesarias para garantizar que sus datos se traten de manera segura y de acuerdo con esta pol\u00edtica de privacidad y no se transferir\u00e1n sus datos personales a una organizaci\u00f3n o pa\u00eds a menos que haya controles adecuados en lugar que incluye la seguridad de sus datos y otra informaci\u00f3n personal.<\/p>\n<p>Divulgaci\u00f3n de datos<\/p>\n<p>requerimientos legales<\/p>\n<p>los profesionales de la salud emigrando a canad\u00e1 pueden divulgar sus datos personales en la creencia de buena fe de que tal acci\u00f3n es necesaria para:<\/p>\n<p>cumplir con una obligaci\u00f3n legal.<\/p>\n<p>Para proteger y defender los derechos o propiedad de profesionales de la salud emigrando a canada<\/p>\n<p>para prevenir o investigar posibles irregularidades en relaci\u00f3n con el servicio<\/p>\n<p>para proteger la seguridad personal de los usuarios del servicio o del p\u00fablico.<\/p>\n<p>Proteger contra responsabilidad legal.<\/p>\n<p>Seguridad de los datos<\/p>\n<p>la seguridad de sus datos es importante para nosotros, pero recuerde que ning\u00fan m\u00e9todo de transmisi\u00f3n a trav\u00e9s de internet o de almacenamiento electr\u00f3nico es 100% seguro. Si bien nos esforzamos por utilizar medios comercialmente aceptables para proteger sus datos personales, no podemos garantizar su absoluta seguridad.<\/p>\n<p>Proveedores de servicio<\/p>\n<p>es posible que contratemos a terceros e individuos para facilitar nuestro servicio (\u201cproveedores de servicios\u201d), para proporcionar el servicio en nuestro nombre, para realizar servicios relacionados con el servicio o para ayudarnos a lograrlo. Analizando c\u00f3mo se utiliza nuestro servicio. Estos terceros tienen acceso a sus datos personales solo para realizar estas tareas en nuestro nombre y est\u00e1n obligados a no divulgarlos ni utilizarlos para ning\u00fan otro fin.<\/p>\n<p>An\u00e1lisis podemos utilizar proveedores de servicios de terceros para monitorear y analizar el uso de nuestro servicio. Google analytics google analytics es un servicio de an\u00e1lisis web ofrecido por google que rastrea e informa el tr\u00e1fico del sitio web. Google utiliza los datos recopilados para rastrear y monitorear el uso de nuestro servicio. Estos datos se comparten con otros servicios de google. Google puede utilizar los datos recopilados para contextualizar y personalizar los anuncios de su propia red de publicidad. Puede optar por dejar de hacer que su actividad en el servicio est\u00e9 disponible para google analytics mediante la instalaci\u00f3n del complemento de exclusi\u00f3n de google analytics.<\/p>\n<p>El complemento impide que google analytics javascript (ga.Js, analytics.Js y dc.Js) comparta informaci\u00f3n con google analytics sobre la actividad de las visitas. Para obtener m\u00e1s informaci\u00f3n sobre las pr\u00e1cticas de privacidad de google, visite la p\u00e1gina web de t\u00e9rminos y privacidad de google: https:\/\/policies.Google.Com\/privacy?Hl=en enlaces a otros sitios nuestro servicio puede contener enlaces a otros sitios que no est\u00e1n operado por nosotros. Si hace clic en el enlace de un tercero, se lo dirigir\u00e1 al sitio de ese tercero. Le recomendamos encarecidamente que revise la pol\u00edtica de privacidad de cada sitio que visite. No tenemos control ni asumimos responsabilidad alguna por el contenido, las pol\u00edticas de privacidad o las pr\u00e1cticas de los sitios o servicios de terceros. Privacidad de los ni\u00f1os nuestro servicio no se dirige a personas menores de 18 a\u00f1os (\u201cni\u00f1os\u201d). No recopilamos, a sabiendas, informaci\u00f3n de identificaci\u00f3n personal de ninguna persona menor de 18 a\u00f1os.<\/p>\n<p>Si usted es un padre o tutor y sabe que sus hijos nos han proporcionado datos personales, comun\u00edquese con nosotros. Si nos damos cuenta de que hemos recopilado datos personales de ni\u00f1os sin la verificaci\u00f3n del consentimiento de los padres, tomamos medidas para eliminar esa informaci\u00f3n de nuestros servidores. Cambios en esta pol\u00edtica de privacidad podemos actualizar nuestra pol\u00edtica de privacidad de vez en cuando. Le notificaremos cualquier cambio mediante la publicaci\u00f3n de la nueva pol\u00edtica de privacidad en esta p\u00e1gina. Le informaremos por correo electr\u00f3nico y \/ o un aviso destacado en nuestro servicio, antes de que el cambio entre en vigencia y actualizaremos la \u201cfecha de vigencia\u201d en la parte superior de esta pol\u00edtica de privacidad. Se recomienda revisar esta pol\u00edtica de privacidad peri\u00f3dicamente para detectar cualquier cambio. Los cambios a esta pol\u00edtica de privacidad son efectivos cuando se publican en esta p\u00e1gina.<\/p>\n<p>Cont\u00e1ctenos si tiene alguna pregunta sobre esta pol\u00edtica de privacidad, comun\u00edquese con nosotros: por correo electr\u00f3nico: info@bosworthinstitute.com<\/p>\n<p>&nbsp;<\/p>\n<p>[\/et_pb_text][\/et_pb_column][\/et_pb_row][\/et_pb_section]<\/p>\n","protected":false},"excerpt":{"rendered":"<p>Profesionales de la salud emigrando a canad\u00e1 (\u201cnosotros\u201d, o \u201cnuestro\u201d) opera el sitio web http:\/\/bosworthinstitute.com\/ (el \u201cservicio\u201d). Esta p\u00e1gina le informa sobre nuestras pol\u00edticas con respecto a la recopilaci\u00f3n, el uso y la divulgaci\u00f3n de datos personales cuando utiliza nuestro servicio y las opciones que tiene asociadas con esos datos. Nuestra pol\u00edtica de privacidad para [&hellip;]<\/p>\n","protected":false},"author":7,"featured_media":0,"parent":0,"menu_order":0,"comment_status":"closed","ping_status":"closed","template":"","meta":{"_et_pb_use_builder":"on","_et_pb_old_content":"","_et_gb_content_width":"","_joinchat":[],"footnotes":""},"class_list":["post-93","page","type-page","status-publish","hentry"],"_links":{"self":[{"href":"https:\/\/bosworthinstitute.com\/eng\/wp-json\/wp\/v2\/pages\/93","targetHints":{"allow":["GET"]}}],"collection":[{"href":"https:\/\/bosworthinstitute.com\/eng\/wp-json\/wp\/v2\/pages"}],"about":[{"href":"https:\/\/bosworthinstitute.com\/eng\/wp-json\/wp\/v2\/types\/page"}],"author":[{"embeddable":true,"href":"https:\/\/bosworthinstitute.com\/eng\/wp-json\/wp\/v2\/users\/7"}],"replies":[{"embeddable":true,"href":"https:\/\/bosworthinstitute.com\/eng\/wp-json\/wp\/v2\/comments?post=93"}],"version-history":[{"count":5,"href":"https:\/\/bosworthinstitute.com\/eng\/wp-json\/wp\/v2\/pages\/93\/revisions"}],"predecessor-version":[{"id":286,"href":"https:\/\/bosworthinstitute.com\/eng\/wp-json\/wp\/v2\/pages\/93\/revisions\/286"}],"wp:attachment":[{"href":"https:\/\/bosworthinstitute.com\/eng\/wp-json\/wp\/v2\/media?parent=93"}],"curies":[{"name":"wp","href":"https:\/\/api.w.org\/{rel}","templated":true}]}}